{"id":207,"date":"2026-02-10T12:43:15","date_gmt":"2026-02-10T12:43:15","guid":{"rendered":"https:\/\/serverartseven.com.br\/colegioaugustoruschi\/?page_id=207"},"modified":"2026-02-10T12:44:47","modified_gmt":"2026-02-10T12:44:47","slug":"politica-de-cookies","status":"publish","type":"page","link":"https:\/\/serverartseven.com.br\/colegioaugustoruschi\/politica-de-cookies\/","title":{"rendered":"POL\u00cdTICA DE COOKIES"},"content":{"rendered":"\t\t<div data-elementor-type=\"wp-page\" data-elementor-id=\"207\" class=\"elementor elementor-207\" data-elementor-post-type=\"page\">\n\t\t\t\t\t\t<section class=\"elementor-section elementor-top-section elementor-element elementor-element-7d343d5c elementor-section-boxed elementor-section-height-default elementor-section-height-default\" data-id=\"7d343d5c\" data-element_type=\"section\" data-e-type=\"section\">\n\t\t\t\t\t\t<div class=\"elementor-container elementor-column-gap-default\">\n\t\t\t\t\t<div class=\"elementor-column elementor-col-100 elementor-top-column elementor-element elementor-element-53c66e8d\" data-id=\"53c66e8d\" data-element_type=\"column\" data-e-type=\"column\">\n\t\t\t<div class=\"elementor-widget-wrap elementor-element-populated\">\n\t\t\t\t\t\t<div class=\"elementor-element elementor-element-31388fef elementor-widget elementor-widget-heading\" data-id=\"31388fef\" data-element_type=\"widget\" data-e-type=\"widget\" data-widget_type=\"heading.default\">\n\t\t\t\t\t<h2 class=\"elementor-heading-title elementor-size-default\">PROGRAMA DE ADEQUA\u00c7\u00c3O\nLEI GERAL DE PROTE\u00c7\u00c3O DE DADOS PESSOAIS\n<\/h2>\t\t\t\t<\/div>\n\t\t\t\t<div class=\"elementor-element elementor-element-f996d6c elementor-widget elementor-widget-heading\" data-id=\"f996d6c\" data-element_type=\"widget\" data-e-type=\"widget\" data-widget_type=\"heading.default\">\n\t\t\t\t\t<h2 class=\"elementor-heading-title elementor-size-default\">POL\u00cdTICA DE COOKIES\n<\/h2>\t\t\t\t<\/div>\n\t\t\t\t\t<\/div>\n\t\t<\/div>\n\t\t\t\t\t<\/div>\n\t\t<\/section>\n\t\t\t\t<section class=\"elementor-section elementor-top-section elementor-element elementor-element-332213cf elementor-section-boxed elementor-section-height-default elementor-section-height-default\" data-id=\"332213cf\" data-element_type=\"section\" data-e-type=\"section\">\n\t\t\t\t\t\t<div class=\"elementor-container elementor-column-gap-default\">\n\t\t\t\t\t<div class=\"elementor-column elementor-col-100 elementor-top-column elementor-element elementor-element-54b7595a\" data-id=\"54b7595a\" data-element_type=\"column\" data-e-type=\"column\">\n\t\t\t<div class=\"elementor-widget-wrap elementor-element-populated\">\n\t\t\t\t\t\t<div class=\"elementor-element elementor-element-8c459ad elementor-widget elementor-widget-text-editor\" data-id=\"8c459ad\" data-element_type=\"widget\" data-e-type=\"widget\" data-widget_type=\"text-editor.default\">\n\t\t\t\t\t\t\t\t\t<p>\u2981 INTRODU\u00c7\u00c3O<br \/>A presente Pol\u00edtica de Cookies \u00e9 parte integrante da nossa Pol\u00edtica de Privacidade. Para mais informa\u00e7\u00f5es sobre as nossas pr\u00e1ticas de privacidade e prote\u00e7\u00e3o de dados pessoais consulte a nossa <a href=\"https:\/\/serverartseven.com.br\/colegioaugustoruschi\/politicas-de-privacidade\">Pol\u00edtica de Privacidade<\/a>.<br \/>\u200b<br \/>A\u00a0Centro Educacional e Cultural C Gouveia LTDA\u00a0\u00e9 composto pela seguinte empresa denominada Col\u00e9gio Augusto Ruschi: inscrita no CNPJ N\u00ba 09.017.357\/0001-57 com sede na Alameda Yay\u00e1 976, Jardim Aida &#8211; CEP 07060-000, Guarulhos, SP- Brasil \u00e9 controladora dos dados que coleta e trata as informa\u00e7\u00f5es pessoais fornecidas por um visitante e\/ou usu\u00e1rio (&#8220;voc\u00ea&#8221;) nos sites do Col\u00e9gio Augusto Ruschi &#8220;https:\/\/www. colegioaugustoruschi.com.br\/&#8221;, no pa\u00eds do visitante e\/ou usu\u00e1rio, ou outra entidade do Col\u00e9gio Augusto Ruschi \u00e0 qual o visitante e\/ou usu\u00e1rio tenha acessado seu site.<br \/>\u200b<br \/>O site do Col\u00e9gio Augusto Ruschi usa cookies para melhorar seu desempenho, aprimorar a experi\u00eancia de navega\u00e7\u00e3o e, em certas \u00e1reas do site do Col\u00e9gio Augusto Ruschi, para que possamos oferecer uma experi\u00eancia de navega\u00e7\u00e3o personalizada, como para fins de fazer o reconhecimento do seu acesso, dirigir ofertas, veicular conte\u00fados de acordo com o seu interesse e melhorar nosso Site.<br \/>\u200b<br \/>Muitas informa\u00e7\u00f5es tratadas a partir da instala\u00e7\u00e3o de cookies s\u00e3o anonimizados, ou seja, n\u00e3o permitem que voc\u00ea seja identificado. Por\u00e9m, em alguns casos, a partir dos cookies ser\u00e3o tratados dados pessoais, os quais s\u00e3o considerados informa\u00e7\u00f5es relacionadas a uma pessoa natural identificada ou identific\u00e1vel, como, por exemplo, seu nome e suas informa\u00e7\u00f5es de contato.<br \/>\u200b<br \/>Assim, esta Pol\u00edtica de Cookies tem como objetivo explicar de maneira clara como os cookies ser\u00e3o utilizados e descrever pr\u00e1ticas que seguimos para respeitar a privacidade e prote\u00e7\u00e3o de dados de todos os visitantes e\/ou usu\u00e1rios do site do Col\u00e9gio Augusto Ruschi.<br \/>\u200b<br \/>Ao acessar o site da (Nome do cliente) pela primeira vez, voc\u00ea ser\u00e1 informado, por um aviso de texto (&#8220;banner&#8221;), sobre as pr\u00e1ticas relacionadas ao uso de cookies por meio do site da (Nome do Cliente). Pelo nosso painel de &#8220;Controle sua privacidade&#8221;, voc\u00ea poder\u00e1 gerir as suas prefer\u00eancias de cookies.<br \/>\u200b<br \/>Ao clicar em &#8220;Aceito&#8221;, voc\u00ea concorda expressamente com o armazenamento de cookies realizado conforme o campo \u201cMinhas Op\u00e7\u00f5es\u201d no seu dispositivo, que visam melhorar sua navega\u00e7\u00e3o no site da (nome do cliente), analisar sua utiliza\u00e7\u00e3o para eventualmente personalizar nossas ofertas e a\u00e7\u00f5es de marketing, conforme detalhado nesta Pol\u00edtica.<br \/>\u200b<br \/>A qualquer momento, voc\u00ea pode desabilitar os cookies, seguindo as instru\u00e7\u00f5es constantes nesta Pol\u00edtica ou as informa\u00e7\u00f5es constantes no campo destacado \u201cControle sua privacidade\u201d do seu \u201cGestor de Cookies\u201d.<br \/>\u200b<br \/>SE\u00c7\u00d5ES DESTA POL\u00cdTICA\u00a0\u2013 Para facilitar, acesse diretamente a se\u00e7\u00e3o de seu interesse, conforme seus objetivos de esclarecimentos. Recomendamos periodicamente a leitura cuidadosa e completa dessa Pol\u00edtica.<\/p><p>\u00a0<\/p><p><br \/>\u2981 O QUE S\u00c3O COOKIES?<br \/>Os &#8220;cookies&#8221; s\u00e3o considerados pequenos arquivos de texto com letras e n\u00fameros, que s\u00e3o instalados em um computador ou dispositivo m\u00f3vel do visitante e\/ou usu\u00e1rio que acessam um site. Alguns deles s\u00e3o essenciais para o funcionamento apropriado do site.\u200b<br \/>\u2981 PARA QUE SERVEM OS COOKIES E QUAIS TIPOS DE COOKIES S\u00c3O UTILIZADOS?<br \/>Os cookies servem para ajudar o Col\u00e9gio Augusto Ruschi a rastrear padr\u00f5es de tr\u00e1fego, para determinar a sua localiza\u00e7\u00e3o e o seu idioma preferido, a fim de que o Col\u00e9gio Augusto Ruschi possa direcion\u00e1-lo por exemplo, para a p\u00e1gina inicial do pa\u00eds correto, quando voc\u00ea visitar o site do Col\u00e9gio Augusto Ruschi. Esses cookies s\u00e3o definidos pelo Col\u00e9gio Augusto Ruschi e chamados de cookies prim\u00e1rios.<br \/>\u200b<br \/>Alguns cookies n\u00e3o cont\u00eam informa\u00e7\u00f5es que identifiquem ou possam identificar quem est\u00e1 apenas visitando o site do Col\u00e9gio Augusto Ruschi.<\/p><p>Em determinadas p\u00e1ginas do site do Col\u00e9gio Augusto Ruschi, os cookies s\u00e3o usados para nos ajudar a rastrear seus interesses enquanto voc\u00ea navega na Internet, com o intuito de personalizar an\u00fancios mais relevantes e entender o que \u00e9 importante para voc\u00ea.<br \/>\u200b<br \/>Tamb\u00e9m utilizamos cookies de terceiros para as nossas iniciativas de publicidade e marketing, com a finalidade de gerar melhor experi\u00eancia e direcionamento no interesse do seu perfil.<br \/>\u200b<br \/>Os cookies utilizados pelo site do Col\u00e9gio Augusto Ruschi, portanto, executam as seguintes fun\u00e7\u00f5es:<br \/>\u00a0<br \/>Cookies &#8211; Essenciais\/Necess\u00e1rios<br \/>\u00a0<br \/>Esses cookies s\u00e3o essenciais para o funcionamento do site do Col\u00e9gio Augusto Ruschi. Eles geralmente s\u00e3o definidos apenas em resposta a a\u00e7\u00f5es feitas por voc\u00ea, o que equivale a uma solicita\u00e7\u00e3o de servi\u00e7os, como definir suas prefer\u00eancias de privacidade, efetuar login ou preencher formul\u00e1rios. Esses cookies n\u00e3o o identificam. De qualquer forma, se preferir, voc\u00ea pode configurar seu navegador para bloque\u00e1-los ou alert\u00e1-lo sobre esses cookies. Contudo, isso pode afetar o funcionamento do site do Col\u00e9gio Augusto Ruschi ou de parte dele.<br \/>\u200b<br \/>Cookies de Desempenho<br \/>\u200b<br \/>Esses cookies nos ajudam a melhorar o desempenho e design do site do Col\u00e9gio Augusto Ruschi. Isso nos permite medir quantas vezes uma p\u00e1gina foi visitada, saber quais p\u00e1ginas s\u00e3o mais e menos populares e entender como os visitantes interagem pelo site. Esses cookies n\u00e3o identificam os visitantes, uma vez que todos os dados coletados s\u00e3o an\u00f4nimos. Se voc\u00ea n\u00e3o permitir esses cookies, n\u00e3o saberemos quando houve acesso ao site do Col\u00e9gio Augusto Ruschi.<\/p><p><br \/>\u200b<br \/>Cookies Funcionais<br \/>\u200b<br \/>Esses cookies nos ajudam a lembrar das configura\u00e7\u00f5es que voc\u00ea selecionou, proporcionando o fornecimento de funcionalidades e personaliza\u00e7\u00e3o aprimoradas. Eles podem ser definidos por n\u00f3s ou por provedores contratados pelo Col\u00e9gio Augusto Ruschi, cujos servi\u00e7os adicionamos \u00e0s nossas p\u00e1ginas. Se voc\u00ea n\u00e3o aceitar estes cookies, algumas ou todas essas funcionalidades podem n\u00e3o funcionar corretamente.<\/p><p>Cookies de Sess\u00e3o<\/p><p>Um cookie de sess\u00e3o ajuda o site a rastrear a sess\u00e3o de um usu\u00e1rio. Os cookies de sess\u00e3o s\u00e3o exclu\u00eddos ap\u00f3s o t\u00e9rmino da sess\u00e3o de um usu\u00e1rio \u2014 quando ele sai de sua conta em um site ou sai do site. Os cookies de sess\u00e3o n\u00e3o t\u00eam data de expira\u00e7\u00e3o, o que significa para o navegador que eles devem ser exclu\u00eddos uma vez que a sess\u00e3o tenha terminado.<br \/>\u200b<br \/>Cookies de Publicidade e Terceiros<br \/>\u200b<br \/>Estes cookies s\u00e3o definidos atrav\u00e9s do Site do Col\u00e9gio Augusto Ruschi pelos nossos parceiros de publicidade (terceiros). Eles podem ser usados por essas empresas para criar um perfil sobre os seus interesses e mostrar-lhe an\u00fancios relevantes em outros sites. Eles funcionam identificando exclusivamente seu navegador e dispositivo de internet. Se voc\u00ea n\u00e3o aceitar estes cookies, n\u00e3o experimentar\u00e1 nossa publicidade segmentada.<br \/>\u00a0<br \/>Esses cookies coletam informa\u00e7\u00f5es relacionadas \u00e0 origem da sua visita, onde voc\u00ea foi exposto \u00e0 publicidade do Col\u00e9gio Augusto Ruschi, que recurso de publicidade voc\u00ea viu, se voc\u00ea chegou direta ou indiretamente ao site do Col\u00e9gio Augusto Ruschi, o dispositivo usado para visitar o site do Col\u00e9gio Augusto Ruschi e quais downloads voc\u00ea realizou. Essas informa\u00e7\u00f5es s\u00e3o coletadas anonimamente por meio de fornecedores terceirizados.<br \/>\u200b<br \/>Al\u00e9m disso, tamb\u00e9m utilizamos cookies em determinadas p\u00e1ginas do site do Col\u00e9gio Augusto Ruschi para nos comunicarmos com prestadores de servi\u00e7os para expandir seu comportamento digital. Isso nos ajuda a entender e segmentar an\u00fancios mais relevantes no futuro. As informa\u00e7\u00f5es que recebemos s\u00e3o todas agregadas e an\u00f4nimas, mas incluem estat\u00edsticas como dados demogr\u00e1ficos, comportamento online, interesses de produtos e estilo de vida.<br \/>\u200b<br \/>Os cookies de publicidade e terceiros s\u00e3o fornecidos por prestadores de servi\u00e7os confi\u00e1veis e ser\u00e3o regidos pelas pol\u00edticas de privacidade e pelos termos de uso desses terceiros, de forma que o Col\u00e9gio Augusto Ruschi n\u00e3o pode controlar ou se responsabilizar pelas pr\u00e1ticas adotadas por tais terceiros.\u200b<br \/>\u2981 PARA QUAIS FINALIDADES O Col\u00e9gio Augusto Ruschi UTILIZA OS COOKIES?\u00a0<br \/>Usamos cookies e outras tecnologias de rastreamento para os seguintes fins:<br \/>\u200b<br \/>\u2981 Ajudar voc\u00ea na navega\u00e7\u00e3o;<br \/>\u2981 Auxiliar no registro de nossos eventos, login e sua capacidade de fornecer feedback;<br \/>\u2981 Analisar o uso por voc\u00ea de nossos produtos, servi\u00e7os ou aplicativos;<br \/>\u2981 Medir o uso do site do Col\u00e9gio Augusto Ruschi (estat\u00edsticas e player de v\u00eddeo);<br \/>\u2981 Facilitar o compartilhamento em redes sociais;<br \/>\u2981 Ajudar com nossos esfor\u00e7os promocionais e de marketing (incluindo publicidade comportamental) para fornecer conte\u00fado que seja mais relevante para voc\u00ea e seus interesses;<br \/>\u2981 Reduzir\/Impedir atividades fraudulentas;<br \/>\u2981 Aumentar a seguran\u00e7a na sua navega\u00e7\u00e3o. <br \/>\u2981 <br \/>\u2981 COMO VOC\u00ca PODE DESABILITAR OS COOKIES?\u00a0<br \/>A maioria dos navegadores de Internet s\u00e3o configurados por padr\u00e3o para aceitar automaticamente a instala\u00e7\u00e3o de cookies. Contudo, voc\u00ea tem a op\u00e7\u00e3o, se desejar, de aceitar todos os cookies ou optar por n\u00e3o permitir certos cookies. A qualquer momento, voc\u00ea pode controlar suas prefer\u00eancias com rela\u00e7\u00e3o aos cookies, pelos meios descritos abaixo:<br \/>\u200b<br \/>\u2981 Voc\u00ea pode configurar seu navegador para aceitar ou excluir cookies antes de eles serem instalados, conforme o caso;<br \/>\u2981 Voc\u00ea tamb\u00e9m pode remover manualmente os cookies do seu terminal atrav\u00e9s do seu navegador;<br \/>\u2981 Se voc\u00ea desabilitar os cookies que utilizamos no seu navegador, voc\u00ea n\u00e3o poder\u00e1 experimentar completamente algumas de nossas p\u00e1ginas ou utilizar alguns servi\u00e7os que exijam a coloca\u00e7\u00e3o de cookies, como, por exemplo, login autom\u00e1tico e outros recursos de personaliza\u00e7\u00e3o do site do Col\u00e9gio Augusto Ruschi;<br \/>\u2981 Caso voc\u00ea use dispositivos diferentes para visualizar e acessar o site do Col\u00e9gio Augusto Ruschi, como tablets, smartphones e computadores, deve assegurar-se de que cada navegador de cada dispositivo esteja ajustado para atender suas prefer\u00eancias quanto aos cookies;<br \/>\u2981 Para controlar o gerenciamento de cookies e escolhas, os meios de configura\u00e7\u00e3o de cada navegador s\u00e3o diferentes. Eles est\u00e3o descritos na se\u00e7\u00e3o &#8220;Ajuda&#8221; da maioria dos navegadores, a qual permitir\u00e1 que voc\u00ea saiba como alterar suas prefer\u00eancias de cookies.<\/p><p>Especialmente, em rela\u00e7\u00e3o aos cookies de medi\u00e7\u00e3o de p\u00fablico, voc\u00ea tamb\u00e9m pode desativ\u00e1-los da seguinte maneira: \u200b<\/p><p>\u2981 Se voc\u00ea estiver usando o Internet Explorer\u2122:<br \/>https:\/\/support.microsoft.com\/\u00a0<br \/>\u2981 Se voc\u00ea estiver usando o Safari\u2122:<br \/>http:\/\/support.apple.com\/<br \/>\u2981 Se voc\u00ea estiver usando o Google Chrome\u2122:<br \/>https:\/\/support.google.com\/<br \/>\u2981 Se Voc\u00ea estiver usando o Firefox\u2122:<br \/>https:\/\/support.mozilla.org\/<br \/>\u2981 Se Voc\u00ea estiver usando o Opera\u2122:<br \/>http:\/\/help.opera.com\/<br \/>\u2981 Para dom\u00ednio Col\u00e9gio Augusto Ruschi: Clicar na configura\u00e7\u00e3o de Cookies.<br \/>\u2981 Para mais informa\u00e7\u00f5es sobre a configura\u00e7\u00e3o de cookies, veja o site\u00a0http:\/\/www.aboutcookies.org\/.<br \/>\u2981 Se voc\u00ea estiver usando o &#8220;Google Analytics&#8221;, voc\u00ea pode fazer o download do m\u00f3dulo acess\u00edvel a partir do endere\u00e7o a seguir para desativar esses cookies:<br \/>https:\/\/tools.google.com\/<br \/>\u00a0<br \/>Informamos que essa lista n\u00e3o cont\u00e9m todos os navegadores, consulte as se\u00e7\u00f5es &#8220;Configura\u00e7\u00f5es&#8221; ou &#8220;Suporte&#8221; de seu navegador.\u200b<\/p><p><br \/>\u2981 POR QUANTO TEMPO N\u00d3S ARMAZENAMOS SEUS DADOS?\u00a0<br \/>O Col\u00e9gio Augusto Ruschi manter\u00e1 seus dados armazenados somente pelo tempo que for necess\u00e1rio para cumprir com as finalidades para as quais os coletamos. As configura\u00e7\u00f5es para desativa\u00e7\u00e3o dos cookies podem ser feitas conforme detalhado nesta Pol\u00edtica. Os dados ser\u00e3o eliminados com o t\u00e9rmino do tratamento, respeitadas as previs\u00f5es para manuten\u00e7\u00e3o e\/ou mediante sua anonimiza\u00e7\u00e3o.\u200b<br \/>\u2981 PROCEDIMENTOS DE ALTERA\u00c7\u00d5ES NA POL\u00cdTICA DE COOKIES<br \/>O Col\u00e9gio Augusto Ruschi pode alterar esta Pol\u00edtica de Cookies a qualquer momento conforme necess\u00e1rio. Se fizermos quaisquer altera\u00e7\u00f5es nesta Pol\u00edtica, indicaremos a data da \u00faltima atualiza\u00e7\u00e3o no in\u00edcio do documento. Todas as altera\u00e7\u00f5es ou modifica\u00e7\u00f5es entrar\u00e3o em vigor imediatamente ap\u00f3s a publica\u00e7\u00e3o da Pol\u00edtica de Cookies atualizada no site do Col\u00e9gio Augusto Ruschi.<br \/>\u200b<br \/>Para obter informa\u00e7\u00f5es mais recentes sobre nossas pr\u00e1ticas de privacidade e prote\u00e7\u00e3o de dados pessoais, recomendamos a todos os visitantes e\/ou usu\u00e1rios que revisem periodicamente esta Pol\u00edtica.<\/p><p>Se voc\u00ea tiver alguma d\u00favida sobre esta Pol\u00edtica de Cookies ou sobre nossas pr\u00e1ticas em rela\u00e7\u00e3o \u00e0 privacidade, entre em contato com o nosso Encarregado de Prote\u00e7\u00e3o de Dados do Grupo atrav\u00e9s do seguinte endere\u00e7o de e-mail: lgpd@colegioaugustoruschi.com.br.<br \/>\u2981 \u00daLTIMA ATUALIZA\u00c7\u00c3O E VERS\u00d5ES ANTERIORES<br \/>A \u00faltima atualiza\u00e7\u00e3o desta Pol\u00edtica de Cookies foi realizada em 23 de novembro de 2023.<\/p><p>\u00a0<\/p>\t\t\t\t\t\t\t\t<\/div>\n\t\t\t\t\t<\/div>\n\t\t<\/div>\n\t\t\t\t\t<\/div>\n\t\t<\/section>\n\t\t\t\t<\/div>\n\t\t","protected":false},"excerpt":{"rendered":"<p>PROGRAMA DE ADEQUA\u00c7\u00c3O LEI GERAL DE PROTE\u00c7\u00c3O DE DADOS PESSOAIS POL\u00cdTICA DE COOKIES \u2981 INTRODU\u00c7\u00c3OA presente Pol\u00edtica de Cookies \u00e9 [&hellip;]<\/p>\n","protected":false},"author":1,"featured_media":0,"parent":0,"menu_order":0,"comment_status":"closed","ping_status":"closed","template":"elementor_header_footer","meta":{"site-sidebar-layout":"no-sidebar","site-content-layout":"","ast-site-content-layout":"full-width-container","site-content-style":"default","site-sidebar-style":"default","ast-global-header-display":"","ast-banner-title-visibility":"","ast-main-header-display":"","ast-hfb-above-header-display":"","ast-hfb-below-header-display":"","ast-hfb-mobile-header-display":"","site-post-title":"","ast-breadcrumbs-content":"","ast-featured-img":"disabled","footer-sml-layout":"","ast-disable-related-posts":"","theme-transparent-header-meta":"","adv-header-id-meta":"","stick-header-meta":"","header-above-stick-meta":"","header-main-stick-meta":"","header-below-stick-meta":"","astra-migrate-meta-layouts":"default","ast-page-background-enabled":"default","ast-page-background-meta":{"desktop":{"background-color":"var(--ast-global-color-5)","background-image":"","background-repeat":"repeat","background-position":"center center","background-size":"auto","background-attachment":"scroll","background-type":"","background-media":"","overlay-type":"","overlay-color":"","overlay-opacity":"","overlay-gradient":""},"tablet":{"background-color":"","background-image":"","background-repeat":"repeat","background-position":"center center","background-size":"auto","background-attachment":"scroll","background-type":"","background-media":"","overlay-type":"","overlay-color":"","overlay-opacity":"","overlay-gradient":""},"mobile":{"background-color":"","background-image":"","background-repeat":"repeat","background-position":"center center","background-size":"auto","background-attachment":"scroll","background-type":"","background-media":"","overlay-type":"","overlay-color":"","overlay-opacity":"","overlay-gradient":""}},"ast-content-background-meta":{"desktop":{"background-color":"var(--ast-global-color-4)","background-image":"","background-repeat":"repeat","background-position":"center center","background-size":"auto","background-attachment":"scroll","background-type":"","background-media":"","overlay-type":"","overlay-color":"","overlay-opacity":"","overlay-gradient":""},"tablet":{"background-color":"var(--ast-global-color-4)","background-image":"","background-repeat":"repeat","background-position":"center center","background-size":"auto","background-attachment":"scroll","background-type":"","background-media":"","overlay-type":"","overlay-color":"","overlay-opacity":"","overlay-gradient":""},"mobile":{"background-color":"var(--ast-global-color-4)","background-image":"","background-repeat":"repeat","background-position":"center center","background-size":"auto","background-attachment":"scroll","background-type":"","background-media":"","overlay-type":"","overlay-color":"","overlay-opacity":"","overlay-gradient":""}},"footnotes":""},"class_list":["post-207","page","type-page","status-publish","hentry"],"_links":{"self":[{"href":"https:\/\/serverartseven.com.br\/colegioaugustoruschi\/wp-json\/wp\/v2\/pages\/207","targetHints":{"allow":["GET"]}}],"collection":[{"href":"https:\/\/serverartseven.com.br\/colegioaugustoruschi\/wp-json\/wp\/v2\/pages"}],"about":[{"href":"https:\/\/serverartseven.com.br\/colegioaugustoruschi\/wp-json\/wp\/v2\/types\/page"}],"author":[{"embeddable":true,"href":"https:\/\/serverartseven.com.br\/colegioaugustoruschi\/wp-json\/wp\/v2\/users\/1"}],"replies":[{"embeddable":true,"href":"https:\/\/serverartseven.com.br\/colegioaugustoruschi\/wp-json\/wp\/v2\/comments?post=207"}],"version-history":[{"count":10,"href":"https:\/\/serverartseven.com.br\/colegioaugustoruschi\/wp-json\/wp\/v2\/pages\/207\/revisions"}],"predecessor-version":[{"id":220,"href":"https:\/\/serverartseven.com.br\/colegioaugustoruschi\/wp-json\/wp\/v2\/pages\/207\/revisions\/220"}],"wp:attachment":[{"href":"https:\/\/serverartseven.com.br\/colegioaugustoruschi\/wp-json\/wp\/v2\/media?parent=207"}],"curies":[{"name":"wp","href":"https:\/\/api.w.org\/{rel}","templated":true}]}}