{"id":43,"date":"2026-02-10T05:17:57","date_gmt":"2026-02-10T05:17:57","guid":{"rendered":"https:\/\/serverartseven.com.br\/colegioaugustoruschi\/?page_id=43"},"modified":"2026-02-10T05:55:33","modified_gmt":"2026-02-10T05:55:33","slug":"nossa-historia","status":"publish","type":"page","link":"https:\/\/serverartseven.com.br\/colegioaugustoruschi\/nossa-historia\/","title":{"rendered":"Nossa Hist\u00f3ria"},"content":{"rendered":"\t\t<div data-elementor-type=\"wp-page\" data-elementor-id=\"43\" class=\"elementor elementor-43\" data-elementor-post-type=\"page\">\n\t\t\t\t\t\t<section class=\"elementor-section elementor-top-section elementor-element elementor-element-72bafe85 elementor-section-boxed elementor-section-height-default elementor-section-height-default\" data-id=\"72bafe85\" data-element_type=\"section\" data-e-type=\"section\">\n\t\t\t\t\t\t<div class=\"elementor-container elementor-column-gap-default\">\n\t\t\t\t\t<div class=\"elementor-column elementor-col-50 elementor-top-column elementor-element elementor-element-58c0a25d\" data-id=\"58c0a25d\" data-element_type=\"column\" data-e-type=\"column\">\n\t\t\t<div class=\"elementor-widget-wrap elementor-element-populated\">\n\t\t\t\t\t\t<div class=\"elementor-element elementor-element-4e3f954d elementor-widget elementor-widget-heading\" data-id=\"4e3f954d\" data-element_type=\"widget\" data-e-type=\"widget\" data-widget_type=\"heading.default\">\n\t\t\t\t\t<h2 class=\"elementor-heading-title elementor-size-default\">Conhe\u00e7a a <br>\nnossa hist\u00f3ria<\/h2>\t\t\t\t<\/div>\n\t\t\t\t<div class=\"elementor-element elementor-element-3373d670 elementor-widget elementor-widget-text-editor\" data-id=\"3373d670\" data-element_type=\"widget\" data-e-type=\"widget\" data-widget_type=\"text-editor.default\">\n\t\t\t\t\t\t\t\t\t<p><strong>A escola nasce a partir do desejo de continuar e ampliar um trabalho s\u00f3lido e sincero iniciado com a funda\u00e7\u00e3o da Escola Jardim Encantado, em 1966.<br \/><br \/><\/strong><span style=\"font-size: 16px;\">Frente \u00e0 necessidade de pensar um projeto inovador e um\u00a0espa\u00e7o onde\u00a0a educa\u00e7\u00e3o pudesse favorecer o conhecimento e autonomia, parceria e crescimento, reflex\u00e3o e intera\u00e7\u00e3o, em 1996, nos desafiamos ao novo: uma nova unidade, o Col\u00e9gio Augusto Ruschi.<\/span><\/p>\t\t\t\t\t\t\t\t<\/div>\n\t\t\t\t\t<\/div>\n\t\t<\/div>\n\t\t\t\t<div class=\"elementor-column elementor-col-50 elementor-top-column elementor-element elementor-element-200322b6\" data-id=\"200322b6\" data-element_type=\"column\" data-e-type=\"column\">\n\t\t\t<div class=\"elementor-widget-wrap elementor-element-populated\">\n\t\t\t\t\t\t<div class=\"elementor-element elementor-element-7f81bd6b elementor-widget elementor-widget-image\" data-id=\"7f81bd6b\" data-element_type=\"widget\" data-e-type=\"widget\" data-widget_type=\"image.default\">\n\t\t\t\t\t\t\t\t\t\t\t\t\t\t\t<img fetchpriority=\"high\" decoding=\"async\" width=\"716\" height=\"781\" src=\"https:\/\/serverartseven.com.br\/colegioaugustoruschi\/wp-content\/uploads\/2026\/02\/Group-36.png\" class=\"attachment-large size-large wp-image-15\" alt=\"\" srcset=\"https:\/\/serverartseven.com.br\/colegioaugustoruschi\/wp-content\/uploads\/2026\/02\/Group-36.png 716w, https:\/\/serverartseven.com.br\/colegioaugustoruschi\/wp-content\/uploads\/2026\/02\/Group-36-275x300.png 275w\" sizes=\"(max-width: 716px) 100vw, 716px\" \/>\t\t\t\t\t\t\t\t\t\t\t\t\t\t\t<\/div>\n\t\t\t\t\t<\/div>\n\t\t<\/div>\n\t\t\t\t\t<\/div>\n\t\t<\/section>\n\t\t\t\t<\/div>\n\t\t","protected":false},"excerpt":{"rendered":"<p>Conhe\u00e7a a nossa hist\u00f3ria A escola nasce a partir do desejo de continuar e ampliar um trabalho s\u00f3lido e sincero [&hellip;]<\/p>\n","protected":false},"author":1,"featured_media":0,"parent":0,"menu_order":0,"comment_status":"closed","ping_status":"closed","template":"elementor_header_footer","meta":{"site-sidebar-layout":"no-sidebar","site-content-layout":"","ast-site-content-layout":"full-width-container","site-content-style":"default","site-sidebar-style":"default","ast-global-header-display":"","ast-banner-title-visibility":"","ast-main-header-display":"","ast-hfb-above-header-display":"","ast-hfb-below-header-display":"","ast-hfb-mobile-header-display":"","site-post-title":"","ast-breadcrumbs-content":"","ast-featured-img":"disabled","footer-sml-layout":"","ast-disable-related-posts":"","theme-transparent-header-meta":"","adv-header-id-meta":"","stick-header-meta":"","header-above-stick-meta":"","header-main-stick-meta":"","header-below-stick-meta":"","astra-migrate-meta-layouts":"default","ast-page-background-enabled":"default","ast-page-background-meta":{"desktop":{"background-color":"var(--ast-global-color-5)","background-image":"","background-repeat":"repeat","background-position":"center center","background-size":"auto","background-attachment":"scroll","background-type":"","background-media":"","overlay-type":"","overlay-color":"","overlay-opacity":"","overlay-gradient":""},"tablet":{"background-color":"","background-image":"","background-repeat":"repeat","background-position":"center center","background-size":"auto","background-attachment":"scroll","background-type":"","background-media":"","overlay-type":"","overlay-color":"","overlay-opacity":"","overlay-gradient":""},"mobile":{"background-color":"","background-image":"","background-repeat":"repeat","background-position":"center center","background-size":"auto","background-attachment":"scroll","background-type":"","background-media":"","overlay-type":"","overlay-color":"","overlay-opacity":"","overlay-gradient":""}},"ast-content-background-meta":{"desktop":{"background-color":"var(--ast-global-color-4)","background-image":"","background-repeat":"repeat","background-position":"center center","background-size":"auto","background-attachment":"scroll","background-type":"","background-media":"","overlay-type":"","overlay-color":"","overlay-opacity":"","overlay-gradient":""},"tablet":{"background-color":"var(--ast-global-color-4)","background-image":"","background-repeat":"repeat","background-position":"center center","background-size":"auto","background-attachment":"scroll","background-type":"","background-media":"","overlay-type":"","overlay-color":"","overlay-opacity":"","overlay-gradient":""},"mobile":{"background-color":"var(--ast-global-color-4)","background-image":"","background-repeat":"repeat","background-position":"center center","background-size":"auto","background-attachment":"scroll","background-type":"","background-media":"","overlay-type":"","overlay-color":"","overlay-opacity":"","overlay-gradient":""}},"footnotes":""},"class_list":["post-43","page","type-page","status-publish","hentry"],"_links":{"self":[{"href":"https:\/\/serverartseven.com.br\/colegioaugustoruschi\/wp-json\/wp\/v2\/pages\/43","targetHints":{"allow":["GET"]}}],"collection":[{"href":"https:\/\/serverartseven.com.br\/colegioaugustoruschi\/wp-json\/wp\/v2\/pages"}],"about":[{"href":"https:\/\/serverartseven.com.br\/colegioaugustoruschi\/wp-json\/wp\/v2\/types\/page"}],"author":[{"embeddable":true,"href":"https:\/\/serverartseven.com.br\/colegioaugustoruschi\/wp-json\/wp\/v2\/users\/1"}],"replies":[{"embeddable":true,"href":"https:\/\/serverartseven.com.br\/colegioaugustoruschi\/wp-json\/wp\/v2\/comments?post=43"}],"version-history":[{"count":7,"href":"https:\/\/serverartseven.com.br\/colegioaugustoruschi\/wp-json\/wp\/v2\/pages\/43\/revisions"}],"predecessor-version":[{"id":105,"href":"https:\/\/serverartseven.com.br\/colegioaugustoruschi\/wp-json\/wp\/v2\/pages\/43\/revisions\/105"}],"wp:attachment":[{"href":"https:\/\/serverartseven.com.br\/colegioaugustoruschi\/wp-json\/wp\/v2\/media?parent=43"}],"curies":[{"name":"wp","href":"https:\/\/api.w.org\/{rel}","templated":true}]}}