{"id":51,"date":"2026-02-10T05:18:44","date_gmt":"2026-02-10T05:18:44","guid":{"rendered":"https:\/\/serverartseven.com.br\/colegioaugustoruschi\/?page_id=51"},"modified":"2026-02-10T12:47:55","modified_gmt":"2026-02-10T12:47:55","slug":"depoimentos","status":"publish","type":"page","link":"https:\/\/serverartseven.com.br\/colegioaugustoruschi\/depoimentos\/","title":{"rendered":"Depoimentos"},"content":{"rendered":"\t\t<div data-elementor-type=\"wp-page\" data-elementor-id=\"51\" class=\"elementor elementor-51\" data-elementor-post-type=\"page\">\n\t\t\t\t\t\t<section class=\"elementor-section elementor-top-section elementor-element elementor-element-26483bcd elementor-section-boxed elementor-section-height-default elementor-section-height-default\" data-id=\"26483bcd\" data-element_type=\"section\" data-e-type=\"section\" data-settings=\"{&quot;background_background&quot;:&quot;classic&quot;}\">\n\t\t\t\t\t\t<div class=\"elementor-container elementor-column-gap-default\">\n\t\t\t\t\t<div class=\"elementor-column elementor-col-33 elementor-top-column elementor-element elementor-element-2b1e1036\" data-id=\"2b1e1036\" data-element_type=\"column\" data-e-type=\"column\">\n\t\t\t<div class=\"elementor-widget-wrap elementor-element-populated\">\n\t\t\t\t\t\t<div class=\"elementor-element elementor-element-1942d3a4 elementor-widget elementor-widget-heading\" data-id=\"1942d3a4\" data-element_type=\"widget\" data-e-type=\"widget\" data-widget_type=\"heading.default\">\n\t\t\t\t\t<h2 class=\"elementor-heading-title elementor-size-default\">Depoimentos<\/h2>\t\t\t\t<\/div>\n\t\t\t\t<div class=\"elementor-element elementor-element-543407d4 elementor-widget elementor-widget-heading\" data-id=\"543407d4\" data-element_type=\"widget\" data-e-type=\"widget\" data-widget_type=\"heading.default\">\n\t\t\t\t\t<h2 class=\"elementor-heading-title elementor-size-default\">O que dizem<br> sobre n\u00f3s:<\/h2>\t\t\t\t<\/div>\n\t\t\t\t<div class=\"elementor-element elementor-element-2fe07355 elementor-widget elementor-widget-text-editor\" data-id=\"2fe07355\" data-element_type=\"widget\" data-e-type=\"widget\" data-widget_type=\"text-editor.default\">\n\t\t\t\t\t\t\t\t\t<p>Esses relatos n\u00e3o apenas refletem a qualidade do ensino que oferecemos, mas tamb\u00e9m ilustram o impacto positivo que o Col\u00e9gio Augusto Ruschi tem na vida de nossos alunos e em suas trajet\u00f3rias de sucesso.<\/p>\t\t\t\t\t\t\t\t<\/div>\n\t\t\t\t\t<\/div>\n\t\t<\/div>\n\t\t\t\t<div class=\"elementor-column elementor-col-66 elementor-top-column elementor-element elementor-element-2e08fee8\" data-id=\"2e08fee8\" data-element_type=\"column\" data-e-type=\"column\" data-settings=\"{&quot;background_background&quot;:&quot;classic&quot;}\">\n\t\t\t<div class=\"elementor-widget-wrap elementor-element-populated\">\n\t\t\t\t\t\t<div class=\"elementor-element elementor-element-5b1da4f4 elementor-arrows-position-outside elementor-pagination-position-outside elementor-widget elementor-widget-image-carousel\" data-id=\"5b1da4f4\" data-element_type=\"widget\" data-e-type=\"widget\" data-settings=\"{&quot;slides_to_show&quot;:&quot;1&quot;,&quot;navigation&quot;:&quot;both&quot;,&quot;autoplay&quot;:&quot;yes&quot;,&quot;pause_on_hover&quot;:&quot;yes&quot;,&quot;pause_on_interaction&quot;:&quot;yes&quot;,&quot;autoplay_speed&quot;:5000,&quot;infinite&quot;:&quot;yes&quot;,&quot;effect&quot;:&quot;slide&quot;,&quot;speed&quot;:500}\" data-widget_type=\"image-carousel.default\">\n\t\t\t\t\t\t\t<div class=\"elementor-image-carousel-wrapper swiper\" role=\"region\" aria-roledescription=\"carousel\" aria-label=\"Carrossel de imagens\" dir=\"ltr\">\n\t\t\t<div class=\"elementor-image-carousel swiper-wrapper\" aria-live=\"off\">\n\t\t\t\t\t\t\t\t<div class=\"swiper-slide\" role=\"group\" aria-roledescription=\"slide\" aria-label=\"1 de 3\"><figure class=\"swiper-slide-inner\"><img decoding=\"async\" class=\"swiper-slide-image\" src=\"https:\/\/serverartseven.com.br\/colegioaugustoruschi\/wp-content\/uploads\/2026\/02\/slide1.png\" alt=\"slide1.png\" \/><\/figure><\/div><div class=\"swiper-slide\" role=\"group\" aria-roledescription=\"slide\" aria-label=\"2 de 3\"><figure class=\"swiper-slide-inner\"><img decoding=\"async\" class=\"swiper-slide-image\" src=\"https:\/\/serverartseven.com.br\/colegioaugustoruschi\/wp-content\/uploads\/2026\/02\/slide2.png\" alt=\"slide2.png\" \/><\/figure><\/div><div class=\"swiper-slide\" role=\"group\" aria-roledescription=\"slide\" aria-label=\"3 de 3\"><figure class=\"swiper-slide-inner\"><img decoding=\"async\" class=\"swiper-slide-image\" src=\"https:\/\/serverartseven.com.br\/colegioaugustoruschi\/wp-content\/uploads\/2026\/02\/slide3.png\" alt=\"slide3.png\" \/><\/figure><\/div>\t\t\t<\/div>\n\t\t\t\t\t\t\t\t\t\t\t\t<div class=\"elementor-swiper-button elementor-swiper-button-prev\" role=\"button\" tabindex=\"0\">\n\t\t\t\t\t\t<svg aria-hidden=\"true\" class=\"e-font-icon-svg e-eicon-chevron-left\" viewBox=\"0 0 1000 1000\" xmlns=\"http:\/\/www.w3.org\/2000\/svg\"><path d=\"M646 125C629 125 613 133 604 142L308 442C296 454 292 471 292 487 292 504 296 521 308 533L604 854C617 867 629 875 646 875 663 875 679 871 692 858 704 846 713 829 713 812 713 796 708 779 692 767L438 487 692 225C700 217 708 204 708 187 708 171 704 154 692 142 675 129 663 125 646 125Z\"><\/path><\/svg>\t\t\t\t\t<\/div>\n\t\t\t\t\t<div class=\"elementor-swiper-button elementor-swiper-button-next\" role=\"button\" tabindex=\"0\">\n\t\t\t\t\t\t<svg aria-hidden=\"true\" class=\"e-font-icon-svg e-eicon-chevron-right\" viewBox=\"0 0 1000 1000\" xmlns=\"http:\/\/www.w3.org\/2000\/svg\"><path d=\"M696 533C708 521 713 504 713 487 713 471 708 454 696 446L400 146C388 133 375 125 354 125 338 125 325 129 313 142 300 154 292 171 292 187 292 204 296 221 308 233L563 492 304 771C292 783 288 800 288 817 288 833 296 850 308 863 321 871 338 875 354 875 371 875 388 867 400 854L696 533Z\"><\/path><\/svg>\t\t\t\t\t<\/div>\n\t\t\t\t\n\t\t\t\t\t\t\t\t\t<div class=\"swiper-pagination\"><\/div>\n\t\t\t\t\t\t\t\t\t<\/div>\n\t\t\t\t\t\t<\/div>\n\t\t\t\t\t<\/div>\n\t\t<\/div>\n\t\t\t\t\t<\/div>\n\t\t<\/section>\n\t\t\t\t<section class=\"elementor-section elementor-top-section elementor-element elementor-element-153f4127 elementor-section-boxed elementor-section-height-default elementor-section-height-default\" data-id=\"153f4127\" data-element_type=\"section\" data-e-type=\"section\">\n\t\t\t\t\t\t<div class=\"elementor-container elementor-column-gap-default\">\n\t\t\t\t\t<div class=\"elementor-column elementor-col-100 elementor-top-column elementor-element elementor-element-6d83c49\" data-id=\"6d83c49\" data-element_type=\"column\" data-e-type=\"column\">\n\t\t\t<div class=\"elementor-widget-wrap elementor-element-populated\">\n\t\t\t\t\t\t<div class=\"elementor-element elementor-element-4c02510c elementor-widget elementor-widget-image\" data-id=\"4c02510c\" data-element_type=\"widget\" data-e-type=\"widget\" data-widget_type=\"image.default\">\n\t\t\t\t\t\t\t\t\t\t\t\t\t\t\t<img decoding=\"async\" width=\"133\" height=\"52\" src=\"https:\/\/serverartseven.com.br\/colegioaugustoruschi\/wp-content\/uploads\/2026\/02\/glassdor.png\" class=\"attachment-large size-large wp-image-229\" alt=\"\" \/>\t\t\t\t\t\t\t\t\t\t\t\t\t\t\t<\/div>\n\t\t\t\t<div class=\"elementor-element elementor-element-61016e8f elementor-widget elementor-widget-html\" data-id=\"61016e8f\" data-element_type=\"widget\" data-e-type=\"widget\" data-widget_type=\"html.default\">\n\t\t\t\t\t<!DOCTYPE html>\r\n<html lang=\"pt-BR\">\r\n<head>\r\n  <meta charset=\"UTF-8\">\r\n  \r\n\r\n  <style>\r\n   \r\n\r\n    .depoimentos h2 {\r\n      text-align: center;\r\n      margin-bottom: 30px;\r\n      color: #333;\r\n    }\r\n\r\n    .grid {\r\n      display: grid;\r\n      grid-template-columns: repeat(auto-fit, minmax(250px, 1fr));\r\n      gap: 20px;\r\n    }\r\n\r\n    .card {\r\n      background: #ffffff;\r\n      padding: 30px 25px;\r\n      border-radius: 12px;\r\n      box-shadow: 0 8px 20px rgba(0, 0, 0, 0.08);\r\n      transition: transform 0.3s ease, box-shadow 0.3s ease;\r\n      text-align: center;\r\n    }\r\n\r\n    .card:hover {\r\n      transform: translateY(-5px);\r\n      box-shadow: 0 12px 25px rgba(0, 0, 0, 0.12);\r\n    }\r\n\r\n    \/* AVATAR USU\u00c1RIO *\/\r\n    .avatar {\r\n      width: 56px;\r\n      height: 56px;\r\n      margin: 0 auto 15px;\r\n      border-radius: 50%;\r\n      background: #e9eef3;\r\n      position: relative;\r\n    }\r\n\r\n    \/* cabe\u00e7a *\/\r\n    .avatar::before {\r\n      content: \"\";\r\n      width: 18px;\r\n      height: 18px;\r\n      background: #8a94a6;\r\n      border-radius: 50%;\r\n      position: absolute;\r\n      top: 12px;\r\n      left: 50%;\r\n      transform: translateX(-50%);\r\n    }\r\n\r\n    \/* corpo *\/\r\n    .avatar::after {\r\n      content: \"\";\r\n      width: 28px;\r\n      height: 14px;\r\n      background: #8a94a6;\r\n      border-radius: 14px 14px 6px 6px;\r\n      position: absolute;\r\n      bottom: 10px;\r\n      left: 50%;\r\n      transform: translateX(-50%);\r\n    }\r\n\r\n    .card p {\r\n      color: #555;\r\n      font-size: 15px;\r\n      line-height: 1.5;\r\n    }\r\n  <\/style>\r\n<\/head>\r\n\r\n<body>\r\n\r\n  <section class=\"depoimentos\">\r\n    <h2>O que dizem sobre a empresa<\/h2>\r\n\r\n    <div class=\"grid\">\r\n      <div class=\"card\">\r\n        <div class=\"avatar\"><\/div>\r\n        <p>\u201cBoa equipe de coordena\u00e7\u00e3o e de docentes.\u201d<\/p>\r\n      <\/div>\r\n\r\n      <div class=\"card\">\r\n        <div class=\"avatar\"><\/div>\r\n        <p>\u201cO col\u00e9gio possui \u00e1reas abertas.\u201d<\/p>\r\n      <\/div>\r\n\r\n      <div class=\"card\">\r\n        <div class=\"avatar\"><\/div>\r\n        <p>\u201cSal\u00e1rio bom, benef\u00edcios, horas extras e possibilidade de crescimento.\u201d<\/p>\r\n      <\/div>\r\n\r\n      <div class=\"card\">\r\n        <div class=\"avatar\"><\/div>\r\n        <p>\u201c\u00d3timas oportunidades de crescimento para os funcion\u00e1rios.\u201d<\/p>\r\n      <\/div>\r\n\r\n      <div class=\"card\">\r\n        <div class=\"avatar\"><\/div>\r\n        <p>\u201cEscola com valores \u00e9ticos e morais elevados.\u201d<\/p>\r\n      <\/div>\r\n    <\/div>\r\n  <\/section>\r\n\r\n<\/body>\r\n<\/html>\r\n\t\t\t\t<\/div>\n\t\t\t\t\t<\/div>\n\t\t<\/div>\n\t\t\t\t\t<\/div>\n\t\t<\/section>\n\t\t\t\t<\/div>\n\t\t","protected":false},"excerpt":{"rendered":"<p>Depoimentos O que dizem sobre n\u00f3s: Esses relatos n\u00e3o apenas refletem a qualidade do ensino que oferecemos, mas tamb\u00e9m ilustram [&hellip;]<\/p>\n","protected":false},"author":1,"featured_media":0,"parent":0,"menu_order":0,"comment_status":"closed","ping_status":"closed","template":"","meta":{"site-sidebar-layout":"no-sidebar","site-content-layout":"","ast-site-content-layout":"full-width-container","site-content-style":"default","site-sidebar-style":"default","ast-global-header-display":"","ast-banner-title-visibility":"","ast-main-header-display":"","ast-hfb-above-header-display":"","ast-hfb-below-header-display":"","ast-hfb-mobile-header-display":"","site-post-title":"disabled","ast-breadcrumbs-content":"","ast-featured-img":"disabled","footer-sml-layout":"","ast-disable-related-posts":"","theme-transparent-header-meta":"","adv-header-id-meta":"","stick-header-meta":"","header-above-stick-meta":"","header-main-stick-meta":"","header-below-stick-meta":"","astra-migrate-meta-layouts":"default","ast-page-background-enabled":"default","ast-page-background-meta":{"desktop":{"background-color":"var(--ast-global-color-5)","background-image":"","background-repeat":"repeat","background-position":"center center","background-size":"auto","background-attachment":"scroll","background-type":"","background-media":"","overlay-type":"","overlay-color":"","overlay-opacity":"","overlay-gradient":""},"tablet":{"background-color":"","background-image":"","background-repeat":"repeat","background-position":"center center","background-size":"auto","background-attachment":"scroll","background-type":"","background-media":"","overlay-type":"","overlay-color":"","overlay-opacity":"","overlay-gradient":""},"mobile":{"background-color":"","background-image":"","background-repeat":"repeat","background-position":"center center","background-size":"auto","background-attachment":"scroll","background-type":"","background-media":"","overlay-type":"","overlay-color":"","overlay-opacity":"","overlay-gradient":""}},"ast-content-background-meta":{"desktop":{"background-color":"var(--ast-global-color-4)","background-image":"","background-repeat":"repeat","background-position":"center center","background-size":"auto","background-attachment":"scroll","background-type":"","background-media":"","overlay-type":"","overlay-color":"","overlay-opacity":"","overlay-gradient":""},"tablet":{"background-color":"var(--ast-global-color-4)","background-image":"","background-repeat":"repeat","background-position":"center center","background-size":"auto","background-attachment":"scroll","background-type":"","background-media":"","overlay-type":"","overlay-color":"","overlay-opacity":"","overlay-gradient":""},"mobile":{"background-color":"var(--ast-global-color-4)","background-image":"","background-repeat":"repeat","background-position":"center center","background-size":"auto","background-attachment":"scroll","background-type":"","background-media":"","overlay-type":"","overlay-color":"","overlay-opacity":"","overlay-gradient":""}},"footnotes":""},"class_list":["post-51","page","type-page","status-publish","hentry"],"_links":{"self":[{"href":"https:\/\/serverartseven.com.br\/colegioaugustoruschi\/wp-json\/wp\/v2\/pages\/51","targetHints":{"allow":["GET"]}}],"collection":[{"href":"https:\/\/serverartseven.com.br\/colegioaugustoruschi\/wp-json\/wp\/v2\/pages"}],"about":[{"href":"https:\/\/serverartseven.com.br\/colegioaugustoruschi\/wp-json\/wp\/v2\/types\/page"}],"author":[{"embeddable":true,"href":"https:\/\/serverartseven.com.br\/colegioaugustoruschi\/wp-json\/wp\/v2\/users\/1"}],"replies":[{"embeddable":true,"href":"https:\/\/serverartseven.com.br\/colegioaugustoruschi\/wp-json\/wp\/v2\/comments?post=51"}],"version-history":[{"count":7,"href":"https:\/\/serverartseven.com.br\/colegioaugustoruschi\/wp-json\/wp\/v2\/pages\/51\/revisions"}],"predecessor-version":[{"id":236,"href":"https:\/\/serverartseven.com.br\/colegioaugustoruschi\/wp-json\/wp\/v2\/pages\/51\/revisions\/236"}],"wp:attachment":[{"href":"https:\/\/serverartseven.com.br\/colegioaugustoruschi\/wp-json\/wp\/v2\/media?parent=51"}],"curies":[{"name":"wp","href":"https:\/\/api.w.org\/{rel}","templated":true}]}}