{"id":57,"date":"2026-02-10T05:19:37","date_gmt":"2026-02-10T05:19:37","guid":{"rendered":"https:\/\/serverartseven.com.br\/colegioaugustoruschi\/?page_id=57"},"modified":"2026-02-11T13:34:56","modified_gmt":"2026-02-11T13:34:56","slug":"trabalhe-com-a-gente","status":"publish","type":"page","link":"https:\/\/serverartseven.com.br\/colegioaugustoruschi\/trabalhe-com-a-gente\/","title":{"rendered":"Trabalhe com a gente"},"content":{"rendered":"\t\t<div data-elementor-type=\"wp-page\" data-elementor-id=\"57\" class=\"elementor elementor-57\" data-elementor-post-type=\"page\">\n\t\t\t\t\t\t<section class=\"elementor-section elementor-top-section elementor-element elementor-element-4a1f35fe elementor-section-boxed elementor-section-height-default elementor-section-height-default\" data-id=\"4a1f35fe\" data-element_type=\"section\" data-e-type=\"section\">\n\t\t\t\t\t\t<div class=\"elementor-container elementor-column-gap-default\">\n\t\t\t\t\t<div class=\"elementor-column elementor-col-100 elementor-top-column elementor-element elementor-element-191149f6\" data-id=\"191149f6\" data-element_type=\"column\" data-e-type=\"column\">\n\t\t\t<div class=\"elementor-widget-wrap elementor-element-populated\">\n\t\t\t\t\t\t<div class=\"elementor-element elementor-element-35c4ff10 elementor-widget elementor-widget-heading\" data-id=\"35c4ff10\" data-element_type=\"widget\" data-e-type=\"widget\" data-widget_type=\"heading.default\">\n\t\t\t\t\t<h2 class=\"elementor-heading-title elementor-size-default\">TRABALHE COM A GENTE<\/h2>\t\t\t\t<\/div>\n\t\t\t\t\t<\/div>\n\t\t<\/div>\n\t\t\t\t\t<\/div>\n\t\t<\/section>\n\t\t<div class=\"elementor-element elementor-element-8b70b0d e-flex e-con-boxed e-con e-parent\" data-id=\"8b70b0d\" data-element_type=\"container\" data-e-type=\"container\">\n\t\t\t\t\t<div class=\"e-con-inner\">\n\t\t\t\t<div class=\"elementor-element elementor-element-d7a83d1 elementor-button-align-start elementor-widget elementor-widget-form\" data-id=\"d7a83d1\" data-element_type=\"widget\" data-e-type=\"widget\" data-settings=\"{&quot;step_next_label&quot;:&quot;Next&quot;,&quot;step_previous_label&quot;:&quot;Previous&quot;,&quot;button_width&quot;:&quot;100&quot;,&quot;step_type&quot;:&quot;number_text&quot;,&quot;step_icon_shape&quot;:&quot;circle&quot;}\" data-widget_type=\"form.default\">\n\t\t\t\t\t\t\t<form class=\"elementor-form\" method=\"post\" name=\"New Form\" aria-label=\"New Form\">\n\t\t\t<input type=\"hidden\" name=\"post_id\" value=\"57\"\/>\n\t\t\t<input type=\"hidden\" name=\"form_id\" value=\"d7a83d1\"\/>\n\t\t\t<input type=\"hidden\" name=\"referer_title\" value=\"Trabalhe com a gente\" \/>\n\n\t\t\t\t\t\t\t<input type=\"hidden\" name=\"queried_id\" value=\"57\"\/>\n\t\t\t\n\t\t\t<div class=\"elementor-form-fields-wrapper elementor-labels-above\">\n\t\t\t\t\t\t\t\t<div class=\"elementor-field-type-text elementor-field-group elementor-column elementor-field-group-name elementor-col-100\">\n\t\t\t\t\t\t\t\t\t\t\t\t<label for=\"form-field-name\" class=\"elementor-field-label\">\n\t\t\t\t\t\t\t\tNome\t\t\t\t\t\t\t<\/label>\n\t\t\t\t\t\t\t\t\t\t\t\t\t\t<input size=\"1\" type=\"text\" name=\"form_fields[name]\" id=\"form-field-name\" class=\"elementor-field elementor-size-sm  elementor-field-textual\">\n\t\t\t\t\t\t\t\t\t\t\t<\/div>\n\t\t\t\t\t\t\t\t<div class=\"elementor-field-type-email elementor-field-group elementor-column elementor-field-group-email elementor-col-100 elementor-field-required\">\n\t\t\t\t\t\t\t\t\t\t\t\t<label for=\"form-field-email\" class=\"elementor-field-label\">\n\t\t\t\t\t\t\t\tE-mail <span style='color:red'>*<\/span>\t\t\t\t\t\t\t<\/label>\n\t\t\t\t\t\t\t\t\t\t\t\t\t\t<input size=\"1\" type=\"email\" name=\"form_fields[email]\" id=\"form-field-email\" class=\"elementor-field elementor-size-sm  elementor-field-textual\" required=\"required\">\n\t\t\t\t\t\t\t\t\t\t\t<\/div>\n\t\t\t\t\t\t\t\t<div class=\"elementor-field-type-radio elementor-field-group elementor-column elementor-field-group-field_a3ddd25 elementor-col-100\">\n\t\t\t\t\t\t\t\t\t\t\t\t<label for=\"form-field-field_a3ddd25\" class=\"elementor-field-label\">\n\t\t\t\t\t\t\t\tSegmento\t\t\t\t\t\t\t<\/label>\n\t\t\t\t\t\t<div class=\"elementor-field-subgroup  \"><span class=\"elementor-field-option\"><input type=\"radio\" value=\"Educa\u00e7\u00e3o\" id=\"form-field-field_a3ddd25-0\" name=\"form_fields[field_a3ddd25]\"> <label for=\"form-field-field_a3ddd25-0\">Educa\u00e7\u00e3o<\/label><\/span><span class=\"elementor-field-option\"><input type=\"radio\" value=\"Ensino Fundamental I\" id=\"form-field-field_a3ddd25-1\" name=\"form_fields[field_a3ddd25]\"> <label for=\"form-field-field_a3ddd25-1\">Ensino Fundamental I<\/label><\/span><span class=\"elementor-field-option\"><input type=\"radio\" value=\"Ensino Fundamental II\" id=\"form-field-field_a3ddd25-2\" name=\"form_fields[field_a3ddd25]\"> <label for=\"form-field-field_a3ddd25-2\">Ensino Fundamental II<\/label><\/span><\/div>\t\t\t\t<\/div>\n\t\t\t\t\t\t\t\t<div class=\"elementor-field-type-radio elementor-field-group elementor-column elementor-field-group-field_6cd0a2d elementor-col-100\">\n\t\t\t\t\t\t\t\t\t\t\t\t<label for=\"form-field-field_6cd0a2d\" class=\"elementor-field-label\">\n\t\t\t\t\t\t\t\tCargo\t\t\t\t\t\t\t<\/label>\n\t\t\t\t\t\t<div class=\"elementor-field-subgroup  \"><span class=\"elementor-field-option\"><input type=\"radio\" value=\"Assistente\" id=\"form-field-field_6cd0a2d-0\" name=\"form_fields[field_6cd0a2d]\"> <label for=\"form-field-field_6cd0a2d-0\">Assistente<\/label><\/span><span class=\"elementor-field-option\"><input type=\"radio\" value=\"Professor(a)\" id=\"form-field-field_6cd0a2d-1\" name=\"form_fields[field_6cd0a2d]\"> <label for=\"form-field-field_6cd0a2d-1\">Professor(a)<\/label><\/span><span class=\"elementor-field-option\"><input type=\"radio\" value=\"Coordenador(a)\" id=\"form-field-field_6cd0a2d-2\" name=\"form_fields[field_6cd0a2d]\"> <label for=\"form-field-field_6cd0a2d-2\">Coordenador(a)<\/label><\/span><span class=\"elementor-field-option\"><input type=\"radio\" value=\"Outros\" id=\"form-field-field_6cd0a2d-3\" name=\"form_fields[field_6cd0a2d]\"> <label for=\"form-field-field_6cd0a2d-3\">Outros<\/label><\/span><span class=\"elementor-field-option\"><input type=\"radio\" value=\"\" id=\"form-field-field_6cd0a2d-4\" name=\"form_fields[field_6cd0a2d]\"> <label for=\"form-field-field_6cd0a2d-4\"><\/label><\/span><\/div>\t\t\t\t<\/div>\n\t\t\t\t\t\t\t\t<div class=\"elementor-field-type-radio elementor-field-group elementor-column elementor-field-group-field_577e9f3 elementor-col-100\">\n\t\t\t\t\t\t\t\t\t\t\t\t<label for=\"form-field-field_577e9f3\" class=\"elementor-field-label\">\n\t\t\t\t\t\t\t\tDisciplina\t\t\t\t\t\t\t<\/label>\n\t\t\t\t\t\t<div class=\"elementor-field-subgroup  \"><span class=\"elementor-field-option\"><input type=\"radio\" value=\"Generalista\" id=\"form-field-field_577e9f3-0\" name=\"form_fields[field_577e9f3]\"> <label for=\"form-field-field_577e9f3-0\">Generalista<\/label><\/span><span class=\"elementor-field-option\"><input type=\"radio\" value=\"L\u00edngua Portuguesa\" id=\"form-field-field_577e9f3-1\" name=\"form_fields[field_577e9f3]\"> <label for=\"form-field-field_577e9f3-1\">L\u00edngua Portuguesa<\/label><\/span><span class=\"elementor-field-option\"><input type=\"radio\" value=\"Matem\u00e1tica\" id=\"form-field-field_577e9f3-2\" name=\"form_fields[field_577e9f3]\"> <label for=\"form-field-field_577e9f3-2\">Matem\u00e1tica<\/label><\/span><span class=\"elementor-field-option\"><input type=\"radio\" value=\"Ci\u00eancias Humanas\" id=\"form-field-field_577e9f3-3\" name=\"form_fields[field_577e9f3]\"> <label for=\"form-field-field_577e9f3-3\">Ci\u00eancias Humanas<\/label><\/span><span class=\"elementor-field-option\"><input type=\"radio\" value=\"Ci\u00eancias Naturais\" id=\"form-field-field_577e9f3-4\" name=\"form_fields[field_577e9f3]\"> <label for=\"form-field-field_577e9f3-4\">Ci\u00eancias Naturais<\/label><\/span><span class=\"elementor-field-option\"><input type=\"radio\" value=\"Ingl\u00eas\" id=\"form-field-field_577e9f3-5\" name=\"form_fields[field_577e9f3]\"> <label for=\"form-field-field_577e9f3-5\">Ingl\u00eas<\/label><\/span><span class=\"elementor-field-option\"><input type=\"radio\" value=\"Educa\u00e7\u00e3o F\u00edsica\" id=\"form-field-field_577e9f3-6\" name=\"form_fields[field_577e9f3]\"> <label for=\"form-field-field_577e9f3-6\">Educa\u00e7\u00e3o F\u00edsica<\/label><\/span><span class=\"elementor-field-option\"><input type=\"radio\" value=\"Artes \/ M\u00fasica\" id=\"form-field-field_577e9f3-7\" name=\"form_fields[field_577e9f3]\"> <label for=\"form-field-field_577e9f3-7\">Artes \/ M\u00fasica<\/label><\/span><\/div>\t\t\t\t<\/div>\n\t\t\t\t\t\t\t\t<div class=\"elementor-field-type-upload elementor-field-group elementor-column elementor-field-group-field_d3a078e elementor-col-100\">\n\t\t\t\t\t\t\t\t\t\t\t\t<label for=\"form-field-field_d3a078e\" class=\"elementor-field-label\">\n\t\t\t\t\t\t\t\t Envie Seu Curr\u00edculo\t\t\t\t\t\t\t<\/label>\n\t\t\t\t\t\t\t\t<input type=\"file\" name=\"form_fields[field_d3a078e]\" id=\"form-field-field_d3a078e\" class=\"elementor-field elementor-size-sm  elementor-upload-field\">\n\n\t\t\t\t\t\t<\/div>\n\t\t\t\t\t\t\t\t<div class=\"elementor-field-type-textarea elementor-field-group elementor-column elementor-field-group-field_a08bb44 elementor-col-100\">\n\t\t\t\t\t\t\t\t\t\t\t\t<label for=\"form-field-field_a08bb44\" class=\"elementor-field-label\">\n\t\t\t\t\t\t\t\tConte-nos um pouco sobre seu trabalho\t\t\t\t\t\t\t<\/label>\n\t\t\t\t\t\t<textarea class=\"elementor-field-textual elementor-field  elementor-size-sm\" name=\"form_fields[field_a08bb44]\" id=\"form-field-field_a08bb44\" rows=\"4\"><\/textarea>\t\t\t\t<\/div>\n\t\t\t\t\t\t\t\t<div class=\"elementor-field-type-recaptcha elementor-field-group elementor-column elementor-field-group-field_7cfa59b elementor-col-100\">\n\t\t\t\t\t<div class=\"elementor-field\" id=\"form-field-field_7cfa59b\"><div class=\"elementor-g-recaptcha\" data-sitekey=\"6Ldk_mcsAAAAAN_pul_XtoQ7x1PTn80flumnT1fW\" data-type=\"v2_checkbox\" data-theme=\"light\" data-size=\"normal\"><\/div><\/div>\t\t\t\t<\/div>\n\t\t\t\t\t\t\t\t<div class=\"elementor-field-group elementor-column elementor-field-type-submit elementor-col-100 e-form__buttons\">\n\t\t\t\t\t<button class=\"elementor-button elementor-size-sm\" type=\"submit\">\n\t\t\t\t\t\t<span class=\"elementor-button-content-wrapper\">\n\t\t\t\t\t\t\t\t\t\t\t\t\t\t\t\t\t\t\t\t\t\t<span class=\"elementor-button-text\">Enviar<\/span>\n\t\t\t\t\t\t\t\t\t\t\t\t\t<\/span>\n\t\t\t\t\t<\/button>\n\t\t\t\t<\/div>\n\t\t\t<\/div>\n\t\t<\/form>\n\t\t\t\t\t\t<\/div>\n\t\t\t\t\t<\/div>\n\t\t\t\t<\/div>\n\t\t\t\t<\/div>\n\t\t","protected":false},"excerpt":{"rendered":"<p>TRABALHE COM A GENTE<\/p>\n","protected":false},"author":1,"featured_media":0,"parent":0,"menu_order":0,"comment_status":"closed","ping_status":"closed","template":"elementor_header_footer","meta":{"site-sidebar-layout":"no-sidebar","site-content-layout":"","ast-site-content-layout":"full-width-container","site-content-style":"default","site-sidebar-style":"default","ast-global-header-display":"","ast-banner-title-visibility":"","ast-main-header-display":"","ast-hfb-above-header-display":"","ast-hfb-below-header-display":"","ast-hfb-mobile-header-display":"","site-post-title":"","ast-breadcrumbs-content":"","ast-featured-img":"disabled","footer-sml-layout":"","ast-disable-related-posts":"","theme-transparent-header-meta":"","adv-header-id-meta":"","stick-header-meta":"","header-above-stick-meta":"","header-main-stick-meta":"","header-below-stick-meta":"","astra-migrate-meta-layouts":"default","ast-page-background-enabled":"default","ast-page-background-meta":{"desktop":{"background-color":"var(--ast-global-color-5)","background-image":"","background-repeat":"repeat","background-position":"center center","background-size":"auto","background-attachment":"scroll","background-type":"","background-media":"","overlay-type":"","overlay-color":"","overlay-opacity":"","overlay-gradient":""},"tablet":{"background-color":"","background-image":"","background-repeat":"repeat","background-position":"center center","background-size":"auto","background-attachment":"scroll","background-type":"","background-media":"","overlay-type":"","overlay-color":"","overlay-opacity":"","overlay-gradient":""},"mobile":{"background-color":"","background-image":"","background-repeat":"repeat","background-position":"center center","background-size":"auto","background-attachment":"scroll","background-type":"","background-media":"","overlay-type":"","overlay-color":"","overlay-opacity":"","overlay-gradient":""}},"ast-content-background-meta":{"desktop":{"background-color":"var(--ast-global-color-4)","background-image":"","background-repeat":"repeat","background-position":"center center","background-size":"auto","background-attachment":"scroll","background-type":"","background-media":"","overlay-type":"","overlay-color":"","overlay-opacity":"","overlay-gradient":""},"tablet":{"background-color":"var(--ast-global-color-4)","background-image":"","background-repeat":"repeat","background-position":"center center","background-size":"auto","background-attachment":"scroll","background-type":"","background-media":"","overlay-type":"","overlay-color":"","overlay-opacity":"","overlay-gradient":""},"mobile":{"background-color":"var(--ast-global-color-4)","background-image":"","background-repeat":"repeat","background-position":"center center","background-size":"auto","background-attachment":"scroll","background-type":"","background-media":"","overlay-type":"","overlay-color":"","overlay-opacity":"","overlay-gradient":""}},"footnotes":""},"class_list":["post-57","page","type-page","status-publish","hentry"],"_links":{"self":[{"href":"https:\/\/serverartseven.com.br\/colegioaugustoruschi\/wp-json\/wp\/v2\/pages\/57","targetHints":{"allow":["GET"]}}],"collection":[{"href":"https:\/\/serverartseven.com.br\/colegioaugustoruschi\/wp-json\/wp\/v2\/pages"}],"about":[{"href":"https:\/\/serverartseven.com.br\/colegioaugustoruschi\/wp-json\/wp\/v2\/types\/page"}],"author":[{"embeddable":true,"href":"https:\/\/serverartseven.com.br\/colegioaugustoruschi\/wp-json\/wp\/v2\/users\/1"}],"replies":[{"embeddable":true,"href":"https:\/\/serverartseven.com.br\/colegioaugustoruschi\/wp-json\/wp\/v2\/comments?post=57"}],"version-history":[{"count":34,"href":"https:\/\/serverartseven.com.br\/colegioaugustoruschi\/wp-json\/wp\/v2\/pages\/57\/revisions"}],"predecessor-version":[{"id":366,"href":"https:\/\/serverartseven.com.br\/colegioaugustoruschi\/wp-json\/wp\/v2\/pages\/57\/revisions\/366"}],"wp:attachment":[{"href":"https:\/\/serverartseven.com.br\/colegioaugustoruschi\/wp-json\/wp\/v2\/media?parent=57"}],"curies":[{"name":"wp","href":"https:\/\/api.w.org\/{rel}","templated":true}]}}