{"id":70,"date":"2026-02-10T05:23:24","date_gmt":"2026-02-10T05:23:24","guid":{"rendered":"https:\/\/serverartseven.com.br\/colegioaugustoruschi\/?page_id=70"},"modified":"2026-02-10T06:02:20","modified_gmt":"2026-02-10T06:02:20","slug":"1o-a-5o-ano","status":"publish","type":"page","link":"https:\/\/serverartseven.com.br\/colegioaugustoruschi\/1o-a-5o-ano\/","title":{"rendered":"1\u00ba a 5\u00ba ano"},"content":{"rendered":"\t\t<div data-elementor-type=\"wp-page\" data-elementor-id=\"70\" class=\"elementor elementor-70\" data-elementor-post-type=\"page\">\n\t\t\t\t\t\t<section class=\"elementor-section elementor-top-section elementor-element elementor-element-23d39318 elementor-section-full_width elementor-section-height-min-height elementor-section-stretched elementor-section-height-default elementor-section-items-middle\" data-id=\"23d39318\" data-element_type=\"section\" data-e-type=\"section\" data-settings=\"{&quot;stretch_section&quot;:&quot;section-stretched&quot;,&quot;background_background&quot;:&quot;classic&quot;}\">\n\t\t\t\t\t\t<div class=\"elementor-container elementor-column-gap-default\">\n\t\t\t\t\t<div class=\"elementor-column elementor-col-100 elementor-top-column elementor-element elementor-element-78adabf5\" data-id=\"78adabf5\" data-element_type=\"column\" data-e-type=\"column\">\n\t\t\t<div class=\"elementor-widget-wrap\">\n\t\t\t\t\t\t\t<\/div>\n\t\t<\/div>\n\t\t\t\t\t<\/div>\n\t\t<\/section>\n\t\t\t\t<section class=\"elementor-section elementor-top-section elementor-element elementor-element-2f673151 elementor-section-boxed elementor-section-height-default elementor-section-height-default\" data-id=\"2f673151\" data-element_type=\"section\" data-e-type=\"section\">\n\t\t\t\t\t\t<div class=\"elementor-container elementor-column-gap-default\">\n\t\t\t\t\t<div class=\"elementor-column elementor-col-100 elementor-top-column elementor-element elementor-element-2ae4beb4\" data-id=\"2ae4beb4\" data-element_type=\"column\" data-e-type=\"column\">\n\t\t\t<div class=\"elementor-widget-wrap elementor-element-populated\">\n\t\t\t\t\t\t<div class=\"elementor-element elementor-element-30a104f3 elementor-widget elementor-widget-heading\" data-id=\"30a104f3\" data-element_type=\"widget\" data-e-type=\"widget\" data-widget_type=\"heading.default\">\n\t\t\t\t\t<h2 class=\"elementor-heading-title elementor-size-default\">ENSINO FUNDAMENTAL- S\u00c9RIES INICIAIS<\/h2>\t\t\t\t<\/div>\n\t\t\t\t\t<\/div>\n\t\t<\/div>\n\t\t\t\t\t<\/div>\n\t\t<\/section>\n\t\t\t\t<section class=\"elementor-section elementor-top-section elementor-element elementor-element-5740a6e elementor-section-full_width elementor-section-stretched elementor-section-height-default elementor-section-height-default\" data-id=\"5740a6e\" data-element_type=\"section\" data-e-type=\"section\" data-settings=\"{&quot;stretch_section&quot;:&quot;section-stretched&quot;}\">\n\t\t\t\t\t\t<div class=\"elementor-container elementor-column-gap-default\">\n\t\t\t\t\t<div class=\"elementor-column elementor-col-100 elementor-top-column elementor-element elementor-element-ddd8873\" data-id=\"ddd8873\" data-element_type=\"column\" data-e-type=\"column\">\n\t\t\t<div class=\"elementor-widget-wrap elementor-element-populated\">\n\t\t\t\t\t\t<div class=\"elementor-element elementor-element-33da4078 elementor-hidden-desktop elementor-hidden-tablet elementor-widget elementor-widget-image\" data-id=\"33da4078\" data-element_type=\"widget\" data-e-type=\"widget\" data-widget_type=\"image.default\">\n\t\t\t\t\t\t\t\t\t\t\t\t\t\t\t\t<a href=\"https:\/\/serverartseven.com.br\/colegioaugustoruschi\/wp-content\/uploads\/2026\/02\/Fundamental-I-2.png\" data-elementor-open-lightbox=\"yes\" data-elementor-lightbox-title=\"Fundamental-I-2.png\" data-e-action-hash=\"#elementor-action%3Aaction%3Dlightbox%26settings%3DeyJpZCI6MTI1LCJ1cmwiOiJodHRwczpcL1wvc2VydmVyYXJ0c2V2ZW4uY29tLmJyXC9jb2xlZ2lvYXVndXN0b3J1c2NoaVwvd3AtY29udGVudFwvdXBsb2Fkc1wvMjAyNlwvMDJcL0Z1bmRhbWVudGFsLUktMi5wbmcifQ%3D%3D\">\n\t\t\t\t\t\t\t<img fetchpriority=\"high\" decoding=\"async\" width=\"903\" height=\"829\" src=\"https:\/\/serverartseven.com.br\/colegioaugustoruschi\/wp-content\/uploads\/2026\/02\/Fundamental-I-2.png\" class=\"attachment-large size-large wp-image-125\" alt=\"\" srcset=\"https:\/\/serverartseven.com.br\/colegioaugustoruschi\/wp-content\/uploads\/2026\/02\/Fundamental-I-2.png 903w, https:\/\/serverartseven.com.br\/colegioaugustoruschi\/wp-content\/uploads\/2026\/02\/Fundamental-I-2-300x275.png 300w, https:\/\/serverartseven.com.br\/colegioaugustoruschi\/wp-content\/uploads\/2026\/02\/Fundamental-I-2-768x705.png 768w\" sizes=\"(max-width: 903px) 100vw, 903px\" \/>\t\t\t\t\t\t\t\t<\/a>\n\t\t\t\t\t\t\t\t\t\t\t\t\t\t\t<\/div>\n\t\t\t\t\t<\/div>\n\t\t<\/div>\n\t\t\t\t\t<\/div>\n\t\t<\/section>\n\t\t\t\t<section class=\"elementor-section elementor-top-section elementor-element elementor-element-7cf9a80f elementor-section-boxed elementor-section-height-default elementor-section-height-default\" data-id=\"7cf9a80f\" data-element_type=\"section\" data-e-type=\"section\">\n\t\t\t\t\t\t<div class=\"elementor-container elementor-column-gap-default\">\n\t\t\t\t\t<div class=\"elementor-column elementor-col-50 elementor-top-column elementor-element elementor-element-2d6ec017\" data-id=\"2d6ec017\" data-element_type=\"column\" data-e-type=\"column\">\n\t\t\t<div class=\"elementor-widget-wrap elementor-element-populated\">\n\t\t\t\t\t\t<div class=\"elementor-element elementor-element-2703c263 elementor-widget elementor-widget-text-editor\" data-id=\"2703c263\" data-element_type=\"widget\" data-e-type=\"widget\" data-widget_type=\"text-editor.default\">\n\t\t\t\t\t\t\t\t\t<p dir=\"ltr\" style=\"line-height: 1.7999999999999998; margin-top: 0pt; margin-bottom: 0pt;\"><span style=\"font-size: 12pt; font-family: 'Century Gothic',sans-serif; color: #000000; background-color: transparent; font-weight: 400; font-style: normal; font-variant: normal; text-decoration: none; vertical-align: baseline; white-space: pre-wrap;\">Neste primeiro momento no Ensino Fundamental, pensamos que \u00e9 primordial adequarmos \u00e0s necessidades da sociedade e da escolariza\u00e7\u00e3o com os desejos dos \u00faltimos anos da inf\u00e2ncia.&nbsp;<\/span><\/p>\n<p dir=\"ltr\" style=\"line-height: 1.7999999999999998; margin-top: 0pt; margin-bottom: 0pt;\"><span style=\"font-size: 12pt; font-family: 'Century Gothic',sans-serif; color: #000000; background-color: transparent; font-weight: 400; font-style: normal; font-variant: normal; text-decoration: none; vertical-align: baseline; white-space: pre-wrap;\">&nbsp;<\/span><\/p>\n<p dir=\"ltr\" style=\"line-height: 1.7999999999999998; margin-top: 0pt; margin-bottom: 0pt;\"><span style=\"font-size: 12pt; font-family: 'Century Gothic',sans-serif; color: #000000; background-color: transparent; font-weight: 400; font-style: normal; font-variant: normal; text-decoration: none; vertical-align: baseline; white-space: pre-wrap;\">A escola aposta numa proposta de ensino apoiada na investiga\u00e7\u00e3o, reflex\u00e3o e apropria\u00e7\u00e3o, contemplada pelo ato permanente de compartilhar conhecimentos. Acreditamos que todos, adultos e crian\u00e7as, possam dividir os saberes e caminharem juntos para as diversas aprendizagens que o mundo moderno nos oferta e convida.&nbsp;<\/span><\/p>\n<p dir=\"ltr\" style=\"line-height: 1.7999999999999998; margin-top: 0pt; margin-bottom: 0pt;\"><span style=\"font-style: normal; font-variant: normal; font-weight: 400; background-color: transparent; font-size: 12pt; font-family: &quot;Century Gothic&quot;, sans-serif; color: rgb(0, 0, 0); white-space: pre-wrap;\"><br><\/span><\/p>\n<p dir=\"ltr\" style=\"line-height: 1.7999999999999998; margin-top: 0pt; margin-bottom: 0pt;\"><span style=\"font-style: normal; font-variant: normal; font-weight: 400; background-color: transparent; font-size: 12pt; font-family: &quot;Century Gothic&quot;, sans-serif; color: rgb(0, 0, 0); white-space: pre-wrap;\">As a\u00e7\u00f5es dentro da escola buscam valorizar a amplia\u00e7\u00e3o dos conhecimentos que a crian\u00e7a adquiriu na primeira inf\u00e2ncia e respeitar as mudan\u00e7as referentes \u00e0 autonomia, uso da l\u00edngua oral e escrita, signos matem\u00e1ticos, bem como os registros art\u00edsticos, midi\u00e1ticos e cient\u00edficos. <\/span><span style=\"font-style: normal; font-variant: normal; font-weight: 400; background-color: transparent; font-size: 12pt; font-family: &quot;Century Gothic&quot;, sans-serif; color: rgb(74, 134, 232); white-space: pre-wrap;\">&nbsp;<\/span><\/p>\n<p dir=\"ltr\" style=\"line-height: 1.7999999999999998; margin-top: 0pt; margin-bottom: 0pt;\"><span style=\"font-size: 12pt; font-family: 'Century Gothic',sans-serif; color: #000000; background-color: transparent; font-weight: 400; font-style: normal; font-variant: normal; text-decoration: none; vertical-align: baseline; white-space: pre-wrap;\">&nbsp;<\/span><\/p>\n<p dir=\"ltr\" style=\"line-height: 1.7999999999999998; margin-top: 0pt; margin-bottom: 0pt;\"><span style=\"font-size: 12pt; font-family: 'Century Gothic',sans-serif; color: #000000; background-color: transparent; font-weight: 400; font-style: normal; font-variant: normal; text-decoration: none; vertical-align: baseline; white-space: pre-wrap;\">Nessa etapa, a escola oferece uma&nbsp;rotina&nbsp;estruturada em propostas que incentivam o autoconhecimento, busca desenvolver o desejo pelo conhecimento para lidar com os seus anseios de investiga\u00e7\u00e3o e compartilhar sobre o conhecimento do aluno e o do grupo. <\/span><\/p>\n<p dir=\"ltr\" style=\"line-height: 1.7999999999999998; margin-top: 0pt; margin-bottom: 0pt;\"><span style=\"font-size: 12pt; font-family: 'Century Gothic',sans-serif; color: #000000; background-color: transparent; font-weight: 400; font-style: normal; font-variant: normal; text-decoration: none; vertical-align: baseline; white-space: pre-wrap;\">&nbsp;<\/span><\/p>\n<p dir=\"ltr\" style=\"line-height: 1.7999999999999998; margin-top: 0pt; margin-bottom: 0pt;\"><span style=\"font-size: 12pt; font-family: 'Century Gothic',sans-serif; color: #000000; background-color: transparent; font-weight: 400; font-style: normal; font-variant: normal; text-decoration: none; vertical-align: baseline; white-space: pre-wrap;\">Pensamos em ambientes desafiadores, aprendizagens significativas, desafios permanentes e a\u00e7\u00f5es que dialogam entre a a\u00e7\u00e3o do individual e o bem coletivo<\/span><\/p>\n<p style=\"margin: 0cm; font-size: 12pt; font-family: Calibri, sans-serif; color: #000000; font-style: normal; font-variant-ligatures: normal; font-variant-caps: normal; font-weight: 400; line-height: 24px;\">\n<\/p>\t\t\t\t\t\t\t\t<\/div>\n\t\t\t\t<div class=\"elementor-element elementor-element-469175ae elementor-align-left elementor-widget elementor-widget-button\" data-id=\"469175ae\" data-element_type=\"widget\" data-e-type=\"widget\" data-widget_type=\"button.default\">\n\t\t\t\t\t\t\t\t\t\t<a class=\"elementor-button elementor-button-link elementor-size-lg\" href=\"https:\/\/api.whatsapp.com\/send?phone=551124533535&#038;text=Ol%C3%A1,%20venho%20atrav%C3%A9s%20do%20site,%20gostaria%20de%20mais%20informa%C3%A7%C3%B5es%20sobre%20o%20col%C3%A9gio.\">\n\t\t\t\t\t\t<span class=\"elementor-button-content-wrapper\">\n\t\t\t\t\t\t\t\t\t<span class=\"elementor-button-text\">Garanta sua Vaga!<\/span>\n\t\t\t\t\t<\/span>\n\t\t\t\t\t<\/a>\n\t\t\t\t\t\t\t\t<\/div>\n\t\t\t\t\t<\/div>\n\t\t<\/div>\n\t\t\t\t<div class=\"elementor-column elementor-col-50 elementor-top-column elementor-element elementor-element-70c20211\" data-id=\"70c20211\" data-element_type=\"column\" data-e-type=\"column\">\n\t\t\t<div class=\"elementor-widget-wrap elementor-element-populated\">\n\t\t\t\t\t\t<div class=\"elementor-element elementor-element-67ef353d elementor-hidden-phone elementor-widget elementor-widget-image\" data-id=\"67ef353d\" data-element_type=\"widget\" data-e-type=\"widget\" data-widget_type=\"image.default\">\n\t\t\t\t\t\t\t\t\t\t\t\t\t\t\t\t<a href=\"https:\/\/serverartseven.com.br\/colegioaugustoruschi\/wp-content\/uploads\/2026\/02\/Fundamental-I-2.png\" data-elementor-open-lightbox=\"yes\" data-elementor-lightbox-title=\"Fundamental-I-2.png\" data-e-action-hash=\"#elementor-action%3Aaction%3Dlightbox%26settings%3DeyJpZCI6MTI1LCJ1cmwiOiJodHRwczpcL1wvc2VydmVyYXJ0c2V2ZW4uY29tLmJyXC9jb2xlZ2lvYXVndXN0b3J1c2NoaVwvd3AtY29udGVudFwvdXBsb2Fkc1wvMjAyNlwvMDJcL0Z1bmRhbWVudGFsLUktMi5wbmcifQ%3D%3D\">\n\t\t\t\t\t\t\t<img fetchpriority=\"high\" decoding=\"async\" width=\"903\" height=\"829\" src=\"https:\/\/serverartseven.com.br\/colegioaugustoruschi\/wp-content\/uploads\/2026\/02\/Fundamental-I-2.png\" class=\"attachment-large size-large wp-image-125\" alt=\"\" srcset=\"https:\/\/serverartseven.com.br\/colegioaugustoruschi\/wp-content\/uploads\/2026\/02\/Fundamental-I-2.png 903w, https:\/\/serverartseven.com.br\/colegioaugustoruschi\/wp-content\/uploads\/2026\/02\/Fundamental-I-2-300x275.png 300w, https:\/\/serverartseven.com.br\/colegioaugustoruschi\/wp-content\/uploads\/2026\/02\/Fundamental-I-2-768x705.png 768w\" sizes=\"(max-width: 903px) 100vw, 903px\" \/>\t\t\t\t\t\t\t\t<\/a>\n\t\t\t\t\t\t\t\t\t\t\t\t\t\t\t<\/div>\n\t\t\t\t<div class=\"elementor-element elementor-element-4c4aeb64 elementor-widget elementor-widget-image\" data-id=\"4c4aeb64\" data-element_type=\"widget\" data-e-type=\"widget\" data-widget_type=\"image.default\">\n\t\t\t\t\t\t\t\t\t\t\t\t\t\t\t\t<a href=\"https:\/\/serverartseven.com.br\/colegioaugustoruschi\/wp-content\/uploads\/2026\/02\/fundamental-I.png\" data-elementor-open-lightbox=\"yes\" data-elementor-lightbox-title=\"fundamental-I.png\" data-e-action-hash=\"#elementor-action%3Aaction%3Dlightbox%26settings%3DeyJpZCI6MTI2LCJ1cmwiOiJodHRwczpcL1wvc2VydmVyYXJ0c2V2ZW4uY29tLmJyXC9jb2xlZ2lvYXVndXN0b3J1c2NoaVwvd3AtY29udGVudFwvdXBsb2Fkc1wvMjAyNlwvMDJcL2Z1bmRhbWVudGFsLUkucG5nIn0%3D\">\n\t\t\t\t\t\t\t<img decoding=\"async\" width=\"903\" height=\"829\" src=\"https:\/\/serverartseven.com.br\/colegioaugustoruschi\/wp-content\/uploads\/2026\/02\/fundamental-I.png\" class=\"attachment-large size-large wp-image-126\" alt=\"\" srcset=\"https:\/\/serverartseven.com.br\/colegioaugustoruschi\/wp-content\/uploads\/2026\/02\/fundamental-I.png 903w, https:\/\/serverartseven.com.br\/colegioaugustoruschi\/wp-content\/uploads\/2026\/02\/fundamental-I-300x275.png 300w, https:\/\/serverartseven.com.br\/colegioaugustoruschi\/wp-content\/uploads\/2026\/02\/fundamental-I-768x705.png 768w\" sizes=\"(max-width: 903px) 100vw, 903px\" \/>\t\t\t\t\t\t\t\t<\/a>\n\t\t\t\t\t\t\t\t\t\t\t\t\t\t\t<\/div>\n\t\t\t\t\t<\/div>\n\t\t<\/div>\n\t\t\t\t\t<\/div>\n\t\t<\/section>\n\t\t\t\t<\/div>\n\t\t","protected":false},"excerpt":{"rendered":"<p>ENSINO FUNDAMENTAL- S\u00c9RIES INICIAIS Neste primeiro momento no Ensino Fundamental, pensamos que \u00e9 primordial adequarmos \u00e0s necessidades da sociedade e [&hellip;]<\/p>\n","protected":false},"author":1,"featured_media":0,"parent":0,"menu_order":0,"comment_status":"closed","ping_status":"closed","template":"elementor_header_footer","meta":{"site-sidebar-layout":"no-sidebar","site-content-layout":"","ast-site-content-layout":"full-width-container","site-content-style":"default","site-sidebar-style":"default","ast-global-header-display":"","ast-banner-title-visibility":"","ast-main-header-display":"","ast-hfb-above-header-display":"","ast-hfb-below-header-display":"","ast-hfb-mobile-header-display":"","site-post-title":"","ast-breadcrumbs-content":"","ast-featured-img":"disabled","footer-sml-layout":"","ast-disable-related-posts":"","theme-transparent-header-meta":"","adv-header-id-meta":"","stick-header-meta":"","header-above-stick-meta":"","header-main-stick-meta":"","header-below-stick-meta":"","astra-migrate-meta-layouts":"default","ast-page-background-enabled":"default","ast-page-background-meta":{"desktop":{"background-color":"var(--ast-global-color-5)","background-image":"","background-repeat":"repeat","background-position":"center center","background-size":"auto","background-attachment":"scroll","background-type":"","background-media":"","overlay-type":"","overlay-color":"","overlay-opacity":"","overlay-gradient":""},"tablet":{"background-color":"","background-image":"","background-repeat":"repeat","background-position":"center center","background-size":"auto","background-attachment":"scroll","background-type":"","background-media":"","overlay-type":"","overlay-color":"","overlay-opacity":"","overlay-gradient":""},"mobile":{"background-color":"","background-image":"","background-repeat":"repeat","background-position":"center center","background-size":"auto","background-attachment":"scroll","background-type":"","background-media":"","overlay-type":"","overlay-color":"","overlay-opacity":"","overlay-gradient":""}},"ast-content-background-meta":{"desktop":{"background-color":"var(--ast-global-color-4)","background-image":"","background-repeat":"repeat","background-position":"center center","background-size":"auto","background-attachment":"scroll","background-type":"","background-media":"","overlay-type":"","overlay-color":"","overlay-opacity":"","overlay-gradient":""},"tablet":{"background-color":"var(--ast-global-color-4)","background-image":"","background-repeat":"repeat","background-position":"center center","background-size":"auto","background-attachment":"scroll","background-type":"","background-media":"","overlay-type":"","overlay-color":"","overlay-opacity":"","overlay-gradient":""},"mobile":{"background-color":"var(--ast-global-color-4)","background-image":"","background-repeat":"repeat","background-position":"center center","background-size":"auto","background-attachment":"scroll","background-type":"","background-media":"","overlay-type":"","overlay-color":"","overlay-opacity":"","overlay-gradient":""}},"footnotes":""},"class_list":["post-70","page","type-page","status-publish","hentry"],"_links":{"self":[{"href":"https:\/\/serverartseven.com.br\/colegioaugustoruschi\/wp-json\/wp\/v2\/pages\/70","targetHints":{"allow":["GET"]}}],"collection":[{"href":"https:\/\/serverartseven.com.br\/colegioaugustoruschi\/wp-json\/wp\/v2\/pages"}],"about":[{"href":"https:\/\/serverartseven.com.br\/colegioaugustoruschi\/wp-json\/wp\/v2\/types\/page"}],"author":[{"embeddable":true,"href":"https:\/\/serverartseven.com.br\/colegioaugustoruschi\/wp-json\/wp\/v2\/users\/1"}],"replies":[{"embeddable":true,"href":"https:\/\/serverartseven.com.br\/colegioaugustoruschi\/wp-json\/wp\/v2\/comments?post=70"}],"version-history":[{"count":7,"href":"https:\/\/serverartseven.com.br\/colegioaugustoruschi\/wp-json\/wp\/v2\/pages\/70\/revisions"}],"predecessor-version":[{"id":131,"href":"https:\/\/serverartseven.com.br\/colegioaugustoruschi\/wp-json\/wp\/v2\/pages\/70\/revisions\/131"}],"wp:attachment":[{"href":"https:\/\/serverartseven.com.br\/colegioaugustoruschi\/wp-json\/wp\/v2\/media?parent=70"}],"curies":[{"name":"wp","href":"https:\/\/api.w.org\/{rel}","templated":true}]}}