{"id":78,"date":"2026-02-10T05:24:34","date_gmt":"2026-02-10T05:24:34","guid":{"rendered":"https:\/\/serverartseven.com.br\/colegioaugustoruschi\/?page_id=78"},"modified":"2026-02-10T12:31:04","modified_gmt":"2026-02-10T12:31:04","slug":"estrutura-curricular","status":"publish","type":"page","link":"https:\/\/serverartseven.com.br\/colegioaugustoruschi\/estrutura-curricular\/","title":{"rendered":"Estrutura Curricular"},"content":{"rendered":"\t\t<div data-elementor-type=\"wp-page\" data-elementor-id=\"78\" class=\"elementor elementor-78\" data-elementor-post-type=\"page\">\n\t\t\t\t\t\t<section class=\"elementor-section elementor-top-section elementor-element elementor-element-32911216 elementor-section-full_width elementor-section-height-min-height elementor-section-stretched elementor-section-height-default elementor-section-items-middle\" data-id=\"32911216\" data-element_type=\"section\" data-e-type=\"section\" data-settings=\"{&quot;stretch_section&quot;:&quot;section-stretched&quot;,&quot;background_background&quot;:&quot;classic&quot;}\">\n\t\t\t\t\t\t<div class=\"elementor-container elementor-column-gap-default\">\n\t\t\t\t\t<div class=\"elementor-column elementor-col-100 elementor-top-column elementor-element elementor-element-5ef94932\" data-id=\"5ef94932\" data-element_type=\"column\" data-e-type=\"column\">\n\t\t\t<div class=\"elementor-widget-wrap\">\n\t\t\t\t\t\t\t<\/div>\n\t\t<\/div>\n\t\t\t\t\t<\/div>\n\t\t<\/section>\n\t\t\t\t<section class=\"elementor-section elementor-top-section elementor-element elementor-element-41f9eac7 elementor-section-boxed elementor-section-height-default elementor-section-height-default\" data-id=\"41f9eac7\" data-element_type=\"section\" data-e-type=\"section\">\n\t\t\t\t\t\t<div class=\"elementor-container elementor-column-gap-default\">\n\t\t\t\t\t<div class=\"elementor-column elementor-col-100 elementor-top-column elementor-element elementor-element-29bd3ab2\" data-id=\"29bd3ab2\" data-element_type=\"column\" data-e-type=\"column\">\n\t\t\t<div class=\"elementor-widget-wrap elementor-element-populated\">\n\t\t\t\t\t\t<div class=\"elementor-element elementor-element-4b823417 elementor-widget elementor-widget-heading\" data-id=\"4b823417\" data-element_type=\"widget\" data-e-type=\"widget\" data-widget_type=\"heading.default\">\n\t\t\t\t\t<h2 class=\"elementor-heading-title elementor-size-default\">ESTRUTURA CURRICULAR<\/h2>\t\t\t\t<\/div>\n\t\t\t\t\t<\/div>\n\t\t<\/div>\n\t\t\t\t\t<\/div>\n\t\t<\/section>\n\t\t\t\t<section class=\"elementor-section elementor-top-section elementor-element elementor-element-4343927b elementor-section-boxed elementor-section-height-default elementor-section-height-default\" data-id=\"4343927b\" data-element_type=\"section\" data-e-type=\"section\">\n\t\t\t\t\t\t<div class=\"elementor-container elementor-column-gap-default\">\n\t\t\t\t\t<div class=\"elementor-column elementor-col-100 elementor-top-column elementor-element elementor-element-32310f89\" data-id=\"32310f89\" data-element_type=\"column\" data-e-type=\"column\">\n\t\t\t<div class=\"elementor-widget-wrap elementor-element-populated\">\n\t\t\t\t\t\t<div class=\"elementor-element elementor-element-7ff3f5bf elementor-widget elementor-widget-text-editor\" data-id=\"7ff3f5bf\" data-element_type=\"widget\" data-e-type=\"widget\" data-widget_type=\"text-editor.default\">\n\t\t\t\t\t\t\t\t\t<p dir=\"ltr\" style=\"line-height: 1.7999999999999998; margin-top: 0pt; margin-bottom: 0pt;\"><span style=\"font-size: 12pt; font-family: 'Century Gothic',sans-serif; color: #000000; background-color: transparent; font-weight: 400; font-style: normal; font-variant: normal; text-decoration: none; vertical-align: baseline; white-space: pre-wrap;\">Com aulas\u00a0pela manh\u00e3, os alunos do Ensino M\u00e9dio vivenciam um curr\u00edculo comum e obrigat\u00f3rio para todos e, <span style=\"font-family: 'Century Gothic', sans-serif; font-size: 16px; font-style: normal; font-variant-ligatures: normal; font-variant-caps: normal; font-weight: 400;\">durante a tarde,<\/span> complementam suas jornadas com as pr\u00e1ticas que escolheram (aulas optativas ou complementares).\u00a0<\/span><\/p><p dir=\"ltr\" style=\"line-height: 1.7999999999999998; margin-top: 0pt; margin-bottom: 0pt;\"><span style=\"font-size: 12pt; font-family: 'Century Gothic',sans-serif; color: #000000; background-color: transparent; font-weight: 400; font-style: normal; font-variant: normal; text-decoration: none; vertical-align: baseline; white-space: pre-wrap;\">\u00a0<\/span><\/p><p dir=\"ltr\" style=\"line-height: 1.7999999999999998; margin-top: 0pt; margin-bottom: 0pt;\"><span style=\"font-size: 12pt; font-family: 'Century Gothic',sans-serif; color: #000000; background-color: transparent; font-weight: 400; font-style: normal; font-variant: normal; text-decoration: none; vertical-align: baseline; white-space: pre-wrap;\">No curr\u00edculo obrigat\u00f3rio, pensamos no desenvolvimento de todas as aulas que estruturam o percurso de conhecimento geral e amplo.\u00a0J\u00e1 nas aulas optativas, encontramos aquelas situa\u00e7\u00f5es de aprendizagens que o aluno possui maior identifica\u00e7\u00e3o ou ainda, gostaria de conhecer e experimentar.<\/span><\/p><p dir=\"ltr\" style=\"line-height: 1.7999999999999998; margin-top: 0pt; margin-bottom: 0pt;\"><span style=\"font-size: 12pt; font-family: 'Century Gothic',sans-serif; color: #000000; background-color: transparent; font-weight: 400; font-style: normal; font-variant: normal; text-decoration: none; vertical-align: baseline; white-space: pre-wrap;\">\u00a0<\/span><\/p><p dir=\"ltr\" style=\"line-height: 1.7999999999999998; margin-top: 0pt; margin-bottom: 0pt;\"><span style=\"font-size: 12pt; font-family: 'Century Gothic',sans-serif; color: #000000; background-color: transparent; font-weight: 400; font-style: normal; font-variant: normal; text-decoration: none; vertical-align: baseline; white-space: pre-wrap;\">As escolhas das aulas optativas se d\u00e1 no in\u00edcio de cada semestre e os alunos podem realiz\u00e1-las\u00a0 acompanhados de suas fam\u00edlias e com o apoio da escola.<\/span><\/p>\t\t\t\t\t\t\t\t<\/div>\n\t\t\t\t\t<\/div>\n\t\t<\/div>\n\t\t\t\t\t<\/div>\n\t\t<\/section>\n\t\t\t\t<section class=\"elementor-section elementor-top-section elementor-element elementor-element-774acf2a elementor-section-boxed elementor-section-height-default elementor-section-height-default\" data-id=\"774acf2a\" data-element_type=\"section\" data-e-type=\"section\">\n\t\t\t\t\t\t<div class=\"elementor-container elementor-column-gap-default\">\n\t\t\t\t\t<div class=\"elementor-column elementor-col-100 elementor-top-column elementor-element elementor-element-6b22bbbb\" data-id=\"6b22bbbb\" data-element_type=\"column\" data-e-type=\"column\">\n\t\t\t<div class=\"elementor-widget-wrap elementor-element-populated\">\n\t\t\t\t\t\t<div class=\"elementor-element elementor-element-59376100 elementor-widget elementor-widget-heading\" data-id=\"59376100\" data-element_type=\"widget\" data-e-type=\"widget\" data-widget_type=\"heading.default\">\n\t\t\t\t\t<h2 class=\"elementor-heading-title elementor-size-default\">CURR\u00cdCULO COMPLEMENTAR (OPCIONAL)<\/h2>\t\t\t\t<\/div>\n\t\t\t\t\t<\/div>\n\t\t<\/div>\n\t\t\t\t\t<\/div>\n\t\t<\/section>\n\t\t\t\t<section class=\"elementor-section elementor-top-section elementor-element elementor-element-7f8326f9 elementor-section-boxed elementor-section-height-default elementor-section-height-default\" data-id=\"7f8326f9\" data-element_type=\"section\" data-e-type=\"section\">\n\t\t\t\t\t\t<div class=\"elementor-container elementor-column-gap-default\">\n\t\t\t\t\t<div class=\"elementor-column elementor-col-100 elementor-top-column elementor-element elementor-element-7e1d9166\" data-id=\"7e1d9166\" data-element_type=\"column\" data-e-type=\"column\">\n\t\t\t<div class=\"elementor-widget-wrap elementor-element-populated\">\n\t\t\t\t\t\t<div class=\"elementor-element elementor-element-22e53003 elementor-widget elementor-widget-text-editor\" data-id=\"22e53003\" data-element_type=\"widget\" data-e-type=\"widget\" data-widget_type=\"text-editor.default\">\n\t\t\t\t\t\t\t\t\t<p dir=\"ltr\" style=\"line-height: 1.7999999999999998; margin-top: 0pt; margin-bottom: 0pt;\"><span style=\"font-size: 12pt; font-family: 'Century Gothic',sans-serif; color: #000000; background-color: transparent; font-weight: 400; font-style: normal; font-variant: normal; text-decoration: none; vertical-align: baseline; white-space: pre-wrap;\">A proposta do Ensino M\u00e9dio, valoriza os interesses pessoais do aluno e busca incentivar o desenvolvimento do desejo de aprender. Al\u00e9m das oportunidades de&nbsp; conhecimento que o curr\u00edculo regular oferece,&nbsp; existem projetos e espa\u00e7os para o desenvolvimento de pesquisas opcionais.&nbsp;<\/span><\/p>\n<p dir=\"ltr\" style=\"line-height: 1.7999999999999998; margin-top: 0pt; margin-bottom: 0pt;\"><span style=\"font-size: 12pt; font-family: 'Century Gothic',sans-serif; color: #000000; background-color: transparent; font-weight: 400; font-style: normal; font-variant: normal; text-decoration: none; vertical-align: baseline; white-space: pre-wrap;\">&nbsp;<\/span><\/p>\n<p dir=\"ltr\" style=\"line-height: 1.7999999999999998; margin-top: 0pt; margin-bottom: 0pt;\"><span style=\"font-size: 12pt; font-family: 'Century Gothic',sans-serif; color: #000000; background-color: transparent; font-weight: 400; font-style: normal; font-variant: normal; text-decoration: none; vertical-align: baseline; white-space: pre-wrap;\">Atrav\u00e9s das parcerias com professores, pesquisadores e colegas, os alunos v\u00e3o desenvolver conhecimentos espec\u00edficos sobre diferentes pr\u00e1ticas sociais e experimentam a concretude de suas pesquisas.&nbsp;<\/span><\/p>\n<p dir=\"ltr\" style=\"line-height: 1.7999999999999998; margin-top: 0pt; margin-bottom: 0pt;\"><span style=\"background-color: transparent; color: #000000; font-family: 'Century Gothic', sans-serif; font-size: 12pt; font-style: normal; font-variant-ligatures: normal; font-variant-caps: normal; font-weight: 400; white-space: pre-wrap;\">&nbsp;<\/span><\/p>\n<p dir=\"ltr\" style=\"line-height: 1.7999999999999998; margin-top: 0pt; margin-bottom: 0pt;\"><span style=\"background-color: transparent; color: #000000; font-family: 'Century Gothic', sans-serif; font-size: 12pt; font-style: normal; font-variant-ligatures: normal; font-variant-caps: normal; font-weight: 400; white-space: pre-wrap;\">S\u00e3o possibilidades opcionais para desenvolvimento de pesquisa:<\/span><\/p>\t\t\t\t\t\t\t\t<\/div>\n\t\t\t\t\t<\/div>\n\t\t<\/div>\n\t\t\t\t\t<\/div>\n\t\t<\/section>\n\t\t\t\t<section class=\"elementor-section elementor-top-section elementor-element elementor-element-23504f6 elementor-section-boxed elementor-section-height-default elementor-section-height-default\" data-id=\"23504f6\" data-element_type=\"section\" data-e-type=\"section\">\n\t\t\t\t\t\t<div class=\"elementor-container elementor-column-gap-default\">\n\t\t\t\t\t<div class=\"elementor-column elementor-col-50 elementor-top-column elementor-element elementor-element-75e1dc46\" data-id=\"75e1dc46\" data-element_type=\"column\" data-e-type=\"column\">\n\t\t\t<div class=\"elementor-widget-wrap elementor-element-populated\">\n\t\t\t\t\t\t<div class=\"elementor-element elementor-element-47984b2d elementor-widget elementor-widget-heading\" data-id=\"47984b2d\" data-element_type=\"widget\" data-e-type=\"widget\" data-widget_type=\"heading.default\">\n\t\t\t\t\t<h2 class=\"elementor-heading-title elementor-size-default\">CULTURA MIDI\u00c1TICA<br>PR\u00c1TICAS DE RACIOC\u00cdNIO<\/h2>\t\t\t\t<\/div>\n\t\t\t\t\t<\/div>\n\t\t<\/div>\n\t\t\t\t<div class=\"elementor-column elementor-col-50 elementor-top-column elementor-element elementor-element-646a4b6b\" data-id=\"646a4b6b\" data-element_type=\"column\" data-e-type=\"column\">\n\t\t\t<div class=\"elementor-widget-wrap elementor-element-populated\">\n\t\t\t\t\t\t<div class=\"elementor-element elementor-element-21ad7de6 elementor-widget elementor-widget-heading\" data-id=\"21ad7de6\" data-element_type=\"widget\" data-e-type=\"widget\" data-widget_type=\"heading.default\">\n\t\t\t\t\t<h2 class=\"elementor-heading-title elementor-size-default\">\u00c9TICA E CULTURA<br>LINGUAGENS EXPRESSIVAS<\/h2>\t\t\t\t<\/div>\n\t\t\t\t\t<\/div>\n\t\t<\/div>\n\t\t\t\t\t<\/div>\n\t\t<\/section>\n\t\t\t\t<\/div>\n\t\t","protected":false},"excerpt":{"rendered":"<p>ESTRUTURA CURRICULAR Com aulas\u00a0pela manh\u00e3, os alunos do Ensino M\u00e9dio vivenciam um curr\u00edculo comum e obrigat\u00f3rio para todos e, durante [&hellip;]<\/p>\n","protected":false},"author":1,"featured_media":0,"parent":0,"menu_order":0,"comment_status":"closed","ping_status":"closed","template":"elementor_header_footer","meta":{"site-sidebar-layout":"no-sidebar","site-content-layout":"","ast-site-content-layout":"full-width-container","site-content-style":"default","site-sidebar-style":"default","ast-global-header-display":"","ast-banner-title-visibility":"","ast-main-header-display":"","ast-hfb-above-header-display":"","ast-hfb-below-header-display":"","ast-hfb-mobile-header-display":"","site-post-title":"","ast-breadcrumbs-content":"","ast-featured-img":"disabled","footer-sml-layout":"","ast-disable-related-posts":"","theme-transparent-header-meta":"","adv-header-id-meta":"","stick-header-meta":"","header-above-stick-meta":"","header-main-stick-meta":"","header-below-stick-meta":"","astra-migrate-meta-layouts":"default","ast-page-background-enabled":"default","ast-page-background-meta":{"desktop":{"background-color":"var(--ast-global-color-5)","background-image":"","background-repeat":"repeat","background-position":"center center","background-size":"auto","background-attachment":"scroll","background-type":"","background-media":"","overlay-type":"","overlay-color":"","overlay-opacity":"","overlay-gradient":""},"tablet":{"background-color":"","background-image":"","background-repeat":"repeat","background-position":"center center","background-size":"auto","background-attachment":"scroll","background-type":"","background-media":"","overlay-type":"","overlay-color":"","overlay-opacity":"","overlay-gradient":""},"mobile":{"background-color":"","background-image":"","background-repeat":"repeat","background-position":"center center","background-size":"auto","background-attachment":"scroll","background-type":"","background-media":"","overlay-type":"","overlay-color":"","overlay-opacity":"","overlay-gradient":""}},"ast-content-background-meta":{"desktop":{"background-color":"var(--ast-global-color-4)","background-image":"","background-repeat":"repeat","background-position":"center center","background-size":"auto","background-attachment":"scroll","background-type":"","background-media":"","overlay-type":"","overlay-color":"","overlay-opacity":"","overlay-gradient":""},"tablet":{"background-color":"var(--ast-global-color-4)","background-image":"","background-repeat":"repeat","background-position":"center center","background-size":"auto","background-attachment":"scroll","background-type":"","background-media":"","overlay-type":"","overlay-color":"","overlay-opacity":"","overlay-gradient":""},"mobile":{"background-color":"var(--ast-global-color-4)","background-image":"","background-repeat":"repeat","background-position":"center center","background-size":"auto","background-attachment":"scroll","background-type":"","background-media":"","overlay-type":"","overlay-color":"","overlay-opacity":"","overlay-gradient":""}},"footnotes":""},"class_list":["post-78","page","type-page","status-publish","hentry"],"_links":{"self":[{"href":"https:\/\/serverartseven.com.br\/colegioaugustoruschi\/wp-json\/wp\/v2\/pages\/78","targetHints":{"allow":["GET"]}}],"collection":[{"href":"https:\/\/serverartseven.com.br\/colegioaugustoruschi\/wp-json\/wp\/v2\/pages"}],"about":[{"href":"https:\/\/serverartseven.com.br\/colegioaugustoruschi\/wp-json\/wp\/v2\/types\/page"}],"author":[{"embeddable":true,"href":"https:\/\/serverartseven.com.br\/colegioaugustoruschi\/wp-json\/wp\/v2\/users\/1"}],"replies":[{"embeddable":true,"href":"https:\/\/serverartseven.com.br\/colegioaugustoruschi\/wp-json\/wp\/v2\/comments?post=78"}],"version-history":[{"count":7,"href":"https:\/\/serverartseven.com.br\/colegioaugustoruschi\/wp-json\/wp\/v2\/pages\/78\/revisions"}],"predecessor-version":[{"id":174,"href":"https:\/\/serverartseven.com.br\/colegioaugustoruschi\/wp-json\/wp\/v2\/pages\/78\/revisions\/174"}],"wp:attachment":[{"href":"https:\/\/serverartseven.com.br\/colegioaugustoruschi\/wp-json\/wp\/v2\/media?parent=78"}],"curies":[{"name":"wp","href":"https:\/\/api.w.org\/{rel}","templated":true}]}}