{"id":14,"date":"2024-06-28T16:22:32","date_gmt":"2024-06-28T16:22:32","guid":{"rendered":"https:\/\/serverartseven.com.br\/mbffixadores\/?page_id=14"},"modified":"2024-07-17T16:58:31","modified_gmt":"2024-07-17T16:58:31","slug":"quem-somos","status":"publish","type":"page","link":"https:\/\/serverartseven.com.br\/mbffixadores\/quem-somos\/","title":{"rendered":"Quem Somos"},"content":{"rendered":"\t\t<div data-elementor-type=\"wp-page\" data-elementor-id=\"14\" class=\"elementor elementor-14\">\n\t\t\t\t<div class=\"elementor-element elementor-element-ecd1684 e-flex e-con-boxed e-con e-parent\" data-id=\"ecd1684\" data-element_type=\"container\" data-settings=\"{&quot;background_background&quot;:&quot;classic&quot;}\">\n\t\t\t\t\t<div class=\"e-con-inner\">\n\t\t\t\t<div class=\"elementor-element elementor-element-d2c7c4f elementor-widget elementor-widget-heading\" data-id=\"d2c7c4f\" data-element_type=\"widget\" data-widget_type=\"heading.default\">\n\t\t\t\t<div class=\"elementor-widget-container\">\n\t\t\t<style>\/*! elementor - v3.22.0 - 26-06-2024 *\/\n.elementor-heading-title{padding:0;margin:0;line-height:1}.elementor-widget-heading .elementor-heading-title[class*=elementor-size-]>a{color:inherit;font-size:inherit;line-height:inherit}.elementor-widget-heading .elementor-heading-title.elementor-size-small{font-size:15px}.elementor-widget-heading .elementor-heading-title.elementor-size-medium{font-size:19px}.elementor-widget-heading .elementor-heading-title.elementor-size-large{font-size:29px}.elementor-widget-heading .elementor-heading-title.elementor-size-xl{font-size:39px}.elementor-widget-heading .elementor-heading-title.elementor-size-xxl{font-size:59px}<\/style><h2 class=\"elementor-heading-title elementor-size-default\">Quem Somos<\/h2>\t\t<\/div>\n\t\t\t\t<\/div>\n\t\t\t\t\t<\/div>\n\t\t\t\t<\/div>\n\t\t<div class=\"elementor-element elementor-element-bdd5c53 e-con-full e-flex e-con e-parent\" data-id=\"bdd5c53\" data-element_type=\"container\">\n\t\t<div class=\"elementor-element elementor-element-bddfd61 e-con-full e-flex e-con e-child\" data-id=\"bddfd61\" data-element_type=\"container\">\n\t\t\t\t<div class=\"elementor-element elementor-element-4e4dde9 elementor-widget elementor-widget-image\" data-id=\"4e4dde9\" data-element_type=\"widget\" data-widget_type=\"image.default\">\n\t\t\t\t<div class=\"elementor-widget-container\">\n\t\t\t<style>\/*! elementor - v3.22.0 - 26-06-2024 *\/\n.elementor-widget-image{text-align:center}.elementor-widget-image a{display:inline-block}.elementor-widget-image a img[src$=\".svg\"]{width:48px}.elementor-widget-image img{vertical-align:middle;display:inline-block}<\/style>\t\t\t\t\t\t\t\t\t\t<img fetchpriority=\"high\" decoding=\"async\" width=\"978\" height=\"663\" src=\"https:\/\/serverartseven.com.br\/mbffixadores\/wp-content\/uploads\/2024\/06\/Rectangle-74.png\" class=\"attachment-large size-large wp-image-95\" alt=\"\" srcset=\"https:\/\/serverartseven.com.br\/mbffixadores\/wp-content\/uploads\/2024\/06\/Rectangle-74.png 978w, https:\/\/serverartseven.com.br\/mbffixadores\/wp-content\/uploads\/2024\/06\/Rectangle-74-600x407.png 600w, https:\/\/serverartseven.com.br\/mbffixadores\/wp-content\/uploads\/2024\/06\/Rectangle-74-300x203.png 300w, https:\/\/serverartseven.com.br\/mbffixadores\/wp-content\/uploads\/2024\/06\/Rectangle-74-768x521.png 768w\" sizes=\"(max-width: 978px) 100vw, 978px\" \/>\t\t\t\t\t\t\t\t\t\t\t\t\t<\/div>\n\t\t\t\t<\/div>\n\t\t\t\t<\/div>\n\t\t<div class=\"elementor-element elementor-element-6d85a93 e-con-full elementor-hidden-desktop elementor-hidden-tablet elementor-hidden-mobile e-flex e-con e-child\" data-id=\"6d85a93\" data-element_type=\"container\">\n\t\t\t\t<div class=\"elementor-element elementor-element-9d7f917 elementor-widget elementor-widget-heading\" data-id=\"9d7f917\" data-element_type=\"widget\" data-widget_type=\"heading.default\">\n\t\t\t\t<div class=\"elementor-widget-container\">\n\t\t\t<h2 class=\"elementor-heading-title elementor-size-default\">Sobre a MBF<\/h2>\t\t<\/div>\n\t\t\t\t<\/div>\n\t\t\t\t<div class=\"elementor-element elementor-element-2c175bb elementor-widget elementor-widget-heading\" data-id=\"2c175bb\" data-element_type=\"widget\" data-widget_type=\"heading.default\">\n\t\t\t\t<div class=\"elementor-widget-container\">\n\t\t\t<h2 class=\"elementor-heading-title elementor-size-default\">Nossa hist\u00f3ria e compromisso com a excel\u00eancia<\/h2>\t\t<\/div>\n\t\t\t\t<\/div>\n\t\t\t\t<div class=\"elementor-element elementor-element-0813cb7 elementor-widget elementor-widget-text-editor\" data-id=\"0813cb7\" data-element_type=\"widget\" data-widget_type=\"text-editor.default\">\n\t\t\t\t<div class=\"elementor-widget-container\">\n\t\t\t<style>\/*! elementor - v3.22.0 - 26-06-2024 *\/\n.elementor-widget-text-editor.elementor-drop-cap-view-stacked .elementor-drop-cap{background-color:#69727d;color:#fff}.elementor-widget-text-editor.elementor-drop-cap-view-framed .elementor-drop-cap{color:#69727d;border:3px solid;background-color:transparent}.elementor-widget-text-editor:not(.elementor-drop-cap-view-default) .elementor-drop-cap{margin-top:8px}.elementor-widget-text-editor:not(.elementor-drop-cap-view-default) .elementor-drop-cap-letter{width:1em;height:1em}.elementor-widget-text-editor .elementor-drop-cap{float:left;text-align:center;line-height:1;font-size:50px}.elementor-widget-text-editor .elementor-drop-cap-letter{display:inline-block}<\/style>\t\t\t\t<p><strong>A MBF (Metal\u00fargica Brasileira de Fixadores) possui mais de 40 anos de experi\u00eancia no mercado de fixadores, destacando-se por sua dedica\u00e7\u00e3o \u00e0 qualidade e precis\u00e3o.<\/strong> <br \/><br \/>Com mais de 20 anos de atua\u00e7\u00e3o no fornecimento de fixadores para os setores de Petr\u00f3leo, \u00d3leo e G\u00e1s, somos pioneiros no Brasil a obter a certifica\u00e7\u00e3o API20E e API20F, atendendo \u00e0s rigorosas normas internacionais. Nosso compromisso \u00e9 oferecer solu\u00e7\u00f5es inovadoras e personalizadas para os desafios de nossos clientes.<\/p>\t\t\t\t\t\t<\/div>\n\t\t\t\t<\/div>\n\t\t\t\t<div class=\"elementor-element elementor-element-ce480bd elementor-mobile-align-center elementor-widget elementor-widget-button\" data-id=\"ce480bd\" data-element_type=\"widget\" data-widget_type=\"button.default\">\n\t\t\t\t<div class=\"elementor-widget-container\">\n\t\t\t\t\t<div class=\"elementor-button-wrapper\">\n\t\t\t<a class=\"elementor-button elementor-button-link elementor-size-sm\" href=\"https:\/\/serverartseven.com.br\/mbffixadores\/quem-somos\/\">\n\t\t\t\t\t\t<span class=\"elementor-button-content-wrapper\">\n\t\t\t\t\t\t\t\t\t<span class=\"elementor-button-text\">Saiba mais<\/span>\n\t\t\t\t\t<\/span>\n\t\t\t\t\t<\/a>\n\t\t<\/div>\n\t\t\t\t<\/div>\n\t\t\t\t<\/div>\n\t\t\t\t<\/div>\n\t\t\t\t<\/div>\n\t\t<div class=\"elementor-element elementor-element-d71f18a e-flex e-con-boxed e-con e-parent\" data-id=\"d71f18a\" data-element_type=\"container\">\n\t\t\t\t\t<div class=\"e-con-inner\">\n\t\t\t\t<div class=\"elementor-element elementor-element-4c0f773 elementor-widget elementor-widget-heading\" data-id=\"4c0f773\" data-element_type=\"widget\" data-widget_type=\"heading.default\">\n\t\t\t\t<div class=\"elementor-widget-container\">\n\t\t\t<h2 class=\"elementor-heading-title elementor-size-default\">Quem somos<\/h2>\t\t<\/div>\n\t\t\t\t<\/div>\n\t\t\t\t<div class=\"elementor-element elementor-element-7119964 elementor-widget elementor-widget-text-editor\" data-id=\"7119964\" data-element_type=\"widget\" data-widget_type=\"text-editor.default\">\n\t\t\t\t<div class=\"elementor-widget-container\">\n\t\t\t\t\t\t\t<p>Fundada em 2013, a MBF &#8211; Metal\u00fargica Brasileira de Fixadores traz a expertise de uma equipe com mais de 40 anos de experi\u00eancia no mercado de fixadores especiais. Nossa empresa se destaca pela atua\u00e7\u00e3o em diversos segmentos industriais, incluindo \u00d3leo &amp; G\u00e1s, Petr\u00f3leo, Minera\u00e7\u00e3o, Siderurgia, Metal\u00fargica, Petroqu\u00edmica, Papel e Celulose. Operamos com efici\u00eancia tanto no mercado nacional quanto internacional desde nossa funda\u00e7\u00e3o.<\/p><p>Desde o in\u00edcio, temos investido continuamente em nosso parque industrial, visando a completa autonomia em todos os processos produtivos de fixadores. Este comprometimento nos permite manter rela\u00e7\u00f5es saud\u00e1veis com todas as partes interessadas, sem abrir m\u00e3o do cuidado com o meio ambiente, a sa\u00fade e a seguran\u00e7a de nossos colaboradores.<\/p><p>A busca constante por inova\u00e7\u00e3o, padroniza\u00e7\u00e3o e confiabilidade em nossos processos \u00e9 sustentada por um robusto sistema de Gest\u00e3o da Qualidade. Orgulhamo-nos de possuir certifica\u00e7\u00f5es reconhecidas internacionalmente, como APIQ1, API20E, API20F e ISO 9001:2015, que atestam nosso compromisso com a excel\u00eancia.<\/p><p>Em 2020, expandimos nossas opera\u00e7\u00f5es para o segmento de caldeiraria, equipados com uma estrutura completa que inclui calandras, m\u00e1quinas de soldagem MIG\/TIG e arco submerso, al\u00e9m de processos qualificados de END e soldagem. Esta diversifica\u00e7\u00e3o fortalece nossa capacidade de atender \u00e0s demandas espec\u00edficas de nossos clientes com solu\u00e7\u00f5es integradas e de alta qualidade.<\/p>\t\t\t\t\t\t<\/div>\n\t\t\t\t<\/div>\n\t\t\t\t<div class=\"elementor-element elementor-element-0b02269 elementor-widget elementor-widget-heading\" data-id=\"0b02269\" data-element_type=\"widget\" data-widget_type=\"heading.default\">\n\t\t\t\t<div class=\"elementor-widget-container\">\n\t\t\t<h2 class=\"elementor-heading-title elementor-size-default\">Miss\u00e3o<\/h2>\t\t<\/div>\n\t\t\t\t<\/div>\n\t\t\t\t<div class=\"elementor-element elementor-element-811e5a0 elementor-widget elementor-widget-text-editor\" data-id=\"811e5a0\" data-element_type=\"widget\" data-widget_type=\"text-editor.default\">\n\t\t\t\t<div class=\"elementor-widget-container\">\n\t\t\t\t\t\t\t<p>Contribuir para a evolu\u00e7\u00e3o tecnol\u00f3gica e mec\u00e2nica global, unindo pe\u00e7as e pessoas.<\/p>\t\t\t\t\t\t<\/div>\n\t\t\t\t<\/div>\n\t\t\t\t<div class=\"elementor-element elementor-element-bd00e2f elementor-widget elementor-widget-heading\" data-id=\"bd00e2f\" data-element_type=\"widget\" data-widget_type=\"heading.default\">\n\t\t\t\t<div class=\"elementor-widget-container\">\n\t\t\t<h2 class=\"elementor-heading-title elementor-size-default\">Vis\u00e3o<\/h2>\t\t<\/div>\n\t\t\t\t<\/div>\n\t\t\t\t<div class=\"elementor-element elementor-element-205e067 elementor-widget elementor-widget-text-editor\" data-id=\"205e067\" data-element_type=\"widget\" data-widget_type=\"text-editor.default\">\n\t\t\t\t<div class=\"elementor-widget-container\">\n\t\t\t\t\t\t\t<p>Ser refer\u00eancia nacional no segmento de fixadores e conquistar novos mercados internacionais, entregando inova\u00e7\u00e3o, produtos de alta qualidade e cultivando \u00f3timos relacionamentos com nossos parceiros.<\/p>\t\t\t\t\t\t<\/div>\n\t\t\t\t<\/div>\n\t\t\t\t<div class=\"elementor-element elementor-element-fc3545e elementor-widget elementor-widget-heading\" data-id=\"fc3545e\" data-element_type=\"widget\" data-widget_type=\"heading.default\">\n\t\t\t\t<div class=\"elementor-widget-container\">\n\t\t\t<h2 class=\"elementor-heading-title elementor-size-default\">Valores<\/h2>\t\t<\/div>\n\t\t\t\t<\/div>\n\t\t\t\t<div class=\"elementor-element elementor-element-dcf718d elementor-widget elementor-widget-text-editor\" data-id=\"dcf718d\" data-element_type=\"widget\" data-widget_type=\"text-editor.default\">\n\t\t\t\t<div class=\"elementor-widget-container\">\n\t\t\t\t\t\t\t<ul><li>Satisfa\u00e7\u00e3o do cliente<\/li><li><p>Inova\u00e7\u00e3o<\/p><\/li><li><p>Qualidade<\/p><\/li><li><p>Valoriza\u00e7\u00e3o e respeito \u00e0s pessoas<\/p><\/li><li><p>Resultados<\/p><\/li><li><p>Seguran\u00e7a e Meio Ambiente<\/p><\/li><li><p>\u00a0\u00c9tica e transpar\u00eancia<\/p><\/li><\/ul>\t\t\t\t\t\t<\/div>\n\t\t\t\t<\/div>\n\t\t\t\t<div class=\"elementor-element elementor-element-b75af46 elementor-widget elementor-widget-text-editor\" data-id=\"b75af46\" data-element_type=\"widget\" data-widget_type=\"text-editor.default\">\n\t\t\t\t<div class=\"elementor-widget-container\">\n\t\t\t\t\t\t\t<p>A MBF &#8211; Metal\u00fargica Brasileira de Fixadores \u00e9 uma das principais empresas nacionais no segmento de fixadores especiais, comprometida com a excel\u00eancia e a inova\u00e7\u00e3o, e pronta para enfrentar os desafios do mercado global.<\/p>\t\t\t\t\t\t<\/div>\n\t\t\t\t<\/div>\n\t\t\t\t\t<\/div>\n\t\t\t\t<\/div>\n\t\t<div class=\"elementor-element elementor-element-1cfe6ef e-flex e-con-boxed e-con e-parent\" data-id=\"1cfe6ef\" data-element_type=\"container\" data-settings=\"{&quot;background_background&quot;:&quot;gradient&quot;}\">\n\t\t\t\t\t<div class=\"e-con-inner\">\n\t\t\t\t<div class=\"elementor-element elementor-element-bb787c2 elementor-widget elementor-widget-heading\" data-id=\"bb787c2\" data-element_type=\"widget\" data-widget_type=\"heading.default\">\n\t\t\t\t<div class=\"elementor-widget-container\">\n\t\t\t<h2 class=\"elementor-heading-title elementor-size-default\">Solu\u00e7\u00f5es sob demanda<\/h2>\t\t<\/div>\n\t\t\t\t<\/div>\n\t\t\t\t<div class=\"elementor-element elementor-element-04a2a01 elementor-widget elementor-widget-text-editor\" data-id=\"04a2a01\" data-element_type=\"widget\" data-widget_type=\"text-editor.default\">\n\t\t\t\t<div class=\"elementor-widget-container\">\n\t\t\t\t\t\t\tConhe\u00e7a nossa estrutura de atendimento atrav\u00e9s de nossos consultores especializados.\t\t\t\t\t\t<\/div>\n\t\t\t\t<\/div>\n\t\t\t\t<div class=\"elementor-element elementor-element-0c2dbef elementor-align-center elementor-widget elementor-widget-button\" data-id=\"0c2dbef\" data-element_type=\"widget\" data-widget_type=\"button.default\">\n\t\t\t\t<div class=\"elementor-widget-container\">\n\t\t\t\t\t<div class=\"elementor-button-wrapper\">\n\t\t\t<a class=\"elementor-button elementor-button-link elementor-size-sm\" href=\"https:\/\/serverartseven.com.br\/mbffixadores\/contato\/\">\n\t\t\t\t\t\t<span class=\"elementor-button-content-wrapper\">\n\t\t\t\t\t\t\t\t\t<span class=\"elementor-button-text\">Saiba mais<\/span>\n\t\t\t\t\t<\/span>\n\t\t\t\t\t<\/a>\n\t\t<\/div>\n\t\t\t\t<\/div>\n\t\t\t\t<\/div>\n\t\t\t\t\t<\/div>\n\t\t\t\t<\/div>\n\t\t\t\t<\/div>\n\t\t","protected":false},"excerpt":{"rendered":"<p>Quem Somos Sobre a MBF Nossa hist\u00f3ria e compromisso com a excel\u00eancia A MBF (Metal\u00fargica Brasileira de Fixadores) possui mais [&hellip;]<\/p>\n","protected":false},"author":1,"featured_media":0,"parent":0,"menu_order":0,"comment_status":"closed","ping_status":"closed","template":"","meta":{"site-sidebar-layout":"no-sidebar","site-content-layout":"","ast-site-content-layout":"full-width-container","site-content-style":"default","site-sidebar-style":"default","ast-global-header-display":"","ast-banner-title-visibility":"","ast-main-header-display":"","ast-hfb-above-header-display":"","ast-hfb-below-header-display":"","ast-hfb-mobile-header-display":"","site-post-title":"disabled","ast-breadcrumbs-content":"","ast-featured-img":"disabled","footer-sml-layout":"","theme-transparent-header-meta":"","adv-header-id-meta":"","stick-header-meta":"","header-above-stick-meta":"","header-main-stick-meta":"","header-below-stick-meta":"","astra-migrate-meta-layouts":"default","ast-page-background-enabled":"default","ast-page-background-meta":{"desktop":{"background-color":"var(--ast-global-color-4)","background-image":"","background-repeat":"repeat","background-position":"center center","background-size":"auto","background-attachment":"scroll","background-type":"","background-media":"","overlay-type":"","overlay-color":"","overlay-opacity":"","overlay-gradient":""},"tablet":{"background-color":"","background-image":"","background-repeat":"repeat","background-position":"center center","background-size":"auto","background-attachment":"scroll","background-type":"","background-media":"","overlay-type":"","overlay-color":"","overlay-opacity":"","overlay-gradient":""},"mobile":{"background-color":"","background-image":"","background-repeat":"repeat","background-position":"center center","background-size":"auto","background-attachment":"scroll","background-type":"","background-media":"","overlay-type":"","overlay-color":"","overlay-opacity":"","overlay-gradient":""}},"ast-content-background-meta":{"desktop":{"background-color":"var(--ast-global-color-5)","background-image":"","background-repeat":"repeat","background-position":"center center","background-size":"auto","background-attachment":"scroll","background-type":"","background-media":"","overlay-type":"","overlay-color":"","overlay-opacity":"","overlay-gradient":""},"tablet":{"background-color":"var(--ast-global-color-5)","background-image":"","background-repeat":"repeat","background-position":"center center","background-size":"auto","background-attachment":"scroll","background-type":"","background-media":"","overlay-type":"","overlay-color":"","overlay-opacity":"","overlay-gradient":""},"mobile":{"background-color":"var(--ast-global-color-5)","background-image":"","background-repeat":"repeat","background-position":"center center","background-size":"auto","background-attachment":"scroll","background-type":"","background-media":"","overlay-type":"","overlay-color":"","overlay-opacity":"","overlay-gradient":""}},"footnotes":""},"_links":{"self":[{"href":"https:\/\/serverartseven.com.br\/mbffixadores\/wp-json\/wp\/v2\/pages\/14"}],"collection":[{"href":"https:\/\/serverartseven.com.br\/mbffixadores\/wp-json\/wp\/v2\/pages"}],"about":[{"href":"https:\/\/serverartseven.com.br\/mbffixadores\/wp-json\/wp\/v2\/types\/page"}],"author":[{"embeddable":true,"href":"https:\/\/serverartseven.com.br\/mbffixadores\/wp-json\/wp\/v2\/users\/1"}],"replies":[{"embeddable":true,"href":"https:\/\/serverartseven.com.br\/mbffixadores\/wp-json\/wp\/v2\/comments?post=14"}],"version-history":[{"count":46,"href":"https:\/\/serverartseven.com.br\/mbffixadores\/wp-json\/wp\/v2\/pages\/14\/revisions"}],"predecessor-version":[{"id":722,"href":"https:\/\/serverartseven.com.br\/mbffixadores\/wp-json\/wp\/v2\/pages\/14\/revisions\/722"}],"wp:attachment":[{"href":"https:\/\/serverartseven.com.br\/mbffixadores\/wp-json\/wp\/v2\/media?parent=14"}],"curies":[{"name":"wp","href":"https:\/\/api.w.org\/{rel}","templated":true}]}}