{"id":24,"date":"2024-06-28T16:23:22","date_gmt":"2024-06-28T16:23:22","guid":{"rendered":"https:\/\/serverartseven.com.br\/mbffixadores\/?page_id=24"},"modified":"2024-07-03T21:56:17","modified_gmt":"2024-07-03T21:56:17","slug":"artigos","status":"publish","type":"page","link":"https:\/\/serverartseven.com.br\/mbffixadores\/artigos\/","title":{"rendered":"Artigos"},"content":{"rendered":"\t\t<div data-elementor-type=\"wp-page\" data-elementor-id=\"24\" class=\"elementor elementor-24\">\n\t\t\t\t<div class=\"elementor-element elementor-element-0e093cf e-flex e-con-boxed e-con e-parent\" data-id=\"0e093cf\" data-element_type=\"container\" data-settings=\"{&quot;background_background&quot;:&quot;classic&quot;}\">\n\t\t\t\t\t<div class=\"e-con-inner\">\n\t\t\t\t<div class=\"elementor-element elementor-element-23d0c27 elementor-widget elementor-widget-heading\" data-id=\"23d0c27\" data-element_type=\"widget\" data-widget_type=\"heading.default\">\n\t\t\t\t<div class=\"elementor-widget-container\">\n\t\t\t<style>\/*! elementor - v3.22.0 - 26-06-2024 *\/\n.elementor-heading-title{padding:0;margin:0;line-height:1}.elementor-widget-heading .elementor-heading-title[class*=elementor-size-]>a{color:inherit;font-size:inherit;line-height:inherit}.elementor-widget-heading .elementor-heading-title.elementor-size-small{font-size:15px}.elementor-widget-heading .elementor-heading-title.elementor-size-medium{font-size:19px}.elementor-widget-heading .elementor-heading-title.elementor-size-large{font-size:29px}.elementor-widget-heading .elementor-heading-title.elementor-size-xl{font-size:39px}.elementor-widget-heading .elementor-heading-title.elementor-size-xxl{font-size:59px}<\/style><h2 class=\"elementor-heading-title elementor-size-default\">Artigos<\/h2>\t\t<\/div>\n\t\t\t\t<\/div>\n\t\t\t\t\t<\/div>\n\t\t\t\t<\/div>\n\t\t<div class=\"elementor-element elementor-element-84e14d5 e-flex e-con-boxed e-con e-parent\" data-id=\"84e14d5\" data-element_type=\"container\">\n\t\t\t\t\t<div class=\"e-con-inner\">\n\t\t<div class=\"elementor-element elementor-element-3ff1684 e-con-full e-flex e-con e-child\" data-id=\"3ff1684\" data-element_type=\"container\">\n\t\t\t\t<div class=\"elementor-element elementor-element-78a73d2 elementor-grid-3 elementor-grid-tablet-2 elementor-grid-mobile-1 elementor-posts--thumbnail-top elementor-widget elementor-widget-posts\" data-id=\"78a73d2\" data-element_type=\"widget\" data-settings=\"{&quot;classic_columns&quot;:&quot;3&quot;,&quot;classic_columns_tablet&quot;:&quot;2&quot;,&quot;classic_columns_mobile&quot;:&quot;1&quot;,&quot;classic_row_gap&quot;:{&quot;unit&quot;:&quot;px&quot;,&quot;size&quot;:35,&quot;sizes&quot;:[]},&quot;classic_row_gap_tablet&quot;:{&quot;unit&quot;:&quot;px&quot;,&quot;size&quot;:&quot;&quot;,&quot;sizes&quot;:[]},&quot;classic_row_gap_mobile&quot;:{&quot;unit&quot;:&quot;px&quot;,&quot;size&quot;:&quot;&quot;,&quot;sizes&quot;:[]}}\" data-widget_type=\"posts.classic\">\n\t\t\t\t<div class=\"elementor-widget-container\">\n\t\t\t<link rel=\"stylesheet\" href=\"https:\/\/serverartseven.com.br\/mbffixadores\/wp-content\/plugins\/elementor-pro\/assets\/css\/widget-posts.min.css\">\t\t<div class=\"elementor-posts-container elementor-posts elementor-posts--skin-classic elementor-grid\">\n\t\t\t\t<article class=\"elementor-post elementor-grid-item post-547 post type-post status-publish format-standard has-post-thumbnail hentry category-blog\">\n\t\t\t\t<a class=\"elementor-post__thumbnail__link\" href=\"https:\/\/serverartseven.com.br\/mbffixadores\/duis-porttitor-semper-tristique-in-sit-amet-massa-tellus\/\" >\n\t\t\t<div class=\"elementor-post__thumbnail\"><img fetchpriority=\"high\" decoding=\"async\" width=\"800\" height=\"600\" src=\"https:\/\/serverartseven.com.br\/mbffixadores\/wp-content\/uploads\/2024\/07\/4.jpg\" class=\"attachment-full size-full wp-image-548\" alt=\"\" srcset=\"https:\/\/serverartseven.com.br\/mbffixadores\/wp-content\/uploads\/2024\/07\/4.jpg 800w, https:\/\/serverartseven.com.br\/mbffixadores\/wp-content\/uploads\/2024\/07\/elementor\/thumbs\/4-qql37izarrg4lilsyy4a5blpbysjwjldhn11bc3f6c.jpg 600w, https:\/\/serverartseven.com.br\/mbffixadores\/wp-content\/uploads\/2024\/07\/4-300x225.jpg 300w, https:\/\/serverartseven.com.br\/mbffixadores\/wp-content\/uploads\/2024\/07\/4-768x576.jpg 768w\" sizes=\"(max-width: 800px) 100vw, 800px\" \/><\/div>\n\t\t<\/a>\n\t\t\t\t<div class=\"elementor-post__text\">\n\t\t\t\t<h3 class=\"elementor-post__title\">\n\t\t\t<a href=\"https:\/\/serverartseven.com.br\/mbffixadores\/duis-porttitor-semper-tristique-in-sit-amet-massa-tellus\/\" >\n\t\t\t\tDuis porttitor semper tristique. In sit amet massa tellus\t\t\t<\/a>\n\t\t<\/h3>\n\t\t\t\t<div class=\"elementor-post__meta-data\">\n\t\t\t\t\t<span class=\"elementor-post-date\">\n\t\t\tjulho 3, 2024\t\t<\/span>\n\t\t\t\t<\/div>\n\t\t\t\t<div class=\"elementor-post__excerpt\">\n\t\t\t<p>Nam auctor nec nibh sed varius. Praesent fermentum nulla enim, sed porttitor massa pellentesque vitae. Class aptent taciti sociosqu ad<\/p>\n\t\t<\/div>\n\t\t\t\t\t<a class=\"elementor-post__read-more\" href=\"https:\/\/serverartseven.com.br\/mbffixadores\/duis-porttitor-semper-tristique-in-sit-amet-massa-tellus\/\" >\n\t\t\t\tLeia mais\t\t\t<\/a>\n\t\t\t\t<\/div>\n\t\t\t\t<\/article>\n\t\t\t\t<article class=\"elementor-post elementor-grid-item post-544 post type-post status-publish format-standard has-post-thumbnail hentry category-blog\">\n\t\t\t\t<a class=\"elementor-post__thumbnail__link\" href=\"https:\/\/serverartseven.com.br\/mbffixadores\/pib-em-numeros-graficos-mostram-desempenho-economico-do-brasil-2\/\" >\n\t\t\t<div class=\"elementor-post__thumbnail\"><img decoding=\"async\" width=\"640\" height=\"480\" src=\"https:\/\/serverartseven.com.br\/mbffixadores\/wp-content\/uploads\/2024\/07\/sa.jpg\" class=\"attachment-full size-full wp-image-545\" alt=\"\" srcset=\"https:\/\/serverartseven.com.br\/mbffixadores\/wp-content\/uploads\/2024\/07\/sa.jpg 640w, https:\/\/serverartseven.com.br\/mbffixadores\/wp-content\/uploads\/2024\/07\/sa-600x450.jpg 600w, https:\/\/serverartseven.com.br\/mbffixadores\/wp-content\/uploads\/2024\/07\/sa-300x225.jpg 300w\" sizes=\"(max-width: 640px) 100vw, 640px\" \/><\/div>\n\t\t<\/a>\n\t\t\t\t<div class=\"elementor-post__text\">\n\t\t\t\t<h3 class=\"elementor-post__title\">\n\t\t\t<a href=\"https:\/\/serverartseven.com.br\/mbffixadores\/pib-em-numeros-graficos-mostram-desempenho-economico-do-brasil-2\/\" >\n\t\t\t\tPIB em n\u00fameros: gr\u00e1ficos mostram desempenho econ\u00f4mico do Brasil\t\t\t<\/a>\n\t\t<\/h3>\n\t\t\t\t<div class=\"elementor-post__meta-data\">\n\t\t\t\t\t<span class=\"elementor-post-date\">\n\t\t\tjulho 3, 2024\t\t<\/span>\n\t\t\t\t<\/div>\n\t\t\t\t<div class=\"elementor-post__excerpt\">\n\t\t\t<p>Suspendisse potenti. Aenean neque metus, posuere sit amet odio sed, sodales mattis ipsum. In eu arcu at ligula dapibus posuere<\/p>\n\t\t<\/div>\n\t\t\t\t\t<a class=\"elementor-post__read-more\" href=\"https:\/\/serverartseven.com.br\/mbffixadores\/pib-em-numeros-graficos-mostram-desempenho-economico-do-brasil-2\/\" >\n\t\t\t\tLeia mais\t\t\t<\/a>\n\t\t\t\t<\/div>\n\t\t\t\t<\/article>\n\t\t\t\t<article class=\"elementor-post elementor-grid-item post-538 post type-post status-publish format-standard has-post-thumbnail hentry category-blog\">\n\t\t\t\t<a class=\"elementor-post__thumbnail__link\" href=\"https:\/\/serverartseven.com.br\/mbffixadores\/empresarios-veem-inovacao-na-industria-brasileira-mas-nivel-ainda-e-baixo-2\/\" >\n\t\t\t<div class=\"elementor-post__thumbnail\"><img decoding=\"async\" width=\"640\" height=\"480\" src=\"https:\/\/serverartseven.com.br\/mbffixadores\/wp-content\/uploads\/2024\/07\/96302911-DB46-48F6-AD16-BA4798828490_2.jpg\" class=\"attachment-full size-full wp-image-539\" alt=\"\" srcset=\"https:\/\/serverartseven.com.br\/mbffixadores\/wp-content\/uploads\/2024\/07\/96302911-DB46-48F6-AD16-BA4798828490_2.jpg 640w, https:\/\/serverartseven.com.br\/mbffixadores\/wp-content\/uploads\/2024\/07\/96302911-DB46-48F6-AD16-BA4798828490_2-600x450.jpg 600w, https:\/\/serverartseven.com.br\/mbffixadores\/wp-content\/uploads\/2024\/07\/96302911-DB46-48F6-AD16-BA4798828490_2-300x225.jpg 300w\" sizes=\"(max-width: 640px) 100vw, 640px\" \/><\/div>\n\t\t<\/a>\n\t\t\t\t<div class=\"elementor-post__text\">\n\t\t\t\t<h3 class=\"elementor-post__title\">\n\t\t\t<a href=\"https:\/\/serverartseven.com.br\/mbffixadores\/empresarios-veem-inovacao-na-industria-brasileira-mas-nivel-ainda-e-baixo-2\/\" >\n\t\t\t\tEmpres\u00e1rios veem inova\u00e7\u00e3o na ind\u00fastria brasileira, mas n\u00edvel ainda \u00e9 baixo\t\t\t<\/a>\n\t\t<\/h3>\n\t\t\t\t<div class=\"elementor-post__meta-data\">\n\t\t\t\t\t<span class=\"elementor-post-date\">\n\t\t\tjulho 3, 2024\t\t<\/span>\n\t\t\t\t<\/div>\n\t\t\t\t<div class=\"elementor-post__excerpt\">\n\t\t\t<p>Nulla et magna quis augue facilisis hendrerit a sed urna. Integer varius at dui non vulputate. Sed tincidunt turpis vitae<\/p>\n\t\t<\/div>\n\t\t\t\t\t<a class=\"elementor-post__read-more\" href=\"https:\/\/serverartseven.com.br\/mbffixadores\/empresarios-veem-inovacao-na-industria-brasileira-mas-nivel-ainda-e-baixo-2\/\" >\n\t\t\t\tLeia mais\t\t\t<\/a>\n\t\t\t\t<\/div>\n\t\t\t\t<\/article>\n\t\t\t\t<article class=\"elementor-post elementor-grid-item post-276 post type-post status-publish format-standard has-post-thumbnail hentry category-blog\">\n\t\t\t\t<a class=\"elementor-post__thumbnail__link\" href=\"https:\/\/serverartseven.com.br\/mbffixadores\/pib-em-numeros-graficos-mostram-desempenho-economico-do-brasil\/\" >\n\t\t\t<div class=\"elementor-post__thumbnail\"><img loading=\"lazy\" decoding=\"async\" width=\"463\" height=\"267\" src=\"https:\/\/serverartseven.com.br\/mbffixadores\/wp-content\/uploads\/2024\/07\/Rectangle-29.png\" class=\"attachment-full size-full wp-image-277\" alt=\"\" srcset=\"https:\/\/serverartseven.com.br\/mbffixadores\/wp-content\/uploads\/2024\/07\/Rectangle-29.png 463w, https:\/\/serverartseven.com.br\/mbffixadores\/wp-content\/uploads\/2024\/07\/Rectangle-29-300x173.png 300w\" sizes=\"(max-width: 463px) 100vw, 463px\" \/><\/div>\n\t\t<\/a>\n\t\t\t\t<div class=\"elementor-post__text\">\n\t\t\t\t<h3 class=\"elementor-post__title\">\n\t\t\t<a href=\"https:\/\/serverartseven.com.br\/mbffixadores\/pib-em-numeros-graficos-mostram-desempenho-economico-do-brasil\/\" >\n\t\t\t\tPIB em n\u00fameros: gr\u00e1ficos mostram desempenho econ\u00f4mico do Brasil\t\t\t<\/a>\n\t\t<\/h3>\n\t\t\t\t<div class=\"elementor-post__meta-data\">\n\t\t\t\t\t<span class=\"elementor-post-date\">\n\t\t\tjulho 1, 2024\t\t<\/span>\n\t\t\t\t<\/div>\n\t\t\t\t<div class=\"elementor-post__excerpt\">\n\t\t\t<p>Economia do pa\u00eds recua 0,2% nos tr\u00eas primeiros meses do ano em compara\u00e7\u00e3o ao \u00faltimo trimestre de 2018 e tem<\/p>\n\t\t<\/div>\n\t\t\t\t\t<a class=\"elementor-post__read-more\" href=\"https:\/\/serverartseven.com.br\/mbffixadores\/pib-em-numeros-graficos-mostram-desempenho-economico-do-brasil\/\" >\n\t\t\t\tLeia mais\t\t\t<\/a>\n\t\t\t\t<\/div>\n\t\t\t\t<\/article>\n\t\t\t\t<article class=\"elementor-post elementor-grid-item post-273 post type-post status-publish format-standard has-post-thumbnail hentry category-blog\">\n\t\t\t\t<a class=\"elementor-post__thumbnail__link\" href=\"https:\/\/serverartseven.com.br\/mbffixadores\/empresarios-veem-inovacao-na-industria-brasileira-mas-nivel-ainda-e-baixo\/\" >\n\t\t\t<div class=\"elementor-post__thumbnail\"><img loading=\"lazy\" decoding=\"async\" width=\"463\" height=\"267\" src=\"https:\/\/serverartseven.com.br\/mbffixadores\/wp-content\/uploads\/2024\/07\/Rectangle-28.png\" class=\"attachment-full size-full wp-image-274\" alt=\"\" srcset=\"https:\/\/serverartseven.com.br\/mbffixadores\/wp-content\/uploads\/2024\/07\/Rectangle-28.png 463w, https:\/\/serverartseven.com.br\/mbffixadores\/wp-content\/uploads\/2024\/07\/Rectangle-28-300x173.png 300w\" sizes=\"(max-width: 463px) 100vw, 463px\" \/><\/div>\n\t\t<\/a>\n\t\t\t\t<div class=\"elementor-post__text\">\n\t\t\t\t<h3 class=\"elementor-post__title\">\n\t\t\t<a href=\"https:\/\/serverartseven.com.br\/mbffixadores\/empresarios-veem-inovacao-na-industria-brasileira-mas-nivel-ainda-e-baixo\/\" >\n\t\t\t\tEmpres\u00e1rios veem inova\u00e7\u00e3o na ind\u00fastria brasileira, mas n\u00edvel ainda \u00e9 baixo\t\t\t<\/a>\n\t\t<\/h3>\n\t\t\t\t<div class=\"elementor-post__meta-data\">\n\t\t\t\t\t<span class=\"elementor-post-date\">\n\t\t\tjulho 1, 2024\t\t<\/span>\n\t\t\t\t<\/div>\n\t\t\t\t<div class=\"elementor-post__excerpt\">\n\t\t\t<p>Segundo pesquisa da CNI, fatia dos executivos que considera baixo o grau de inova\u00e7\u00e3o no pa\u00eds caiu de 54% em<\/p>\n\t\t<\/div>\n\t\t\t\t\t<a class=\"elementor-post__read-more\" href=\"https:\/\/serverartseven.com.br\/mbffixadores\/empresarios-veem-inovacao-na-industria-brasileira-mas-nivel-ainda-e-baixo\/\" >\n\t\t\t\tLeia mais\t\t\t<\/a>\n\t\t\t\t<\/div>\n\t\t\t\t<\/article>\n\t\t\t\t<\/div>\n\n\n\t\t\n\t\t\t\t<\/div>\n\t\t\t\t<\/div>\n\t\t\t\t<\/div>\n\t\t\t\t\t<\/div>\n\t\t\t\t<\/div>\n\t\t\t\t<\/div>\n\t\t","protected":false},"excerpt":{"rendered":"<p>Artigos<\/p>\n","protected":false},"author":1,"featured_media":0,"parent":0,"menu_order":0,"comment_status":"closed","ping_status":"closed","template":"","meta":{"site-sidebar-layout":"no-sidebar","site-content-layout":"","ast-site-content-layout":"full-width-container","site-content-style":"default","site-sidebar-style":"default","ast-global-header-display":"","ast-banner-title-visibility":"","ast-main-header-display":"","ast-hfb-above-header-display":"","ast-hfb-below-header-display":"","ast-hfb-mobile-header-display":"","site-post-title":"disabled","ast-breadcrumbs-content":"","ast-featured-img":"disabled","footer-sml-layout":"","theme-transparent-header-meta":"","adv-header-id-meta":"","stick-header-meta":"","header-above-stick-meta":"","header-main-stick-meta":"","header-below-stick-meta":"","astra-migrate-meta-layouts":"default","ast-page-background-enabled":"default","ast-page-background-meta":{"desktop":{"background-color":"var(--ast-global-color-4)","background-image":"","background-repeat":"repeat","background-position":"center center","background-size":"auto","background-attachment":"scroll","background-type":"","background-media":"","overlay-type":"","overlay-color":"","overlay-opacity":"","overlay-gradient":""},"tablet":{"background-color":"","background-image":"","background-repeat":"repeat","background-position":"center center","background-size":"auto","background-attachment":"scroll","background-type":"","background-media":"","overlay-type":"","overlay-color":"","overlay-opacity":"","overlay-gradient":""},"mobile":{"background-color":"","background-image":"","background-repeat":"repeat","background-position":"center center","background-size":"auto","background-attachment":"scroll","background-type":"","background-media":"","overlay-type":"","overlay-color":"","overlay-opacity":"","overlay-gradient":""}},"ast-content-background-meta":{"desktop":{"background-color":"var(--ast-global-color-5)","background-image":"","background-repeat":"repeat","background-position":"center center","background-size":"auto","background-attachment":"scroll","background-type":"","background-media":"","overlay-type":"","overlay-color":"","overlay-opacity":"","overlay-gradient":""},"tablet":{"background-color":"var(--ast-global-color-5)","background-image":"","background-repeat":"repeat","background-position":"center center","background-size":"auto","background-attachment":"scroll","background-type":"","background-media":"","overlay-type":"","overlay-color":"","overlay-opacity":"","overlay-gradient":""},"mobile":{"background-color":"var(--ast-global-color-5)","background-image":"","background-repeat":"repeat","background-position":"center center","background-size":"auto","background-attachment":"scroll","background-type":"","background-media":"","overlay-type":"","overlay-color":"","overlay-opacity":"","overlay-gradient":""}},"footnotes":""},"_links":{"self":[{"href":"https:\/\/serverartseven.com.br\/mbffixadores\/wp-json\/wp\/v2\/pages\/24"}],"collection":[{"href":"https:\/\/serverartseven.com.br\/mbffixadores\/wp-json\/wp\/v2\/pages"}],"about":[{"href":"https:\/\/serverartseven.com.br\/mbffixadores\/wp-json\/wp\/v2\/types\/page"}],"author":[{"embeddable":true,"href":"https:\/\/serverartseven.com.br\/mbffixadores\/wp-json\/wp\/v2\/users\/1"}],"replies":[{"embeddable":true,"href":"https:\/\/serverartseven.com.br\/mbffixadores\/wp-json\/wp\/v2\/comments?post=24"}],"version-history":[{"count":10,"href":"https:\/\/serverartseven.com.br\/mbffixadores\/wp-json\/wp\/v2\/pages\/24\/revisions"}],"predecessor-version":[{"id":552,"href":"https:\/\/serverartseven.com.br\/mbffixadores\/wp-json\/wp\/v2\/pages\/24\/revisions\/552"}],"wp:attachment":[{"href":"https:\/\/serverartseven.com.br\/mbffixadores\/wp-json\/wp\/v2\/media?parent=24"}],"curies":[{"name":"wp","href":"https:\/\/api.w.org\/{rel}","templated":true}]}}