{"id":318,"date":"2025-12-19T19:49:17","date_gmt":"2025-12-19T19:49:17","guid":{"rendered":"https:\/\/serverartseven.com.br\/rline\/?page_id=318"},"modified":"2025-12-19T20:08:51","modified_gmt":"2025-12-19T20:08:51","slug":"parcerias","status":"publish","type":"page","link":"https:\/\/serverartseven.com.br\/rline\/parcerias\/","title":{"rendered":"Parcerias"},"content":{"rendered":"\t\t<div data-elementor-type=\"wp-page\" data-elementor-id=\"318\" class=\"elementor elementor-318\" data-elementor-post-type=\"page\">\n\t\t\t\t<div class=\"elementor-element elementor-element-73e9c92 e-flex e-con-boxed e-con e-parent\" data-id=\"73e9c92\" data-element_type=\"container\" data-e-type=\"container\" data-settings=\"{&quot;background_background&quot;:&quot;classic&quot;}\">\n\t\t\t\t\t<div class=\"e-con-inner\">\n\t\t\t\t<div class=\"elementor-element elementor-element-fb7ab6e elementor-widget elementor-widget-heading\" data-id=\"fb7ab6e\" data-element_type=\"widget\" data-e-type=\"widget\" data-widget_type=\"heading.default\">\n\t\t\t\t\t<h2 class=\"elementor-heading-title elementor-size-default\">PARCER<span style='color:#00A8FF'>I<\/span>AS<\/h2>\t\t\t\t<\/div>\n\t\t\t\t<div class=\"elementor-element elementor-element-34c4c02 elementor-widget elementor-widget-heading\" data-id=\"34c4c02\" data-element_type=\"widget\" data-e-type=\"widget\" data-widget_type=\"heading.default\">\n\t\t\t\t\t<h2 class=\"elementor-heading-title elementor-size-default\">Trabalhamos em parceria com marcas reconhecidas no mercado automotivo, garantindo qualidade, proced\u00eancia e confian\u00e7a em cada ve\u00edculo.<\/h2>\t\t\t\t<\/div>\n\t\t\t\t\t<\/div>\n\t\t\t\t<\/div>\n\t\t<div class=\"elementor-element elementor-element-156e34c e-flex e-con-boxed e-con e-parent\" data-id=\"156e34c\" data-element_type=\"container\" data-e-type=\"container\">\n\t\t\t\t\t<div class=\"e-con-inner\">\n\t\t<div class=\"elementor-element elementor-element-4adb3aa e-con-full e-flex e-con e-child\" data-id=\"4adb3aa\" data-element_type=\"container\" data-e-type=\"container\">\n\t\t\t\t<div class=\"elementor-element elementor-element-59ca369 elementor-widget elementor-widget-image\" data-id=\"59ca369\" data-element_type=\"widget\" data-e-type=\"widget\" data-widget_type=\"image.default\">\n\t\t\t\t\t\t\t\t\t\t\t\t\t\t\t<img decoding=\"async\" width=\"209\" height=\"181\" src=\"https:\/\/serverartseven.com.br\/rline\/wp-content\/uploads\/2025\/12\/marcas-rline-motors-1.png\" class=\"attachment-full size-full wp-image-201\" alt=\"\" \/>\t\t\t\t\t\t\t\t\t\t\t\t\t\t\t<\/div>\n\t\t\t\t<\/div>\n\t\t<div class=\"elementor-element elementor-element-93eced9 e-con-full e-flex e-con e-child\" data-id=\"93eced9\" data-element_type=\"container\" data-e-type=\"container\">\n\t\t\t\t<div class=\"elementor-element elementor-element-9a9781b elementor-widget elementor-widget-image\" data-id=\"9a9781b\" data-element_type=\"widget\" data-e-type=\"widget\" data-widget_type=\"image.default\">\n\t\t\t\t\t\t\t\t\t\t\t\t\t\t\t<img decoding=\"async\" width=\"209\" height=\"181\" src=\"https:\/\/serverartseven.com.br\/rline\/wp-content\/uploads\/2025\/12\/marcas-rline-motors-6.png\" class=\"attachment-full size-full wp-image-200\" alt=\"\" \/>\t\t\t\t\t\t\t\t\t\t\t\t\t\t\t<\/div>\n\t\t\t\t<\/div>\n\t\t<div class=\"elementor-element elementor-element-75c3e9d e-con-full e-flex e-con e-child\" data-id=\"75c3e9d\" data-element_type=\"container\" data-e-type=\"container\">\n\t\t\t\t<div class=\"elementor-element elementor-element-00ad71f elementor-widget elementor-widget-image\" data-id=\"00ad71f\" data-element_type=\"widget\" data-e-type=\"widget\" data-widget_type=\"image.default\">\n\t\t\t\t\t\t\t\t\t\t\t\t\t\t\t<img decoding=\"async\" width=\"209\" height=\"181\" src=\"https:\/\/serverartseven.com.br\/rline\/wp-content\/uploads\/2025\/12\/marcas-rline-motors-5.png\" class=\"attachment-full size-full wp-image-199\" alt=\"\" \/>\t\t\t\t\t\t\t\t\t\t\t\t\t\t\t<\/div>\n\t\t\t\t<\/div>\n\t\t\t\t\t<\/div>\n\t\t\t\t<\/div>\n\t\t<div class=\"elementor-element elementor-element-a211884 e-flex e-con-boxed e-con e-parent\" data-id=\"a211884\" data-element_type=\"container\" data-e-type=\"container\">\n\t\t\t\t\t<div class=\"e-con-inner\">\n\t\t<div class=\"elementor-element elementor-element-ca3b05c e-con-full e-flex e-con e-child\" data-id=\"ca3b05c\" data-element_type=\"container\" data-e-type=\"container\">\n\t\t\t\t<div class=\"elementor-element elementor-element-ed57d49 elementor-widget elementor-widget-image\" data-id=\"ed57d49\" data-element_type=\"widget\" data-e-type=\"widget\" data-widget_type=\"image.default\">\n\t\t\t\t\t\t\t\t\t\t\t\t\t\t\t<img loading=\"lazy\" decoding=\"async\" width=\"209\" height=\"181\" src=\"https:\/\/serverartseven.com.br\/rline\/wp-content\/uploads\/2025\/12\/marcas-rline-motors-4.png\" class=\"attachment-full size-full wp-image-198\" alt=\"\" \/>\t\t\t\t\t\t\t\t\t\t\t\t\t\t\t<\/div>\n\t\t\t\t<\/div>\n\t\t<div class=\"elementor-element elementor-element-c186864 e-con-full e-flex e-con e-child\" data-id=\"c186864\" data-element_type=\"container\" data-e-type=\"container\">\n\t\t\t\t<div class=\"elementor-element elementor-element-9c39c49 elementor-widget elementor-widget-image\" data-id=\"9c39c49\" data-element_type=\"widget\" data-e-type=\"widget\" data-widget_type=\"image.default\">\n\t\t\t\t\t\t\t\t\t\t\t\t\t\t\t<img loading=\"lazy\" decoding=\"async\" width=\"209\" height=\"181\" src=\"https:\/\/serverartseven.com.br\/rline\/wp-content\/uploads\/2025\/12\/marcas-rline-motors-3.png\" class=\"attachment-full size-full wp-image-197\" alt=\"\" \/>\t\t\t\t\t\t\t\t\t\t\t\t\t\t\t<\/div>\n\t\t\t\t<\/div>\n\t\t<div class=\"elementor-element elementor-element-a610a65 e-con-full e-flex e-con e-child\" data-id=\"a610a65\" data-element_type=\"container\" data-e-type=\"container\">\n\t\t\t\t<div class=\"elementor-element elementor-element-5811bb6 elementor-widget elementor-widget-image\" data-id=\"5811bb6\" data-element_type=\"widget\" data-e-type=\"widget\" data-widget_type=\"image.default\">\n\t\t\t\t\t\t\t\t\t\t\t\t\t\t\t<img loading=\"lazy\" decoding=\"async\" width=\"209\" height=\"181\" src=\"https:\/\/serverartseven.com.br\/rline\/wp-content\/uploads\/2025\/12\/marcas-rline-motors-2.png\" class=\"attachment-full size-full wp-image-196\" alt=\"\" \/>\t\t\t\t\t\t\t\t\t\t\t\t\t\t\t<\/div>\n\t\t\t\t<\/div>\n\t\t\t\t\t<\/div>\n\t\t\t\t<\/div>\n\t\t<div class=\"elementor-element elementor-element-0a33641 e-flex e-con-boxed e-con e-parent\" data-id=\"0a33641\" data-element_type=\"container\" data-e-type=\"container\">\n\t\t\t\t\t<div class=\"e-con-inner\">\n\t\t<div class=\"elementor-element elementor-element-75990e0 e-con-full e-flex elementor-invisible e-con e-child\" data-id=\"75990e0\" data-element_type=\"container\" data-e-type=\"container\" data-settings=\"{&quot;background_background&quot;:&quot;classic&quot;,&quot;animation&quot;:&quot;fadeIn&quot;}\">\n\t\t\t\t<div class=\"elementor-element elementor-element-af800fa elementor-widget elementor-widget-heading\" data-id=\"af800fa\" data-element_type=\"widget\" data-e-type=\"widget\" data-widget_type=\"heading.default\">\n\t\t\t\t\t<h2 class=\"elementor-heading-title elementor-size-default\">Conhe\u00e7a nosso<\/h2>\t\t\t\t<\/div>\n\t\t\t\t<div class=\"elementor-element elementor-element-c09a143 elementor-align-start elementor-icon-list--layout-traditional elementor-list-item-link-full_width elementor-widget elementor-widget-icon-list\" data-id=\"c09a143\" data-element_type=\"widget\" data-e-type=\"widget\" data-widget_type=\"icon-list.default\">\n\t\t\t\t\t\t\t<ul class=\"elementor-icon-list-items\">\n\t\t\t\t\t\t\t<li class=\"elementor-icon-list-item\">\n\t\t\t\t\t\t\t\t\t\t\t<span class=\"elementor-icon-list-icon\">\n\t\t\t\t\t\t\t<svg xmlns=\"http:\/\/www.w3.org\/2000\/svg\" width=\"36\" height=\"22\" viewBox=\"0 0 36 22\" fill=\"none\"><path d=\"M29.5714 6.66677H28.0672C27.8979 6.6679 27.7302 6.63427 27.5736 6.56789C27.4169 6.5015 27.2744 6.40375 27.1543 6.28014L23.7342 2.73358C22.8909 1.85892 21.8882 1.16687 20.7846 0.697645C19.6809 0.228405 18.4984 -0.00865569 17.3058 0.000241463H6.42857C4.72361 0.000241463 3.08847 0.702614 1.88289 1.95278C0.677296 3.20303 0 4.89876 0 6.66677V13.3334C0 14.3942 0.406383 15.4117 1.12973 16.1619C1.85309 16.9119 2.83416 17.3333 3.85714 17.3333C3.85714 18.571 4.33125 19.758 5.17517 20.6332C6.01908 21.5083 7.16367 22 8.35714 22C9.55059 22 10.6952 21.5083 11.5391 20.6332C12.383 19.758 12.8571 18.571 12.8571 17.3333H21.9858C22.1278 18.4489 22.6562 19.4729 23.4721 20.2147C24.2882 20.9564 25.3363 21.3654 26.4215 21.3654C27.5065 21.3654 28.5547 20.9564 29.3707 20.2147C30.1868 19.4729 30.715 18.4489 30.8571 17.3333H32.1429C33.1659 17.3333 34.1469 16.9119 34.8703 16.1619C35.5937 15.4117 36 14.3942 36 13.3334C36 11.5654 35.3227 9.86962 34.1171 8.61938C32.9115 7.36926 31.2764 6.66677 29.5714 6.66677ZM17.37 2.66682C18.2148 2.66531 19.0516 2.83648 19.8326 3.1704C20.6135 3.50445 21.3234 3.99486 21.9214 4.61352L23.9015 6.66677H8.02286C7.78325 6.66853 7.54794 6.60076 7.34348 6.47126C7.13901 6.34163 6.97353 6.1554 6.86571 5.93354L5.37429 2.84024C5.71528 2.72768 6.07073 2.6692 6.42857 2.66682H17.37ZM2.57143 13.3334V6.66677C2.57213 5.85712 2.80974 5.06679 3.25286 4.40019L4.53858 7.06683C4.85396 7.74711 5.34851 8.32084 5.96506 8.7219C6.58162 9.12309 7.29503 9.33504 8.02286 9.33341H15.4286V14.6667H12.4071C12.046 13.8692 11.4733 13.1947 10.7561 12.7224C10.0389 12.2499 9.2068 11.999 8.35714 11.999C7.50748 11.999 6.67538 12.2499 5.95816 12.7224C5.24096 13.1947 4.66829 13.8692 4.30714 14.6667H3.85714C3.51615 14.6667 3.18913 14.5263 2.94801 14.2763C2.70689 14.0262 2.57143 13.687 2.57143 13.3334ZM8.35714 18.6666C7.97571 18.6666 7.60284 18.5494 7.28569 18.3297C6.96854 18.1098 6.72134 17.7975 6.57538 17.4321C6.42941 17.0667 6.39122 16.6645 6.46562 16.2766C6.54004 15.8886 6.72372 15.5322 6.99344 15.2525C7.26315 14.9729 7.60679 14.7824 7.98089 14.7052C8.355 14.628 8.74277 14.6676 9.09517 14.819C9.44757 14.9704 9.7488 15.2267 9.96069 15.5556C10.1726 15.8844 10.2857 16.2712 10.2857 16.6667C10.2857 17.1972 10.0825 17.7059 9.72085 18.0809C9.35918 18.4559 8.86863 18.6666 8.35714 18.6666ZM26.3571 18.6666C25.9757 18.6666 25.6028 18.5494 25.2857 18.3297C24.9685 18.1098 24.7213 17.7975 24.5754 17.4321C24.4294 17.0667 24.3912 16.6645 24.4656 16.2766C24.54 15.8886 24.7237 15.5322 24.9934 15.2525C25.2632 14.9729 25.6068 14.7824 25.9809 14.7052C26.355 14.628 26.7427 14.6676 27.0952 14.819C27.4476 14.9704 27.7488 15.2267 27.9607 15.5556C28.1726 15.8844 28.2857 16.2712 28.2857 16.6667C28.2857 17.1972 28.0825 17.7059 27.7208 18.0809C27.3592 18.4559 26.8686 18.6666 26.3571 18.6666ZM32.1429 14.6667H30.4071C30.046 13.8692 29.4733 13.1947 28.7561 12.7224C28.0389 12.2499 27.2068 11.999 26.3571 11.999C25.5075 11.999 24.6754 12.2499 23.9582 12.7224C23.241 13.1947 22.6683 13.8692 22.3072 14.6667H18V9.33341H29.5714C30.1106 9.33642 30.6432 9.45664 31.1349 9.68628C31.6265 9.91605 32.0663 10.25 32.4257 10.6667H32.1429C31.8019 10.6667 31.4749 10.8073 31.2337 11.0572C30.9926 11.3073 30.8571 11.6465 30.8571 12C30.8571 12.3537 30.9926 12.6929 31.2337 12.943C31.4749 13.1929 31.8019 13.3334 32.1429 13.3334H33.4286C33.4286 13.687 33.2932 14.0262 33.052 14.2763C32.8108 14.5263 32.4839 14.6667 32.1429 14.6667Z\" fill=\"#00A8FF\"><\/path><\/svg>\t\t\t\t\t\t<\/span>\n\t\t\t\t\t\t\t\t\t\t<span class=\"elementor-icon-list-text\">Showroom<\/span>\n\t\t\t\t\t\t\t\t\t<\/li>\n\t\t\t\t\t\t<\/ul>\n\t\t\t\t\t\t<\/div>\n\t\t\t\t<div class=\"elementor-element elementor-element-5298467 elementor-widget elementor-widget-heading\" data-id=\"5298467\" data-element_type=\"widget\" data-e-type=\"widget\" data-widget_type=\"heading.default\">\n\t\t\t\t\t<h2 class=\"elementor-heading-title elementor-size-default\">Explore nossa sele\u00e7\u00e3o de ve\u00edculos cuidadosamente escolhidos, com op\u00e7\u00f5es que unem qualidade, desempenho e excelente custo-benef\u00edcio. <\/h2>\t\t\t\t<\/div>\n\t\t\t\t<div class=\"elementor-element elementor-element-59ea579 elementor-align-left elementor-widget elementor-widget-button\" data-id=\"59ea579\" data-element_type=\"widget\" data-e-type=\"widget\" data-widget_type=\"button.default\">\n\t\t\t\t\t\t\t\t\t\t<a class=\"elementor-button elementor-button-link elementor-size-sm elementor-animation-sink\" href=\"#\">\n\t\t\t\t\t\t<span class=\"elementor-button-content-wrapper\">\n\t\t\t\t\t\t\t\t\t<span class=\"elementor-button-text\">Saiba mais<\/span>\n\t\t\t\t\t<\/span>\n\t\t\t\t\t<\/a>\n\t\t\t\t\t\t\t\t<\/div>\n\t\t\t\t<div class=\"elementor-element elementor-element-68cde8c elementor-widget-divider--view-line elementor-widget elementor-widget-divider\" data-id=\"68cde8c\" data-element_type=\"widget\" data-e-type=\"widget\" data-widget_type=\"divider.default\">\n\t\t\t\t\t\t\t<div class=\"elementor-divider\">\n\t\t\t<span class=\"elementor-divider-separator\">\n\t\t\t\t\t\t<\/span>\n\t\t<\/div>\n\t\t\t\t\t\t<\/div>\n\t\t\t\t<\/div>\n\t\t<div class=\"elementor-element elementor-element-5c585cd e-con-full e-flex elementor-invisible e-con e-child\" data-id=\"5c585cd\" data-element_type=\"container\" data-e-type=\"container\" data-settings=\"{&quot;animation&quot;:&quot;fadeIn&quot;}\">\n\t\t\t\t<div class=\"elementor-element elementor-element-1288724 elementor-widget elementor-widget-image\" data-id=\"1288724\" data-element_type=\"widget\" data-e-type=\"widget\" data-widget_type=\"image.default\">\n\t\t\t\t\t\t\t\t\t\t\t\t\t\t\t<img loading=\"lazy\" decoding=\"async\" width=\"872\" height=\"654\" src=\"https:\/\/serverartseven.com.br\/rline\/wp-content\/uploads\/2025\/12\/rline-motors.png\" class=\"attachment-large size-large wp-image-144\" alt=\"\" srcset=\"https:\/\/serverartseven.com.br\/rline\/wp-content\/uploads\/2025\/12\/rline-motors.png 872w, https:\/\/serverartseven.com.br\/rline\/wp-content\/uploads\/2025\/12\/rline-motors-300x225.png 300w, https:\/\/serverartseven.com.br\/rline\/wp-content\/uploads\/2025\/12\/rline-motors-768x576.png 768w\" sizes=\"(max-width: 872px) 100vw, 872px\" \/>\t\t\t\t\t\t\t\t\t\t\t\t\t\t\t<\/div>\n\t\t\t\t<\/div>\n\t\t\t\t\t<\/div>\n\t\t\t\t<\/div>\n\t\t\t\t<\/div>\n\t\t","protected":false},"excerpt":{"rendered":"<p>PARCERIAS Trabalhamos em parceria com marcas reconhecidas no mercado automotivo, garantindo qualidade, proced\u00eancia e confian\u00e7a em cada ve\u00edculo. Conhe\u00e7a nosso [&hellip;]<\/p>\n","protected":false},"author":2,"featured_media":0,"parent":0,"menu_order":0,"comment_status":"closed","ping_status":"closed","template":"elementor_header_footer","meta":{"site-sidebar-layout":"no-sidebar","site-content-layout":"","ast-site-content-layout":"full-width-container","site-content-style":"default","site-sidebar-style":"default","ast-global-header-display":"","ast-banner-title-visibility":"","ast-main-header-display":"","ast-hfb-above-header-display":"","ast-hfb-below-header-display":"","ast-hfb-mobile-header-display":"","site-post-title":"","ast-breadcrumbs-content":"","ast-featured-img":"disabled","footer-sml-layout":"","ast-disable-related-posts":"","theme-transparent-header-meta":"","adv-header-id-meta":"","stick-header-meta":"","header-above-stick-meta":"","header-main-stick-meta":"","header-below-stick-meta":"","astra-migrate-meta-layouts":"default","ast-page-background-enabled":"default","ast-page-background-meta":{"desktop":{"background-color":"var(--ast-global-color-5)","background-image":"","background-repeat":"repeat","background-position":"center center","background-size":"auto","background-attachment":"scroll","background-type":"","background-media":"","overlay-type":"","overlay-color":"","overlay-opacity":"","overlay-gradient":""},"tablet":{"background-color":"","background-image":"","background-repeat":"repeat","background-position":"center center","background-size":"auto","background-attachment":"scroll","background-type":"","background-media":"","overlay-type":"","overlay-color":"","overlay-opacity":"","overlay-gradient":""},"mobile":{"background-color":"","background-image":"","background-repeat":"repeat","background-position":"center center","background-size":"auto","background-attachment":"scroll","background-type":"","background-media":"","overlay-type":"","overlay-color":"","overlay-opacity":"","overlay-gradient":""}},"ast-content-background-meta":{"desktop":{"background-color":"var(--ast-global-color-4)","background-image":"","background-repeat":"repeat","background-position":"center center","background-size":"auto","background-attachment":"scroll","background-type":"","background-media":"","overlay-type":"","overlay-color":"","overlay-opacity":"","overlay-gradient":""},"tablet":{"background-color":"var(--ast-global-color-4)","background-image":"","background-repeat":"repeat","background-position":"center center","background-size":"auto","background-attachment":"scroll","background-type":"","background-media":"","overlay-type":"","overlay-color":"","overlay-opacity":"","overlay-gradient":""},"mobile":{"background-color":"var(--ast-global-color-4)","background-image":"","background-repeat":"repeat","background-position":"center center","background-size":"auto","background-attachment":"scroll","background-type":"","background-media":"","overlay-type":"","overlay-color":"","overlay-opacity":"","overlay-gradient":""}},"footnotes":""},"class_list":["post-318","page","type-page","status-publish","hentry"],"_links":{"self":[{"href":"https:\/\/serverartseven.com.br\/rline\/wp-json\/wp\/v2\/pages\/318","targetHints":{"allow":["GET"]}}],"collection":[{"href":"https:\/\/serverartseven.com.br\/rline\/wp-json\/wp\/v2\/pages"}],"about":[{"href":"https:\/\/serverartseven.com.br\/rline\/wp-json\/wp\/v2\/types\/page"}],"author":[{"embeddable":true,"href":"https:\/\/serverartseven.com.br\/rline\/wp-json\/wp\/v2\/users\/2"}],"replies":[{"embeddable":true,"href":"https:\/\/serverartseven.com.br\/rline\/wp-json\/wp\/v2\/comments?post=318"}],"version-history":[{"count":22,"href":"https:\/\/serverartseven.com.br\/rline\/wp-json\/wp\/v2\/pages\/318\/revisions"}],"predecessor-version":[{"id":350,"href":"https:\/\/serverartseven.com.br\/rline\/wp-json\/wp\/v2\/pages\/318\/revisions\/350"}],"wp:attachment":[{"href":"https:\/\/serverartseven.com.br\/rline\/wp-json\/wp\/v2\/media?parent=318"}],"curies":[{"name":"wp","href":"https:\/\/api.w.org\/{rel}","templated":true}]}}