{"id":26,"date":"2026-03-30T19:37:49","date_gmt":"2026-03-30T19:37:49","guid":{"rendered":"https:\/\/serverartseven.com.br\/rollcenter\/?page_id=26"},"modified":"2026-04-14T03:39:50","modified_gmt":"2026-04-14T03:39:50","slug":"quem-somos","status":"publish","type":"page","link":"https:\/\/serverartseven.com.br\/rollcenter\/quem-somos\/","title":{"rendered":"Quem somos"},"content":{"rendered":"\t\t<div data-elementor-type=\"wp-page\" data-elementor-id=\"26\" class=\"elementor elementor-26\" data-elementor-post-type=\"page\">\n\t\t\t\t<div class=\"elementor-element elementor-element-151a5ba e-flex e-con-boxed e-con e-parent\" data-id=\"151a5ba\" data-element_type=\"container\" data-e-type=\"container\">\n\t\t\t\t\t<div class=\"e-con-inner\">\n\t\t<div class=\"elementor-element elementor-element-38b1192 e-con-full e-flex e-con e-child\" data-id=\"38b1192\" data-element_type=\"container\" data-e-type=\"container\">\n\t\t\t\t<div class=\"elementor-element elementor-element-b640ee3 elementor-widget elementor-widget-heading\" data-id=\"b640ee3\" data-element_type=\"widget\" data-e-type=\"widget\" data-widget_type=\"heading.default\">\n\t\t\t\t\t<h2 class=\"elementor-heading-title elementor-size-default\">Quem Somos<\/h2>\t\t\t\t<\/div>\n\t\t\t\t<div class=\"elementor-element elementor-element-41b4c4d elementor-widget elementor-widget-heading\" data-id=\"41b4c4d\" data-element_type=\"widget\" data-e-type=\"widget\" data-widget_type=\"heading.default\">\n\t\t\t\t\t<p class=\"elementor-heading-title elementor-size-default\">O Grupo Roll Center, atua no fornecimento de solu\u00e7\u00f5es para sistemas de movimenta\u00e7\u00e3o de materiais e transportadores industriais, atendendo setores como minera\u00e7\u00e3o, pedreiras, siderurgia, concreteiras, usinas, log\u00edstica e agroneg\u00f3cio.<br><br>\n\nCom estrutura pr\u00f3pria, estoque estrat\u00e9gico de componentes industriais e atua\u00e7\u00e3o em todo o territ\u00f3rio nacional, o grupo re\u00fane engenharia aplicada, fabrica\u00e7\u00e3o de equipamentos, importa\u00e7\u00e3o de tecnologia internacional e distribui\u00e7\u00e3o autorizada WEG.<br><br>\n\nUma estrutura preparada para atender opera\u00e7\u00f5es que exigem agilidade, confiabilidade e solu\u00e7\u00f5es completas, mantendo a produ\u00e7\u00e3o de nossos clientes sempre em movimento.<\/p>\t\t\t\t<\/div>\n\t\t\t\t<div class=\"elementor-element elementor-element-a6637cc elementor-position-left elementor-vertical-align-top elementor-widget elementor-widget-image-box\" data-id=\"a6637cc\" data-element_type=\"widget\" data-e-type=\"widget\" id=\"checks\" data-widget_type=\"image-box.default\">\n\t\t\t\t\t<div class=\"elementor-image-box-wrapper\"><figure class=\"elementor-image-box-img\"><img decoding=\"async\" width=\"36\" height=\"35\" src=\"https:\/\/serverartseven.com.br\/rollcenter\/wp-content\/uploads\/2026\/03\/1-2.png\" class=\"attachment-full size-full wp-image-6525\" alt=\"\" \/><\/figure><div class=\"elementor-image-box-content\"><h3 class=\"elementor-image-box-title\">O cliente sempre em primeiro lugar.<\/h3><\/div><\/div>\t\t\t\t<\/div>\n\t\t\t\t<div class=\"elementor-element elementor-element-efa6012 elementor-position-left elementor-vertical-align-top elementor-widget elementor-widget-image-box\" data-id=\"efa6012\" data-element_type=\"widget\" data-e-type=\"widget\" id=\"checks\" data-widget_type=\"image-box.default\">\n\t\t\t\t\t<div class=\"elementor-image-box-wrapper\"><figure class=\"elementor-image-box-img\"><img decoding=\"async\" width=\"36\" height=\"35\" src=\"https:\/\/serverartseven.com.br\/rollcenter\/wp-content\/uploads\/2026\/03\/1-2.png\" class=\"attachment-full size-full wp-image-6525\" alt=\"\" \/><\/figure><div class=\"elementor-image-box-content\"><h3 class=\"elementor-image-box-title\">Pensamos grande e atuamos com vis\u00e3o global.<\/h3><\/div><\/div>\t\t\t\t<\/div>\n\t\t\t\t<div class=\"elementor-element elementor-element-4e69474 elementor-position-left elementor-vertical-align-top elementor-widget elementor-widget-image-box\" data-id=\"4e69474\" data-element_type=\"widget\" data-e-type=\"widget\" id=\"checks\" data-widget_type=\"image-box.default\">\n\t\t\t\t\t<div class=\"elementor-image-box-wrapper\"><figure class=\"elementor-image-box-img\"><img decoding=\"async\" width=\"36\" height=\"35\" src=\"https:\/\/serverartseven.com.br\/rollcenter\/wp-content\/uploads\/2026\/03\/1-2.png\" class=\"attachment-full size-full wp-image-6525\" alt=\"\" \/><\/figure><div class=\"elementor-image-box-content\"><h3 class=\"elementor-image-box-title\">Transformamos produtos industriais em resultados para nossos clientes.<\/h3><\/div><\/div>\t\t\t\t<\/div>\n\t\t\t\t<div class=\"elementor-element elementor-element-6314610 elementor-position-left elementor-vertical-align-top elementor-widget elementor-widget-image-box\" data-id=\"6314610\" data-element_type=\"widget\" data-e-type=\"widget\" id=\"checks\" data-widget_type=\"image-box.default\">\n\t\t\t\t\t<div class=\"elementor-image-box-wrapper\"><figure class=\"elementor-image-box-img\"><img decoding=\"async\" width=\"36\" height=\"35\" src=\"https:\/\/serverartseven.com.br\/rollcenter\/wp-content\/uploads\/2026\/03\/1-2.png\" class=\"attachment-full size-full wp-image-6525\" alt=\"\" \/><\/figure><div class=\"elementor-image-box-content\"><h3 class=\"elementor-image-box-title\">Contribu\u00edmos para o desenvolvimento da ind\u00fastria e da economia.<\/h3><\/div><\/div>\t\t\t\t<\/div>\n\t\t\t\t<div class=\"elementor-element elementor-element-8237224 elementor-position-left elementor-vertical-align-top elementor-widget elementor-widget-image-box\" data-id=\"8237224\" data-element_type=\"widget\" data-e-type=\"widget\" id=\"checks\" data-widget_type=\"image-box.default\">\n\t\t\t\t\t<div class=\"elementor-image-box-wrapper\"><figure class=\"elementor-image-box-img\"><img decoding=\"async\" width=\"36\" height=\"35\" src=\"https:\/\/serverartseven.com.br\/rollcenter\/wp-content\/uploads\/2026\/03\/1-2.png\" class=\"attachment-full size-full wp-image-6525\" alt=\"\" \/><\/figure><div class=\"elementor-image-box-content\"><h3 class=\"elementor-image-box-title\">Temos orgulho do que fazemos e da ind\u00fastria que ajudamos a movimentar.<\/h3><\/div><\/div>\t\t\t\t<\/div>\n\t\t\t\t<\/div>\n\t\t<div class=\"elementor-element elementor-element-a25d7e8 e-con-full e-flex e-con e-child\" data-id=\"a25d7e8\" data-element_type=\"container\" data-e-type=\"container\">\n\t\t\t\t<div class=\"elementor-element elementor-element-193e7d5 elementor-widget elementor-widget-image\" data-id=\"193e7d5\" data-element_type=\"widget\" data-e-type=\"widget\" data-widget_type=\"image.default\">\n\t\t\t\t\t\t\t\t\t\t\t\t\t\t\t<img fetchpriority=\"high\" decoding=\"async\" width=\"900\" height=\"1024\" src=\"https:\/\/serverartseven.com.br\/rollcenter\/wp-content\/uploads\/2026\/04\/grupo-roll-center-900x1024.jpg\" class=\"attachment-large size-large wp-image-6819\" alt=\"\" srcset=\"https:\/\/serverartseven.com.br\/rollcenter\/wp-content\/uploads\/2026\/04\/grupo-roll-center-900x1024.jpg 900w, https:\/\/serverartseven.com.br\/rollcenter\/wp-content\/uploads\/2026\/04\/grupo-roll-center-264x300.jpg 264w, https:\/\/serverartseven.com.br\/rollcenter\/wp-content\/uploads\/2026\/04\/grupo-roll-center-768x874.jpg 768w, https:\/\/serverartseven.com.br\/rollcenter\/wp-content\/uploads\/2026\/04\/grupo-roll-center.jpg 927w\" sizes=\"(max-width: 900px) 100vw, 900px\" \/>\t\t\t\t\t\t\t\t\t\t\t\t\t\t\t<\/div>\n\t\t\t\t<\/div>\n\t\t\t\t\t<\/div>\n\t\t\t\t<\/div>\n\t\t<div class=\"elementor-element elementor-element-78eb909 e-flex e-con-boxed e-con e-parent\" data-id=\"78eb909\" data-element_type=\"container\" data-e-type=\"container\" data-settings=\"{&quot;background_background&quot;:&quot;classic&quot;}\">\n\t\t\t\t\t<div class=\"e-con-inner\">\n\t\t<div class=\"elementor-element elementor-element-6129573 e-con-full e-flex e-con e-child\" data-id=\"6129573\" data-element_type=\"container\" data-e-type=\"container\">\n\t\t<div class=\"elementor-element elementor-element-4526bca e-con-full e-flex e-con e-child\" data-id=\"4526bca\" data-element_type=\"container\" data-e-type=\"container\" data-settings=\"{&quot;background_background&quot;:&quot;classic&quot;}\">\n\t\t\t\t<div class=\"elementor-element elementor-element-beb7163 elementor-widget elementor-widget-heading\" data-id=\"beb7163\" data-element_type=\"widget\" data-e-type=\"widget\" data-widget_type=\"heading.default\">\n\t\t\t\t\t<h2 class=\"elementor-heading-title elementor-size-default\">Nosso prop\u00f3sito<\/h2>\t\t\t\t<\/div>\n\t\t\t\t<div class=\"elementor-element elementor-element-35f0d61 elementor-widget elementor-widget-heading\" data-id=\"35f0d61\" data-element_type=\"widget\" data-e-type=\"widget\" data-widget_type=\"heading.default\">\n\t\t\t\t\t<p class=\"elementor-heading-title elementor-size-default\">Garantir que opera\u00e7\u00f5es industriais que movem a economia continuem produzindo com efici\u00eancia, seguran\u00e7a e confiabilidade.<\/p>\t\t\t\t<\/div>\n\t\t\t\t<div class=\"elementor-element elementor-element-8d8f0eb elementor-widget elementor-widget-image\" data-id=\"8d8f0eb\" data-element_type=\"widget\" data-e-type=\"widget\" data-widget_type=\"image.default\">\n\t\t\t\t\t\t\t\t\t\t\t\t\t\t\t<img decoding=\"async\" width=\"462\" height=\"296\" src=\"https:\/\/serverartseven.com.br\/rollcenter\/wp-content\/uploads\/2026\/03\/1-3.png\" class=\"attachment-large size-large wp-image-6533\" alt=\"\" srcset=\"https:\/\/serverartseven.com.br\/rollcenter\/wp-content\/uploads\/2026\/03\/1-3.png 462w, https:\/\/serverartseven.com.br\/rollcenter\/wp-content\/uploads\/2026\/03\/1-3-300x192.png 300w\" sizes=\"(max-width: 462px) 100vw, 462px\" \/>\t\t\t\t\t\t\t\t\t\t\t\t\t\t\t<\/div>\n\t\t\t\t<\/div>\n\t\t<div class=\"elementor-element elementor-element-e5c7bdf e-con-full e-flex e-con e-child\" data-id=\"e5c7bdf\" data-element_type=\"container\" data-e-type=\"container\" data-settings=\"{&quot;background_background&quot;:&quot;classic&quot;}\">\n\t\t\t\t<div class=\"elementor-element elementor-element-b181fe0 elementor-widget elementor-widget-heading\" data-id=\"b181fe0\" data-element_type=\"widget\" data-e-type=\"widget\" data-widget_type=\"heading.default\">\n\t\t\t\t\t<h2 class=\"elementor-heading-title elementor-size-default\">Nossa miss\u00e3o\n<\/h2>\t\t\t\t<\/div>\n\t\t\t\t<div class=\"elementor-element elementor-element-43615ec elementor-widget elementor-widget-heading\" data-id=\"43615ec\" data-element_type=\"widget\" data-e-type=\"widget\" data-widget_type=\"heading.default\">\n\t\t\t\t\t<p class=\"elementor-heading-title elementor-size-default\">Fornecer solu\u00e7\u00f5es para transportadores industriais com agilidade, qualidade e confiabilidade, contribuindo para a produtividade dos nossos clientes.<\/p>\t\t\t\t<\/div>\n\t\t\t\t<div class=\"elementor-element elementor-element-80ba221 elementor-widget elementor-widget-image\" data-id=\"80ba221\" data-element_type=\"widget\" data-e-type=\"widget\" data-widget_type=\"image.default\">\n\t\t\t\t\t\t\t\t\t\t\t\t\t\t\t<img loading=\"lazy\" decoding=\"async\" width=\"460\" height=\"279\" src=\"https:\/\/serverartseven.com.br\/rollcenter\/wp-content\/uploads\/2026\/03\/2-2.png\" class=\"attachment-large size-large wp-image-6534\" alt=\"\" srcset=\"https:\/\/serverartseven.com.br\/rollcenter\/wp-content\/uploads\/2026\/03\/2-2.png 460w, https:\/\/serverartseven.com.br\/rollcenter\/wp-content\/uploads\/2026\/03\/2-2-300x182.png 300w\" sizes=\"(max-width: 460px) 100vw, 460px\" \/>\t\t\t\t\t\t\t\t\t\t\t\t\t\t\t<\/div>\n\t\t\t\t<\/div>\n\t\t<div class=\"elementor-element elementor-element-f3e9da6 e-con-full e-flex e-con e-child\" data-id=\"f3e9da6\" data-element_type=\"container\" data-e-type=\"container\" data-settings=\"{&quot;background_background&quot;:&quot;classic&quot;}\">\n\t\t\t\t<div class=\"elementor-element elementor-element-4382525 elementor-widget elementor-widget-heading\" data-id=\"4382525\" data-element_type=\"widget\" data-e-type=\"widget\" data-widget_type=\"heading.default\">\n\t\t\t\t\t<h2 class=\"elementor-heading-title elementor-size-default\">Nossa vis\u00e3o\n<\/h2>\t\t\t\t<\/div>\n\t\t\t\t<div class=\"elementor-element elementor-element-4e06bdf elementor-widget elementor-widget-heading\" data-id=\"4e06bdf\" data-element_type=\"widget\" data-e-type=\"widget\" data-widget_type=\"heading.default\">\n\t\t\t\t\t<p class=\"elementor-heading-title elementor-size-default\">Ser uma das principais refer\u00eancias no fornecimento de solu\u00e7\u00f5es para transportadores industriais no Brasil.<\/p>\t\t\t\t<\/div>\n\t\t\t\t<div class=\"elementor-element elementor-element-caa7cc7 elementor-widget elementor-widget-image\" data-id=\"caa7cc7\" data-element_type=\"widget\" data-e-type=\"widget\" data-widget_type=\"image.default\">\n\t\t\t\t\t\t\t\t\t\t\t\t\t\t\t<img loading=\"lazy\" decoding=\"async\" width=\"464\" height=\"279\" src=\"https:\/\/serverartseven.com.br\/rollcenter\/wp-content\/uploads\/2026\/03\/3-2.png\" class=\"attachment-large size-large wp-image-6538\" alt=\"\" srcset=\"https:\/\/serverartseven.com.br\/rollcenter\/wp-content\/uploads\/2026\/03\/3-2.png 464w, https:\/\/serverartseven.com.br\/rollcenter\/wp-content\/uploads\/2026\/03\/3-2-300x180.png 300w\" sizes=\"(max-width: 464px) 100vw, 464px\" \/>\t\t\t\t\t\t\t\t\t\t\t\t\t\t\t<\/div>\n\t\t\t\t<\/div>\n\t\t\t\t<\/div>\n\t\t\t\t\t<\/div>\n\t\t\t\t<\/div>\n\t\t<div class=\"elementor-element elementor-element-e3d71ab e-flex e-con-boxed e-con e-parent\" data-id=\"e3d71ab\" data-element_type=\"container\" data-e-type=\"container\" data-settings=\"{&quot;background_background&quot;:&quot;classic&quot;}\">\n\t\t\t\t\t<div class=\"e-con-inner\">\n\t\t<div class=\"elementor-element elementor-element-ae4e8fb e-con-full e-flex e-con e-child\" data-id=\"ae4e8fb\" data-element_type=\"container\" data-e-type=\"container\">\n\t\t<div class=\"elementor-element elementor-element-035a2d9 e-con-full e-flex e-con e-child\" data-id=\"035a2d9\" data-element_type=\"container\" data-e-type=\"container\">\n\t\t<div class=\"elementor-element elementor-element-4d70d33 e-con-full e-flex e-con e-child\" data-id=\"4d70d33\" data-element_type=\"container\" data-e-type=\"container\">\n\t\t\t\t<div class=\"elementor-element elementor-element-d857bf2 elementor-mobile-align-justify elementor-widget elementor-widget-button\" data-id=\"d857bf2\" data-element_type=\"widget\" data-e-type=\"widget\" data-widget_type=\"button.default\">\n\t\t\t\t\t\t\t\t\t\t<a class=\"elementor-button elementor-button-link elementor-size-sm elementor-animation-sink\" href=\"#\">\n\t\t\t\t\t\t<span class=\"elementor-button-content-wrapper\">\n\t\t\t\t\t\t\t\t\t<span class=\"elementor-button-text\">+ de 20 anos de atua\u00e7\u00e3o no setor industrial<\/span>\n\t\t\t\t\t<\/span>\n\t\t\t\t\t<\/a>\n\t\t\t\t\t\t\t\t<\/div>\n\t\t\t\t<\/div>\n\t\t<div class=\"elementor-element elementor-element-44ed99c e-con-full e-flex e-con e-child\" data-id=\"44ed99c\" data-element_type=\"container\" data-e-type=\"container\">\n\t\t\t\t<div class=\"elementor-element elementor-element-9755812 elementor-mobile-align-justify elementor-widget elementor-widget-button\" data-id=\"9755812\" data-element_type=\"widget\" data-e-type=\"widget\" data-widget_type=\"button.default\">\n\t\t\t\t\t\t\t\t\t\t<a class=\"elementor-button elementor-button-link elementor-size-sm elementor-animation-sink\" href=\"#\">\n\t\t\t\t\t\t<span class=\"elementor-button-content-wrapper\">\n\t\t\t\t\t\t\t\t\t<span class=\"elementor-button-text\">+ de 100 colaboradores<\/span>\n\t\t\t\t\t<\/span>\n\t\t\t\t\t<\/a>\n\t\t\t\t\t\t\t\t<\/div>\n\t\t\t\t<\/div>\n\t\t\t\t<\/div>\n\t\t<div class=\"elementor-element elementor-element-14a5bf8 e-con-full e-flex e-con e-child\" data-id=\"14a5bf8\" data-element_type=\"container\" data-e-type=\"container\">\n\t\t<div class=\"elementor-element elementor-element-f5c1e88 e-con-full e-flex e-con e-child\" data-id=\"f5c1e88\" data-element_type=\"container\" data-e-type=\"container\">\n\t\t\t\t<div class=\"elementor-element elementor-element-6b0732d elementor-mobile-align-justify elementor-widget elementor-widget-button\" data-id=\"6b0732d\" data-element_type=\"widget\" data-e-type=\"widget\" data-widget_type=\"button.default\">\n\t\t\t\t\t\t\t\t\t\t<a class=\"elementor-button elementor-button-link elementor-size-sm elementor-animation-sink\" href=\"#\">\n\t\t\t\t\t\t<span class=\"elementor-button-content-wrapper\">\n\t\t\t\t\t\t\t\t\t<span class=\"elementor-button-text\">7 galp\u00f5es pr\u00f3prios<\/span>\n\t\t\t\t\t<\/span>\n\t\t\t\t\t<\/a>\n\t\t\t\t\t\t\t\t<\/div>\n\t\t\t\t<\/div>\n\t\t<div class=\"elementor-element elementor-element-61d29c5 e-con-full e-flex e-con e-child\" data-id=\"61d29c5\" data-element_type=\"container\" data-e-type=\"container\">\n\t\t\t\t<div class=\"elementor-element elementor-element-a7a25ea elementor-mobile-align-justify elementor-widget elementor-widget-button\" data-id=\"a7a25ea\" data-element_type=\"widget\" data-e-type=\"widget\" data-widget_type=\"button.default\">\n\t\t\t\t\t\t\t\t\t\t<a class=\"elementor-button elementor-button-link elementor-size-sm elementor-animation-sink\" href=\"#\">\n\t\t\t\t\t\t<span class=\"elementor-button-content-wrapper\">\n\t\t\t\t\t\t\t\t\t<span class=\"elementor-button-text\">Atendimento em todo Brasil<\/span>\n\t\t\t\t\t<\/span>\n\t\t\t\t\t<\/a>\n\t\t\t\t\t\t\t\t<\/div>\n\t\t\t\t<\/div>\n\t\t\t\t<\/div>\n\t\t<div class=\"elementor-element elementor-element-4553439 e-con-full e-flex e-con e-child\" data-id=\"4553439\" data-element_type=\"container\" data-e-type=\"container\">\n\t\t<div class=\"elementor-element elementor-element-7cb3b4f e-con-full e-flex e-con e-child\" data-id=\"7cb3b4f\" data-element_type=\"container\" data-e-type=\"container\">\n\t\t\t\t<div class=\"elementor-element elementor-element-650b7b9 elementor-align-justify elementor-widget elementor-widget-button\" data-id=\"650b7b9\" data-element_type=\"widget\" data-e-type=\"widget\" data-widget_type=\"button.default\">\n\t\t\t\t\t\t\t\t\t\t<a class=\"elementor-button elementor-button-link elementor-size-sm elementor-animation-sink\" href=\"#\">\n\t\t\t\t\t\t<span class=\"elementor-button-content-wrapper\">\n\t\t\t\t\t\t\t\t\t<span class=\"elementor-button-text\">Um dos maiores estoques de correias transportadoras do pais<\/span>\n\t\t\t\t\t<\/span>\n\t\t\t\t\t<\/a>\n\t\t\t\t\t\t\t\t<\/div>\n\t\t\t\t<div class=\"elementor-element elementor-element-f049bea elementor-widget elementor-widget-image\" data-id=\"f049bea\" data-element_type=\"widget\" data-e-type=\"widget\" data-widget_type=\"image.default\">\n\t\t\t\t\t\t\t\t\t\t\t\t\t\t\t<img loading=\"lazy\" decoding=\"async\" width=\"555\" height=\"95\" src=\"https:\/\/serverartseven.com.br\/rollcenter\/wp-content\/uploads\/2026\/03\/frase.png\" class=\"attachment-large size-large wp-image-6547\" alt=\"\" srcset=\"https:\/\/serverartseven.com.br\/rollcenter\/wp-content\/uploads\/2026\/03\/frase.png 555w, https:\/\/serverartseven.com.br\/rollcenter\/wp-content\/uploads\/2026\/03\/frase-300x51.png 300w\" sizes=\"(max-width: 555px) 100vw, 555px\" \/>\t\t\t\t\t\t\t\t\t\t\t\t\t\t\t<\/div>\n\t\t\t\t<\/div>\n\t\t\t\t<\/div>\n\t\t\t\t<\/div>\n\t\t<div class=\"elementor-element elementor-element-00ebcb3 e-con-full elementor-hidden-tablet elementor-hidden-mobile e-flex e-con e-child\" data-id=\"00ebcb3\" data-element_type=\"container\" data-e-type=\"container\">\n\t\t\t\t<\/div>\n\t\t\t\t\t<\/div>\n\t\t\t\t<\/div>\n\t\t<div class=\"elementor-element elementor-element-b92f072 e-flex e-con-boxed e-con e-parent\" data-id=\"b92f072\" data-element_type=\"container\" data-e-type=\"container\" data-settings=\"{&quot;background_background&quot;:&quot;classic&quot;}\">\n\t\t\t\t\t<div class=\"e-con-inner\">\n\t\t<div class=\"elementor-element elementor-element-44d7507 e-con-full e-flex e-con e-child\" data-id=\"44d7507\" data-element_type=\"container\" data-e-type=\"container\">\n\t\t\t\t<\/div>\n\t\t<div class=\"elementor-element elementor-element-7b09ae1 e-con-full e-flex e-con e-child\" data-id=\"7b09ae1\" data-element_type=\"container\" data-e-type=\"container\">\n\t\t\t\t<div class=\"elementor-element elementor-element-00afa59 elementor-widget elementor-widget-image\" data-id=\"00afa59\" data-element_type=\"widget\" data-e-type=\"widget\" data-widget_type=\"image.default\">\n\t\t\t\t\t\t\t\t\t\t\t\t\t\t\t<img loading=\"lazy\" decoding=\"async\" width=\"476\" height=\"524\" src=\"https:\/\/serverartseven.com.br\/rollcenter\/wp-content\/uploads\/2026\/03\/1-removebg-preview.png\" class=\"attachment-large size-large wp-image-6558\" alt=\"\" srcset=\"https:\/\/serverartseven.com.br\/rollcenter\/wp-content\/uploads\/2026\/03\/1-removebg-preview.png 476w, https:\/\/serverartseven.com.br\/rollcenter\/wp-content\/uploads\/2026\/03\/1-removebg-preview-273x300.png 273w\" sizes=\"(max-width: 476px) 100vw, 476px\" \/>\t\t\t\t\t\t\t\t\t\t\t\t\t\t\t<\/div>\n\t\t\t\t<\/div>\n\t\t\t\t\t<\/div>\n\t\t\t\t<\/div>\n\t\t\t\t<\/div>\n\t\t","protected":false},"excerpt":{"rendered":"<p>Quem Somos O Grupo Roll Center, atua no fornecimento de solu\u00e7\u00f5es para sistemas de movimenta\u00e7\u00e3o de materiais e transportadores industriais, [&hellip;]<\/p>\n","protected":false},"author":1,"featured_media":0,"parent":0,"menu_order":0,"comment_status":"closed","ping_status":"closed","template":"elementor_header_footer","meta":{"site-sidebar-layout":"no-sidebar","site-content-layout":"","ast-site-content-layout":"full-width-container","site-content-style":"default","site-sidebar-style":"default","ast-global-header-display":"","ast-banner-title-visibility":"","ast-main-header-display":"","ast-hfb-above-header-display":"","ast-hfb-below-header-display":"","ast-hfb-mobile-header-display":"","site-post-title":"","ast-breadcrumbs-content":"","ast-featured-img":"disabled","footer-sml-layout":"","ast-disable-related-posts":"","theme-transparent-header-meta":"","adv-header-id-meta":"","stick-header-meta":"","header-above-stick-meta":"","header-main-stick-meta":"","header-below-stick-meta":"","astra-migrate-meta-layouts":"default","ast-page-background-enabled":"default","ast-page-background-meta":{"desktop":{"background-color":"var(--ast-global-color-5)","background-image":"","background-repeat":"repeat","background-position":"center center","background-size":"auto","background-attachment":"scroll","background-type":"","background-media":"","overlay-type":"","overlay-color":"","overlay-opacity":"","overlay-gradient":""},"tablet":{"background-color":"","background-image":"","background-repeat":"repeat","background-position":"center center","background-size":"auto","background-attachment":"scroll","background-type":"","background-media":"","overlay-type":"","overlay-color":"","overlay-opacity":"","overlay-gradient":""},"mobile":{"background-color":"","background-image":"","background-repeat":"repeat","background-position":"center center","background-size":"auto","background-attachment":"scroll","background-type":"","background-media":"","overlay-type":"","overlay-color":"","overlay-opacity":"","overlay-gradient":""}},"ast-content-background-meta":{"desktop":{"background-color":"var(--ast-global-color-4)","background-image":"","background-repeat":"repeat","background-position":"center center","background-size":"auto","background-attachment":"scroll","background-type":"","background-media":"","overlay-type":"","overlay-color":"","overlay-opacity":"","overlay-gradient":""},"tablet":{"background-color":"var(--ast-global-color-4)","background-image":"","background-repeat":"repeat","background-position":"center center","background-size":"auto","background-attachment":"scroll","background-type":"","background-media":"","overlay-type":"","overlay-color":"","overlay-opacity":"","overlay-gradient":""},"mobile":{"background-color":"var(--ast-global-color-4)","background-image":"","background-repeat":"repeat","background-position":"center center","background-size":"auto","background-attachment":"scroll","background-type":"","background-media":"","overlay-type":"","overlay-color":"","overlay-opacity":"","overlay-gradient":""}},"footnotes":""},"class_list":["post-26","page","type-page","status-publish","hentry"],"_hostinger_reach_plugin_has_subscription_block":false,"_hostinger_reach_plugin_is_elementor":false,"_links":{"self":[{"href":"https:\/\/serverartseven.com.br\/rollcenter\/wp-json\/wp\/v2\/pages\/26","targetHints":{"allow":["GET"]}}],"collection":[{"href":"https:\/\/serverartseven.com.br\/rollcenter\/wp-json\/wp\/v2\/pages"}],"about":[{"href":"https:\/\/serverartseven.com.br\/rollcenter\/wp-json\/wp\/v2\/types\/page"}],"author":[{"embeddable":true,"href":"https:\/\/serverartseven.com.br\/rollcenter\/wp-json\/wp\/v2\/users\/1"}],"replies":[{"embeddable":true,"href":"https:\/\/serverartseven.com.br\/rollcenter\/wp-json\/wp\/v2\/comments?post=26"}],"version-history":[{"count":76,"href":"https:\/\/serverartseven.com.br\/rollcenter\/wp-json\/wp\/v2\/pages\/26\/revisions"}],"predecessor-version":[{"id":7141,"href":"https:\/\/serverartseven.com.br\/rollcenter\/wp-json\/wp\/v2\/pages\/26\/revisions\/7141"}],"wp:attachment":[{"href":"https:\/\/serverartseven.com.br\/rollcenter\/wp-json\/wp\/v2\/media?parent=26"}],"curies":[{"name":"wp","href":"https:\/\/api.w.org\/{rel}","templated":true}]}}