{"id":34,"date":"2026-03-30T19:38:32","date_gmt":"2026-03-30T19:38:32","guid":{"rendered":"https:\/\/serverartseven.com.br\/rollcenter\/?page_id=34"},"modified":"2026-03-31T21:38:51","modified_gmt":"2026-03-31T21:38:51","slug":"blog","status":"publish","type":"page","link":"https:\/\/serverartseven.com.br\/rollcenter\/blog\/","title":{"rendered":"Blog"},"content":{"rendered":"\t\t<div data-elementor-type=\"wp-page\" data-elementor-id=\"34\" class=\"elementor elementor-34\" data-elementor-post-type=\"page\">\n\t\t\t\t<div class=\"elementor-element elementor-element-b745bb5 e-flex e-con-boxed e-con e-parent\" data-id=\"b745bb5\" data-element_type=\"container\" data-e-type=\"container\" data-settings=\"{&quot;background_background&quot;:&quot;classic&quot;}\">\n\t\t\t\t\t<div class=\"e-con-inner\">\n\t\t<div class=\"elementor-element elementor-element-244d2b0 e-con-full e-flex e-con e-child\" data-id=\"244d2b0\" data-element_type=\"container\" data-e-type=\"container\">\n\t\t<div class=\"elementor-element elementor-element-1e72629 e-con-full e-flex e-con e-child\" data-id=\"1e72629\" data-element_type=\"container\" data-e-type=\"container\">\n\t\t\t\t<div class=\"elementor-element elementor-element-a6e3975 elementor-widget elementor-widget-heading\" data-id=\"a6e3975\" data-element_type=\"widget\" data-e-type=\"widget\" data-widget_type=\"heading.default\">\n\t\t\t\t\t<h2 class=\"elementor-heading-title elementor-size-default\">Blog Roll Center\n<\/h2>\t\t\t\t<\/div>\n\t\t\t\t<div class=\"elementor-element elementor-element-6072e6d elementor-widget elementor-widget-heading\" data-id=\"6072e6d\" data-element_type=\"widget\" data-e-type=\"widget\" data-widget_type=\"heading.default\">\n\t\t\t\t\t<h2 class=\"elementor-heading-title elementor-size-default\">Descubra todas as novidades e fique\npor dentro dos conte\u00fados do blog,\nacompanhando tend\u00eancias do setor\ncom informa\u00e7\u00f5es e atualiza\u00e7\u00f5es.<\/h2>\t\t\t\t<\/div>\n\t\t\t\t<\/div>\n\t\t<div class=\"elementor-element elementor-element-d9aa183 e-con-full elementor-hidden-tablet elementor-hidden-mobile e-flex e-con e-child\" data-id=\"d9aa183\" data-element_type=\"container\" data-e-type=\"container\">\n\t\t\t\t<\/div>\n\t\t\t\t<\/div>\n\t\t\t\t\t<\/div>\n\t\t\t\t<\/div>\n\t\t<div class=\"elementor-element elementor-element-9830714 e-flex e-con-boxed e-con e-parent\" data-id=\"9830714\" data-element_type=\"container\" data-e-type=\"container\">\n\t\t\t\t\t<div class=\"e-con-inner\">\n\t\t\t\t<div class=\"elementor-element elementor-element-22ecc0c elementor-grid-3 elementor-grid-tablet-2 elementor-grid-mobile-1 elementor-posts--thumbnail-top elementor-card-shadow-yes elementor-posts__hover-gradient elementor-widget elementor-widget-posts\" data-id=\"22ecc0c\" data-element_type=\"widget\" data-e-type=\"widget\" data-settings=\"{&quot;cards_masonry&quot;:&quot;yes&quot;,&quot;cards_columns&quot;:&quot;3&quot;,&quot;cards_columns_tablet&quot;:&quot;2&quot;,&quot;cards_columns_mobile&quot;:&quot;1&quot;,&quot;cards_row_gap&quot;:{&quot;unit&quot;:&quot;px&quot;,&quot;size&quot;:35,&quot;sizes&quot;:[]},&quot;cards_row_gap_tablet&quot;:{&quot;unit&quot;:&quot;px&quot;,&quot;size&quot;:&quot;&quot;,&quot;sizes&quot;:[]},&quot;cards_row_gap_mobile&quot;:{&quot;unit&quot;:&quot;px&quot;,&quot;size&quot;:&quot;&quot;,&quot;sizes&quot;:[]}}\" data-widget_type=\"posts.cards\">\n\t\t\t\t<div class=\"elementor-widget-container\">\n\t\t\t\t\t\t\t<div class=\"elementor-posts-container elementor-posts elementor-posts--skin-cards elementor-grid\" role=\"list\">\n\t\t\t\t<article class=\"elementor-post elementor-grid-item post-6445 post type-post status-publish format-standard has-post-thumbnail hentry category-rollcenternamidia\" role=\"listitem\">\n\t\t\t<div class=\"elementor-post__card\">\n\t\t\t\t<a class=\"elementor-post__thumbnail__link\" href=\"https:\/\/serverartseven.com.br\/rollcenter\/grupo-roll-center-brasil-mineral\/\" tabindex=\"-1\" ><div class=\"elementor-post__thumbnail\"><img fetchpriority=\"high\" decoding=\"async\" width=\"1427\" height=\"500\" src=\"https:\/\/serverartseven.com.br\/rollcenter\/wp-content\/uploads\/2026\/03\/Blog-Portal-1-1.png\" class=\"attachment-full size-full wp-image-6447\" alt=\"\" srcset=\"https:\/\/serverartseven.com.br\/rollcenter\/wp-content\/uploads\/2026\/03\/Blog-Portal-1-1.png 1427w, https:\/\/serverartseven.com.br\/rollcenter\/wp-content\/uploads\/2026\/03\/Blog-Portal-1-1-300x105.png 300w, https:\/\/serverartseven.com.br\/rollcenter\/wp-content\/uploads\/2026\/03\/Blog-Portal-1-1-1024x359.png 1024w, https:\/\/serverartseven.com.br\/rollcenter\/wp-content\/uploads\/2026\/03\/Blog-Portal-1-1-768x269.png 768w\" sizes=\"(max-width: 1427px) 100vw, 1427px\" \/><\/div><\/a>\n\t\t\t\t<div class=\"elementor-post__badge\">#RollCenterNaM\u00eddia<\/div>\n\t\t\t\t<div class=\"elementor-post__text\">\n\t\t\t\t<h3 class=\"elementor-post__title\">\n\t\t\t<a href=\"https:\/\/serverartseven.com.br\/rollcenter\/grupo-roll-center-brasil-mineral\/\" >\n\t\t\t\tGrupo Roll Center \u00e9 destaque no portal Brasil Mineral\t\t\t<\/a>\n\t\t<\/h3>\n\t\t\t\t<div class=\"elementor-post__excerpt\">\n\t\t\t<p>O Grupo Roll Center ganhou destaque no portal Brasil Mineral, um dos principais ve\u00edculos especializados na cobertura da ind\u00fastria mineral<\/p>\n\t\t<\/div>\n\t\t\n\t\t<a class=\"elementor-post__read-more\" href=\"https:\/\/serverartseven.com.br\/rollcenter\/grupo-roll-center-brasil-mineral\/\" aria-label=\"Leia mais sobre Grupo Roll Center \u00e9 destaque no portal Brasil Mineral\" tabindex=\"-1\" >\n\t\t\tLeia mais \u00bb\t\t<\/a>\n\n\t\t\t\t<\/div>\n\t\t\t\t\t<\/div>\n\t\t<\/article>\n\t\t\t\t<article class=\"elementor-post elementor-grid-item post-6438 post type-post status-publish format-standard has-post-thumbnail hentry category-industria\" role=\"listitem\">\n\t\t\t<div class=\"elementor-post__card\">\n\t\t\t\t<a class=\"elementor-post__thumbnail__link\" href=\"https:\/\/serverartseven.com.br\/rollcenter\/componentes-industriais-e-metas-de-produtividade-alinhar\/\" tabindex=\"-1\" ><div class=\"elementor-post__thumbnail\"><img decoding=\"async\" width=\"801\" height=\"281\" src=\"https:\/\/serverartseven.com.br\/rollcenter\/wp-content\/uploads\/2026\/01\/02_ROLL_CENTER_BLOG_COMPONENTES-INDUSTRIAIS.png\" class=\"attachment-full size-full wp-image-6439\" alt=\"\" srcset=\"https:\/\/serverartseven.com.br\/rollcenter\/wp-content\/uploads\/2026\/01\/02_ROLL_CENTER_BLOG_COMPONENTES-INDUSTRIAIS.png 801w, https:\/\/serverartseven.com.br\/rollcenter\/wp-content\/uploads\/2026\/01\/02_ROLL_CENTER_BLOG_COMPONENTES-INDUSTRIAIS-300x105.png 300w, https:\/\/serverartseven.com.br\/rollcenter\/wp-content\/uploads\/2026\/01\/02_ROLL_CENTER_BLOG_COMPONENTES-INDUSTRIAIS-768x269.png 768w\" sizes=\"(max-width: 801px) 100vw, 801px\" \/><\/div><\/a>\n\t\t\t\t<div class=\"elementor-post__badge\">Industria<\/div>\n\t\t\t\t<div class=\"elementor-post__text\">\n\t\t\t\t<h3 class=\"elementor-post__title\">\n\t\t\t<a href=\"https:\/\/serverartseven.com.br\/rollcenter\/componentes-industriais-e-metas-de-produtividade-alinhar\/\" >\n\t\t\t\tComponentes industriais e metas de produtividade: Como alinhar?\t\t\t<\/a>\n\t\t<\/h3>\n\t\t\t\t<div class=\"elementor-post__excerpt\">\n\t\t\t<p>Em ambientes industriais, a busca constante por produtividade e efici\u00eancia depende de uma s\u00e9rie de fatores interconectados. Entre eles, os<\/p>\n\t\t<\/div>\n\t\t\n\t\t<a class=\"elementor-post__read-more\" href=\"https:\/\/serverartseven.com.br\/rollcenter\/componentes-industriais-e-metas-de-produtividade-alinhar\/\" aria-label=\"Leia mais sobre Componentes industriais e metas de produtividade: Como alinhar?\" tabindex=\"-1\" >\n\t\t\tLeia mais \u00bb\t\t<\/a>\n\n\t\t\t\t<\/div>\n\t\t\t\t\t<\/div>\n\t\t<\/article>\n\t\t\t\t<article class=\"elementor-post elementor-grid-item post-6435 post type-post status-publish format-standard has-post-thumbnail hentry category-uncategorized\" role=\"listitem\">\n\t\t\t<div class=\"elementor-post__card\">\n\t\t\t\t<a class=\"elementor-post__thumbnail__link\" href=\"https:\/\/serverartseven.com.br\/rollcenter\/transportadores-em-2026-o-que-fabricantes-e-operadores-devem-saber\/\" tabindex=\"-1\" ><div class=\"elementor-post__thumbnail\"><img decoding=\"async\" width=\"800\" height=\"280\" src=\"https:\/\/serverartseven.com.br\/rollcenter\/wp-content\/uploads\/2026\/01\/01_ROLL_CENTER_BLOG_TRANSPORTADORES26.png\" class=\"attachment-full size-full wp-image-6436\" alt=\"\" srcset=\"https:\/\/serverartseven.com.br\/rollcenter\/wp-content\/uploads\/2026\/01\/01_ROLL_CENTER_BLOG_TRANSPORTADORES26.png 800w, https:\/\/serverartseven.com.br\/rollcenter\/wp-content\/uploads\/2026\/01\/01_ROLL_CENTER_BLOG_TRANSPORTADORES26-300x105.png 300w, https:\/\/serverartseven.com.br\/rollcenter\/wp-content\/uploads\/2026\/01\/01_ROLL_CENTER_BLOG_TRANSPORTADORES26-768x269.png 768w\" sizes=\"(max-width: 800px) 100vw, 800px\" \/><\/div><\/a>\n\t\t\t\t<div class=\"elementor-post__badge\">Uncategorized<\/div>\n\t\t\t\t<div class=\"elementor-post__text\">\n\t\t\t\t<h3 class=\"elementor-post__title\">\n\t\t\t<a href=\"https:\/\/serverartseven.com.br\/rollcenter\/transportadores-em-2026-o-que-fabricantes-e-operadores-devem-saber\/\" >\n\t\t\t\tTransportadores em 2026: O que fabricantes e operadores devem saber\t\t\t<\/a>\n\t\t<\/h3>\n\t\t\t\t<div class=\"elementor-post__excerpt\">\n\t\t\t<p>Os sistemas transportadores seguem sendo o cora\u00e7\u00e3o de opera\u00e7\u00f5es industriais que n\u00e3o podem parar.&nbsp; Em 2026, o foco deixa de<\/p>\n\t\t<\/div>\n\t\t\n\t\t<a class=\"elementor-post__read-more\" href=\"https:\/\/serverartseven.com.br\/rollcenter\/transportadores-em-2026-o-que-fabricantes-e-operadores-devem-saber\/\" aria-label=\"Leia mais sobre Transportadores em 2026: O que fabricantes e operadores devem saber\" tabindex=\"-1\" >\n\t\t\tLeia mais \u00bb\t\t<\/a>\n\n\t\t\t\t<\/div>\n\t\t\t\t\t<\/div>\n\t\t<\/article>\n\t\t\t\t<article class=\"elementor-post elementor-grid-item post-6431 post type-post status-publish format-standard has-post-thumbnail hentry category-uncategorized\" role=\"listitem\">\n\t\t\t<div class=\"elementor-post__card\">\n\t\t\t\t<a class=\"elementor-post__thumbnail__link\" href=\"https:\/\/serverartseven.com.br\/rollcenter\/qual-a-diferenca-entre-uma-correia-de-2-e-3-lonas\/\" tabindex=\"-1\" ><div class=\"elementor-post__thumbnail\"><img loading=\"lazy\" decoding=\"async\" width=\"800\" height=\"280\" src=\"https:\/\/serverartseven.com.br\/rollcenter\/wp-content\/uploads\/2025\/12\/01-roll-center_blog_dez_diferenca-de-correias-1.png\" class=\"attachment-full size-full wp-image-6432\" alt=\"\" srcset=\"https:\/\/serverartseven.com.br\/rollcenter\/wp-content\/uploads\/2025\/12\/01-roll-center_blog_dez_diferenca-de-correias-1.png 800w, https:\/\/serverartseven.com.br\/rollcenter\/wp-content\/uploads\/2025\/12\/01-roll-center_blog_dez_diferenca-de-correias-1-300x105.png 300w, https:\/\/serverartseven.com.br\/rollcenter\/wp-content\/uploads\/2025\/12\/01-roll-center_blog_dez_diferenca-de-correias-1-768x269.png 768w\" sizes=\"(max-width: 800px) 100vw, 800px\" \/><\/div><\/a>\n\t\t\t\t<div class=\"elementor-post__badge\">Uncategorized<\/div>\n\t\t\t\t<div class=\"elementor-post__text\">\n\t\t\t\t<h3 class=\"elementor-post__title\">\n\t\t\t<a href=\"https:\/\/serverartseven.com.br\/rollcenter\/qual-a-diferenca-entre-uma-correia-de-2-e-3-lonas\/\" >\n\t\t\t\tQual a diferen\u00e7a entre uma correia de 2 e 3 lonas?\t\t\t<\/a>\n\t\t<\/h3>\n\t\t\t\t<div class=\"elementor-post__excerpt\">\n\t\t\t<p>Na hora de especificar uma correia transportadora com carca\u00e7a t\u00eaxtil (EP\/NN), a quantidade de lonas \u00e9 um dos pontos que<\/p>\n\t\t<\/div>\n\t\t\n\t\t<a class=\"elementor-post__read-more\" href=\"https:\/\/serverartseven.com.br\/rollcenter\/qual-a-diferenca-entre-uma-correia-de-2-e-3-lonas\/\" aria-label=\"Leia mais sobre Qual a diferen\u00e7a entre uma correia de 2 e 3 lonas?\" tabindex=\"-1\" >\n\t\t\tLeia mais \u00bb\t\t<\/a>\n\n\t\t\t\t<\/div>\n\t\t\t\t\t<\/div>\n\t\t<\/article>\n\t\t\t\t<article class=\"elementor-post elementor-grid-item post-6428 post type-post status-publish format-standard has-post-thumbnail hentry category-uncategorized\" role=\"listitem\">\n\t\t\t<div class=\"elementor-post__card\">\n\t\t\t\t<a class=\"elementor-post__thumbnail__link\" href=\"https:\/\/serverartseven.com.br\/rollcenter\/6428-2\/\" tabindex=\"-1\" ><div class=\"elementor-post__thumbnail\"><img loading=\"lazy\" decoding=\"async\" width=\"800\" height=\"280\" src=\"https:\/\/serverartseven.com.br\/rollcenter\/wp-content\/uploads\/2025\/12\/02-roll-center_blog_dez_linha-parada.png\" class=\"attachment-full size-full wp-image-6429\" alt=\"\" srcset=\"https:\/\/serverartseven.com.br\/rollcenter\/wp-content\/uploads\/2025\/12\/02-roll-center_blog_dez_linha-parada.png 800w, https:\/\/serverartseven.com.br\/rollcenter\/wp-content\/uploads\/2025\/12\/02-roll-center_blog_dez_linha-parada-300x105.png 300w, https:\/\/serverartseven.com.br\/rollcenter\/wp-content\/uploads\/2025\/12\/02-roll-center_blog_dez_linha-parada-768x269.png 768w\" sizes=\"(max-width: 800px) 100vw, 800px\" \/><\/div><\/a>\n\t\t\t\t<div class=\"elementor-post__badge\">Uncategorized<\/div>\n\t\t\t\t<div class=\"elementor-post__text\">\n\t\t\t\t<h3 class=\"elementor-post__title\">\n\t\t\t<a href=\"https:\/\/serverartseven.com.br\/rollcenter\/6428-2\/\" >\n\t\t\t\t\t\t\t<\/a>\n\t\t<\/h3>\n\t\t\t\t<div class=\"elementor-post__excerpt\">\n\t\t\t<p>Componentes em linha parada: Por que prever a reposi\u00e7\u00e3o faz diferen\u00e7a Em qualquer opera\u00e7\u00e3o industrial, linha parada \u00e9 sin\u00f4nimo de<\/p>\n\t\t<\/div>\n\t\t\n\t\t<a class=\"elementor-post__read-more\" href=\"https:\/\/serverartseven.com.br\/rollcenter\/6428-2\/\" aria-label=\"Leia mais sobre \" tabindex=\"-1\" >\n\t\t\tLeia mais \u00bb\t\t<\/a>\n\n\t\t\t\t<\/div>\n\t\t\t\t\t<\/div>\n\t\t<\/article>\n\t\t\t\t<article class=\"elementor-post elementor-grid-item post-6421 post type-post status-publish format-standard has-post-thumbnail hentry category-uncategorized\" role=\"listitem\">\n\t\t\t<div class=\"elementor-post__card\">\n\t\t\t\t<a class=\"elementor-post__thumbnail__link\" href=\"https:\/\/serverartseven.com.br\/rollcenter\/como-o-alinhamento-entre-redutor-roletes-e-motor-evita-paradas-na-producao\/\" tabindex=\"-1\" ><div class=\"elementor-post__thumbnail\"><img loading=\"lazy\" decoding=\"async\" width=\"1427\" height=\"500\" src=\"https:\/\/serverartseven.com.br\/rollcenter\/wp-content\/uploads\/2025\/11\/02_blog_nov_rollcenter_evitaparadas.png\" class=\"attachment-full size-full wp-image-6422\" alt=\"\" srcset=\"https:\/\/serverartseven.com.br\/rollcenter\/wp-content\/uploads\/2025\/11\/02_blog_nov_rollcenter_evitaparadas.png 1427w, https:\/\/serverartseven.com.br\/rollcenter\/wp-content\/uploads\/2025\/11\/02_blog_nov_rollcenter_evitaparadas-300x105.png 300w, https:\/\/serverartseven.com.br\/rollcenter\/wp-content\/uploads\/2025\/11\/02_blog_nov_rollcenter_evitaparadas-1024x359.png 1024w, https:\/\/serverartseven.com.br\/rollcenter\/wp-content\/uploads\/2025\/11\/02_blog_nov_rollcenter_evitaparadas-768x269.png 768w\" sizes=\"(max-width: 1427px) 100vw, 1427px\" \/><\/div><\/a>\n\t\t\t\t<div class=\"elementor-post__badge\">Uncategorized<\/div>\n\t\t\t\t<div class=\"elementor-post__text\">\n\t\t\t\t<h3 class=\"elementor-post__title\">\n\t\t\t<a href=\"https:\/\/serverartseven.com.br\/rollcenter\/como-o-alinhamento-entre-redutor-roletes-e-motor-evita-paradas-na-producao\/\" >\n\t\t\t\tComo o alinhamento entre Redutor, Roletes e Motor evita paradas na produ\u00e7\u00e3o\t\t\t<\/a>\n\t\t<\/h3>\n\t\t\t\t<div class=\"elementor-post__excerpt\">\n\t\t\t<p>Em um transportador, motor, redutor e roletes formam o \u201ctri\u00e2ngulo de estabilidade\u201d da correia.&nbsp; Quando esse conjunto est\u00e1 corretamente especificado<\/p>\n\t\t<\/div>\n\t\t\n\t\t<a class=\"elementor-post__read-more\" href=\"https:\/\/serverartseven.com.br\/rollcenter\/como-o-alinhamento-entre-redutor-roletes-e-motor-evita-paradas-na-producao\/\" aria-label=\"Leia mais sobre Como o alinhamento entre Redutor, Roletes e Motor evita paradas na produ\u00e7\u00e3o\" tabindex=\"-1\" >\n\t\t\tLeia mais \u00bb\t\t<\/a>\n\n\t\t\t\t<\/div>\n\t\t\t\t\t<\/div>\n\t\t<\/article>\n\t\t\t\t<article class=\"elementor-post elementor-grid-item post-6418 post type-post status-publish format-standard has-post-thumbnail hentry category-uncategorized\" role=\"listitem\">\n\t\t\t<div class=\"elementor-post__card\">\n\t\t\t\t<a class=\"elementor-post__thumbnail__link\" href=\"https:\/\/serverartseven.com.br\/rollcenter\/guia-completo-para-escolher-a-correia-transportadora-ideal-para-a-sua-operacao\/\" tabindex=\"-1\" ><div class=\"elementor-post__thumbnail\"><img loading=\"lazy\" decoding=\"async\" width=\"1427\" height=\"500\" src=\"https:\/\/serverartseven.com.br\/rollcenter\/wp-content\/uploads\/2025\/11\/01_BLOG_NOV_GUIA.png\" class=\"attachment-full size-full wp-image-6419\" alt=\"\" srcset=\"https:\/\/serverartseven.com.br\/rollcenter\/wp-content\/uploads\/2025\/11\/01_BLOG_NOV_GUIA.png 1427w, https:\/\/serverartseven.com.br\/rollcenter\/wp-content\/uploads\/2025\/11\/01_BLOG_NOV_GUIA-300x105.png 300w, https:\/\/serverartseven.com.br\/rollcenter\/wp-content\/uploads\/2025\/11\/01_BLOG_NOV_GUIA-1024x359.png 1024w, https:\/\/serverartseven.com.br\/rollcenter\/wp-content\/uploads\/2025\/11\/01_BLOG_NOV_GUIA-768x269.png 768w\" sizes=\"(max-width: 1427px) 100vw, 1427px\" \/><\/div><\/a>\n\t\t\t\t<div class=\"elementor-post__badge\">Uncategorized<\/div>\n\t\t\t\t<div class=\"elementor-post__text\">\n\t\t\t\t<h3 class=\"elementor-post__title\">\n\t\t\t<a href=\"https:\/\/serverartseven.com.br\/rollcenter\/guia-completo-para-escolher-a-correia-transportadora-ideal-para-a-sua-operacao\/\" >\n\t\t\t\tGuia completo para escolher a Correia Transportadora ideal para a sua opera\u00e7\u00e3o\t\t\t<\/a>\n\t\t<\/h3>\n\t\t\t\t<div class=\"elementor-post__excerpt\">\n\t\t\t<p>Quando o assunto \u00e9 transporte de materiais a granel, escolher a correia transportadora ideal significa garantir produtividade, seguran\u00e7a e economia.&nbsp;<\/p>\n\t\t<\/div>\n\t\t\n\t\t<a class=\"elementor-post__read-more\" href=\"https:\/\/serverartseven.com.br\/rollcenter\/guia-completo-para-escolher-a-correia-transportadora-ideal-para-a-sua-operacao\/\" aria-label=\"Leia mais sobre Guia completo para escolher a Correia Transportadora ideal para a sua opera\u00e7\u00e3o\" tabindex=\"-1\" >\n\t\t\tLeia mais \u00bb\t\t<\/a>\n\n\t\t\t\t<\/div>\n\t\t\t\t\t<\/div>\n\t\t<\/article>\n\t\t\t\t<article class=\"elementor-post elementor-grid-item post-6317 post type-post status-publish format-standard has-post-thumbnail hentry category-industria\" role=\"listitem\">\n\t\t\t<div class=\"elementor-post__card\">\n\t\t\t\t<a class=\"elementor-post__thumbnail__link\" href=\"https:\/\/serverartseven.com.br\/rollcenter\/fornecimento-industrial-roll-center\/\" tabindex=\"-1\" ><div class=\"elementor-post__thumbnail\"><img loading=\"lazy\" decoding=\"async\" width=\"1427\" height=\"500\" src=\"https:\/\/serverartseven.com.br\/rollcenter\/wp-content\/uploads\/2025\/08\/2.jpg\" class=\"attachment-full size-full wp-image-6318\" alt=\"\" srcset=\"https:\/\/serverartseven.com.br\/rollcenter\/wp-content\/uploads\/2025\/08\/2.jpg 1427w, https:\/\/serverartseven.com.br\/rollcenter\/wp-content\/uploads\/2025\/08\/2-300x105.jpg 300w, https:\/\/serverartseven.com.br\/rollcenter\/wp-content\/uploads\/2025\/08\/2-1024x359.jpg 1024w, https:\/\/serverartseven.com.br\/rollcenter\/wp-content\/uploads\/2025\/08\/2-768x269.jpg 768w\" sizes=\"(max-width: 1427px) 100vw, 1427px\" \/><\/div><\/a>\n\t\t\t\t<div class=\"elementor-post__badge\">Industria<\/div>\n\t\t\t\t<div class=\"elementor-post__text\">\n\t\t\t\t<h3 class=\"elementor-post__title\">\n\t\t\t<a href=\"https:\/\/serverartseven.com.br\/rollcenter\/fornecimento-industrial-roll-center\/\" >\n\t\t\t\tO fornecimento industrial que move grandes opera\u00e7\u00f5es\t\t\t<\/a>\n\t\t<\/h3>\n\t\t\t\t<div class=\"elementor-post__excerpt\">\n\t\t\t<p>Por tr\u00e1s de uma opera\u00e7\u00e3o que n\u00e3o pode parar, existe uma estrutura que n\u00e3o falha. Justamente por isso, a Roll<\/p>\n\t\t<\/div>\n\t\t\n\t\t<a class=\"elementor-post__read-more\" href=\"https:\/\/serverartseven.com.br\/rollcenter\/fornecimento-industrial-roll-center\/\" aria-label=\"Leia mais sobre O fornecimento industrial que move grandes opera\u00e7\u00f5es\" tabindex=\"-1\" >\n\t\t\tLeia mais \u00bb\t\t<\/a>\n\n\t\t\t\t<\/div>\n\t\t\t\t\t<\/div>\n\t\t<\/article>\n\t\t\t\t<article class=\"elementor-post elementor-grid-item post-6313 post type-post status-publish format-standard has-post-thumbnail hentry category-industria category-uncategorized\" role=\"listitem\">\n\t\t\t<div class=\"elementor-post__card\">\n\t\t\t\t<a class=\"elementor-post__thumbnail__link\" href=\"https:\/\/serverartseven.com.br\/rollcenter\/redutor-para-abrasao-severa\/\" tabindex=\"-1\" ><div class=\"elementor-post__thumbnail\"><img loading=\"lazy\" decoding=\"async\" width=\"1427\" height=\"500\" src=\"https:\/\/serverartseven.com.br\/rollcenter\/wp-content\/uploads\/2025\/08\/1.png\" class=\"attachment-full size-full wp-image-6315\" alt=\"\" srcset=\"https:\/\/serverartseven.com.br\/rollcenter\/wp-content\/uploads\/2025\/08\/1.png 1427w, https:\/\/serverartseven.com.br\/rollcenter\/wp-content\/uploads\/2025\/08\/1-300x105.png 300w, https:\/\/serverartseven.com.br\/rollcenter\/wp-content\/uploads\/2025\/08\/1-1024x359.png 1024w, https:\/\/serverartseven.com.br\/rollcenter\/wp-content\/uploads\/2025\/08\/1-768x269.png 768w\" sizes=\"(max-width: 1427px) 100vw, 1427px\" \/><\/div><\/a>\n\t\t\t\t<div class=\"elementor-post__badge\">Industria<\/div>\n\t\t\t\t<div class=\"elementor-post__text\">\n\t\t\t\t<h3 class=\"elementor-post__title\">\n\t\t\t<a href=\"https:\/\/serverartseven.com.br\/rollcenter\/redutor-para-abrasao-severa\/\" >\n\t\t\t\tRedutor para abras\u00e3o severa: como escolher o ideal?\t\t\t<\/a>\n\t\t<\/h3>\n\t\t\t\t<div class=\"elementor-post__excerpt\">\n\t\t\t<p>No setor industrial, o ambiente determina diretamente o desempenho das m\u00e1quinas. Por isso, quando falamos de opera\u00e7\u00f5es com alto n\u00edvel<\/p>\n\t\t<\/div>\n\t\t\n\t\t<a class=\"elementor-post__read-more\" href=\"https:\/\/serverartseven.com.br\/rollcenter\/redutor-para-abrasao-severa\/\" aria-label=\"Leia mais sobre Redutor para abras\u00e3o severa: como escolher o ideal?\" tabindex=\"-1\" >\n\t\t\tLeia mais \u00bb\t\t<\/a>\n\n\t\t\t\t<\/div>\n\t\t\t\t\t<\/div>\n\t\t<\/article>\n\t\t\t\t<\/div>\n\t\t\n\t\t\t\t\t\t<\/div>\n\t\t\t\t<\/div>\n\t\t\t\t\t<\/div>\n\t\t\t\t<\/div>\n\t\t\t\t<\/div>\n\t\t","protected":false},"excerpt":{"rendered":"<p>Blog Roll Center Descubra todas as novidades e fique por dentro dos conte\u00fados do blog, acompanhando tend\u00eancias do setor com [&hellip;]<\/p>\n","protected":false},"author":1,"featured_media":0,"parent":0,"menu_order":0,"comment_status":"closed","ping_status":"closed","template":"elementor_header_footer","meta":{"site-sidebar-layout":"no-sidebar","site-content-layout":"","ast-site-content-layout":"full-width-container","site-content-style":"default","site-sidebar-style":"default","ast-global-header-display":"","ast-banner-title-visibility":"","ast-main-header-display":"","ast-hfb-above-header-display":"","ast-hfb-below-header-display":"","ast-hfb-mobile-header-display":"","site-post-title":"","ast-breadcrumbs-content":"","ast-featured-img":"disabled","footer-sml-layout":"","ast-disable-related-posts":"","theme-transparent-header-meta":"","adv-header-id-meta":"","stick-header-meta":"","header-above-stick-meta":"","header-main-stick-meta":"","header-below-stick-meta":"","astra-migrate-meta-layouts":"default","ast-page-background-enabled":"default","ast-page-background-meta":{"desktop":{"background-color":"var(--ast-global-color-5)","background-image":"","background-repeat":"repeat","background-position":"center center","background-size":"auto","background-attachment":"scroll","background-type":"","background-media":"","overlay-type":"","overlay-color":"","overlay-opacity":"","overlay-gradient":""},"tablet":{"background-color":"","background-image":"","background-repeat":"repeat","background-position":"center center","background-size":"auto","background-attachment":"scroll","background-type":"","background-media":"","overlay-type":"","overlay-color":"","overlay-opacity":"","overlay-gradient":""},"mobile":{"background-color":"","background-image":"","background-repeat":"repeat","background-position":"center center","background-size":"auto","background-attachment":"scroll","background-type":"","background-media":"","overlay-type":"","overlay-color":"","overlay-opacity":"","overlay-gradient":""}},"ast-content-background-meta":{"desktop":{"background-color":"var(--ast-global-color-4)","background-image":"","background-repeat":"repeat","background-position":"center center","background-size":"auto","background-attachment":"scroll","background-type":"","background-media":"","overlay-type":"","overlay-color":"","overlay-opacity":"","overlay-gradient":""},"tablet":{"background-color":"var(--ast-global-color-4)","background-image":"","background-repeat":"repeat","background-position":"center center","background-size":"auto","background-attachment":"scroll","background-type":"","background-media":"","overlay-type":"","overlay-color":"","overlay-opacity":"","overlay-gradient":""},"mobile":{"background-color":"var(--ast-global-color-4)","background-image":"","background-repeat":"repeat","background-position":"center center","background-size":"auto","background-attachment":"scroll","background-type":"","background-media":"","overlay-type":"","overlay-color":"","overlay-opacity":"","overlay-gradient":""}},"footnotes":""},"class_list":["post-34","page","type-page","status-publish","hentry"],"_hostinger_reach_plugin_has_subscription_block":false,"_hostinger_reach_plugin_is_elementor":false,"_links":{"self":[{"href":"https:\/\/serverartseven.com.br\/rollcenter\/wp-json\/wp\/v2\/pages\/34","targetHints":{"allow":["GET"]}}],"collection":[{"href":"https:\/\/serverartseven.com.br\/rollcenter\/wp-json\/wp\/v2\/pages"}],"about":[{"href":"https:\/\/serverartseven.com.br\/rollcenter\/wp-json\/wp\/v2\/types\/page"}],"author":[{"embeddable":true,"href":"https:\/\/serverartseven.com.br\/rollcenter\/wp-json\/wp\/v2\/users\/1"}],"replies":[{"embeddable":true,"href":"https:\/\/serverartseven.com.br\/rollcenter\/wp-json\/wp\/v2\/comments?post=34"}],"version-history":[{"count":31,"href":"https:\/\/serverartseven.com.br\/rollcenter\/wp-json\/wp\/v2\/pages\/34\/revisions"}],"predecessor-version":[{"id":6791,"href":"https:\/\/serverartseven.com.br\/rollcenter\/wp-json\/wp\/v2\/pages\/34\/revisions\/6791"}],"wp:attachment":[{"href":"https:\/\/serverartseven.com.br\/rollcenter\/wp-json\/wp\/v2\/media?parent=34"}],"curies":[{"name":"wp","href":"https:\/\/api.w.org\/{rel}","templated":true}]}}